{"id":994,"date":"2026-05-11T00:06:02","date_gmt":"2026-05-10T22:06:02","guid":{"rendered":"http:\/\/eosart.ch.w0153304.kasserver.com\/produkt\/entwicklungsgang-des-maikaefers-mit-3jaehriger-generation\/"},"modified":"2026-05-11T00:06:21","modified_gmt":"2026-05-10T22:06:21","slug":"entwicklungsgang-des-maikaefers-mit-3jaehriger-generation","status":"publish","type":"product","link":"https:\/\/www.eosart.ch\/en\/produkt\/entwicklungsgang-des-maikaefers-mit-3jaehriger-generation\/","title":{"rendered":"Entwicklungsgang des Maik\u00e4fers mit 3j\u00e4hriger Generation."},"content":{"rendered":"<p>  Entwicklungsgang des Maik\u00e4fers mit 3j\u00e4hriger Generation.\u00a0 Z\u00fcrich,  Art. Intitut Orell F\u00fcssli,  ca. 1950. Auf Leinen mont., farb., doppelblattgr. Illustr. mit 6 Metall\u00f6sen u. 2 Metallhaken.  Bildgr\u00f6sse: 138 x 68 cm.  Blattgr\u00f6sse: 140 x 70 cm.  (Tafel mit gr\u00f6sserem  Wasserfleck am oberen Rand in Bildmitte, obere Ecken etwas knitterfaltig).<br \/>\nSchulwandbild.<\/p>\n<p>+ Wichtig: F\u00fcr unsere Kunden in der EU erfolgt der Versand alle 14 Tage verzollt ab Deutschland \/ Postbank-Konto in Deutschland vorhanden +<\/p>\n<p><strong>Bestellnummer<\/strong>: 1388AG<\/p>\n<p><span class=\"schlagwort\">Schulwandbilder \/ Wall charts, Insekten &#8211; Entomologie \/ Insects &#8211; Entomology, Naturwissenschaften \/ Natural Sciences, Schulwandbild \/ Wall chart<\/span><\/p>\n","protected":false},"excerpt":{"rendered":"<p>    Entwicklungsgang des Maik\u00e4fers mit 3j\u00e4hriger Generation.<\/p>\n","protected":false},"featured_media":3073020,"comment_status":"closed","ping_status":"open","template":"","meta":[],"product_brand":[],"product_cat":[146],"product_tag":[],"class_list":{"0":"post-994","1":"product","2":"type-product","3":"status-publish","4":"has-post-thumbnail","6":"product_cat-schulwandbilder-wall-charts","8":"first","9":"instock","10":"purchasable","11":"product-type-simple"},"aioseo_notices":[],"_links":{"self":[{"href":"https:\/\/www.eosart.ch\/en\/wp-json\/wp\/v2\/product\/994","targetHints":{"allow":["GET"]}}],"collection":[{"href":"https:\/\/www.eosart.ch\/en\/wp-json\/wp\/v2\/product"}],"about":[{"href":"https:\/\/www.eosart.ch\/en\/wp-json\/wp\/v2\/types\/product"}],"replies":[{"embeddable":true,"href":"https:\/\/www.eosart.ch\/en\/wp-json\/wp\/v2\/comments?post=994"}],"wp:featuredmedia":[{"embeddable":true,"href":"https:\/\/www.eosart.ch\/en\/wp-json\/wp\/v2\/media\/3073020"}],"wp:attachment":[{"href":"https:\/\/www.eosart.ch\/en\/wp-json\/wp\/v2\/media?parent=994"}],"wp:term":[{"taxonomy":"product_brand","embeddable":true,"href":"https:\/\/www.eosart.ch\/en\/wp-json\/wp\/v2\/product_brand?post=994"},{"taxonomy":"product_cat","embeddable":true,"href":"https:\/\/www.eosart.ch\/en\/wp-json\/wp\/v2\/product_cat?post=994"},{"taxonomy":"product_tag","embeddable":true,"href":"https:\/\/www.eosart.ch\/en\/wp-json\/wp\/v2\/product_tag?post=994"}],"curies":[{"name":"wp","href":"https:\/\/api.w.org\/{rel}","templated":true}]}}