{"id":933932,"date":"2026-04-15T01:55:42","date_gmt":"2026-04-14T23:55:42","guid":{"rendered":"https:\/\/www.eosart.ch\/produkt\/pohler-r-stadt-mit-bruecke-im-vordergrund\/"},"modified":"2026-04-15T01:55:42","modified_gmt":"2026-04-14T23:55:42","slug":"pohler-r-kathedrale-und-muesnster-von-lausanne-mit-placce-st-francois-und-bruecke-im-vordergrund","status":"publish","type":"product","link":"https:\/\/www.eosart.ch\/en\/produkt\/pohler-r-kathedrale-und-muesnster-von-lausanne-mit-placce-st-francois-und-bruecke-im-vordergrund\/","title":{"rendered":"Pohler, R.: Kathedrale und M\u00fcsnster von Lausanne mit Placce St. Fran\u00e7ois und Br\u00fccke im Vordergrund."},"content":{"rendered":"<p>\u00a0\u00a0 Lausanne.- \u00a0\u00a0 Pohler, R.: Kathedrale und M\u00fcsnster von Lausanne mit Placce St. Fran\u00e7ois und Br\u00fccke im Vordergrund.\u00a0  Aquarell. Blattgr\u00f6sse: 44 x 31 cm.<br \/>\n+ Wichtig: F\u00fcr unsere Kunden in der EU erfolgt der Versand alle 14 Tage verzollt ab Deutschland \/ Postbank-Konto in Deutschland vorhanden +<\/p>\n<p><strong>Bestellnummer<\/strong>: 1790AG<\/p>\n<p><span class=\"schlagwort\">Originale \/ Originals, Aquarell  \/ Watercolour, Helvetica \u2013 Schweiz \/ Books and prints pertaining Switzerland, Lausanne, Waadt Kanton<\/span><\/p>\n","protected":false},"excerpt":{"rendered":"<p>   Pohler, R.: Kathedrale und M\u00fcsnster von Lausanne mit Placce St. Fran\u00e7ois und Br\u00fccke im Vordergrund.<\/p>\n","protected":false},"featured_media":3047531,"comment_status":"closed","ping_status":"open","template":"","meta":[],"product_brand":[],"product_cat":[160],"product_tag":[],"class_list":{"0":"post-933932","1":"product","2":"type-product","3":"status-publish","4":"has-post-thumbnail","6":"product_cat-originale-originals","8":"first","9":"instock","10":"purchasable","11":"product-type-simple"},"aioseo_notices":[],"_links":{"self":[{"href":"https:\/\/www.eosart.ch\/en\/wp-json\/wp\/v2\/product\/933932","targetHints":{"allow":["GET"]}}],"collection":[{"href":"https:\/\/www.eosart.ch\/en\/wp-json\/wp\/v2\/product"}],"about":[{"href":"https:\/\/www.eosart.ch\/en\/wp-json\/wp\/v2\/types\/product"}],"replies":[{"embeddable":true,"href":"https:\/\/www.eosart.ch\/en\/wp-json\/wp\/v2\/comments?post=933932"}],"wp:featuredmedia":[{"embeddable":true,"href":"https:\/\/www.eosart.ch\/en\/wp-json\/wp\/v2\/media\/3047531"}],"wp:attachment":[{"href":"https:\/\/www.eosart.ch\/en\/wp-json\/wp\/v2\/media?parent=933932"}],"wp:term":[{"taxonomy":"product_brand","embeddable":true,"href":"https:\/\/www.eosart.ch\/en\/wp-json\/wp\/v2\/product_brand?post=933932"},{"taxonomy":"product_cat","embeddable":true,"href":"https:\/\/www.eosart.ch\/en\/wp-json\/wp\/v2\/product_cat?post=933932"},{"taxonomy":"product_tag","embeddable":true,"href":"https:\/\/www.eosart.ch\/en\/wp-json\/wp\/v2\/product_tag?post=933932"}],"curies":[{"name":"wp","href":"https:\/\/api.w.org\/{rel}","templated":true}]}}