{"id":921,"date":"2026-04-29T00:10:02","date_gmt":"2026-04-28T22:10:02","guid":{"rendered":"http:\/\/eosart.ch.w0153304.kasserver.com\/produkt\/anonym-huehnerhof-szene-auf-dem-bauernhof-mit-hennen-kuecken-und-huehnern\/"},"modified":"2026-04-29T00:11:02","modified_gmt":"2026-04-28T22:11:02","slug":"huehnerhof-szene-auf-dem-bauernhof-mit-hennen-kuecken-und-huehnern","status":"publish","type":"product","link":"https:\/\/www.eosart.ch\/en\/produkt\/huehnerhof-szene-auf-dem-bauernhof-mit-hennen-kuecken-und-huehnern\/","title":{"rendered":"H\u00fchnerhof &#8211; Szene auf dem Bauernhof mit Hennen, K\u00fccken und H\u00fchnern."},"content":{"rendered":"<p>  H\u00fchnerhof &#8211; Szene auf dem Bauernhof mit Hennen, K\u00fccken und H\u00fchnern.\u00a0  Farbige Lithographie auf starkem Papier 64 x 89 cm.<br \/>\nUnten links mit den Initialen des K\u00fcnstlers: H.SCH.<\/p>\n<p>+ Wichtig: F\u00fcr unsere Kunden in der EU erfolgt der Versand alle 14 Tage verzollt ab Deutschland \/ Postbank-Konto in Deutschland vorhanden +<\/p>\n<p><strong>Bestellnummer<\/strong>: 666CG<\/p>\n<p><span class=\"schlagwort\">Schulwandbilder \/ Wall charts, Agrikultur &#8211; Landwirtschaft \/ Agriculture, Berufe + Handwerk \/ Arts and crafts, Gefl\u00fcgelhaltung \/ Poultry farming, Naturwissenschaften \/ Natural Sciences, V\u00f6gel &#8211; Ornithologie \/ Birds &#8211; Ornithology, Zoologie \/ Zoology<\/span><\/p>\n","protected":false},"excerpt":{"rendered":"<p>    H\u00fchnerhof &#8211; Szene auf dem Bauernhof mit Hennen, K\u00fccken und H\u00fchnern.<\/p>\n","protected":false},"featured_media":2268120,"comment_status":"closed","ping_status":"open","template":"","meta":[],"product_brand":[],"product_cat":[146],"product_tag":[],"class_list":{"0":"post-921","1":"product","2":"type-product","3":"status-publish","4":"has-post-thumbnail","6":"product_cat-schulwandbilder-wall-charts","8":"first","9":"instock","10":"purchasable","11":"product-type-simple"},"aioseo_notices":[],"_links":{"self":[{"href":"https:\/\/www.eosart.ch\/en\/wp-json\/wp\/v2\/product\/921","targetHints":{"allow":["GET"]}}],"collection":[{"href":"https:\/\/www.eosart.ch\/en\/wp-json\/wp\/v2\/product"}],"about":[{"href":"https:\/\/www.eosart.ch\/en\/wp-json\/wp\/v2\/types\/product"}],"replies":[{"embeddable":true,"href":"https:\/\/www.eosart.ch\/en\/wp-json\/wp\/v2\/comments?post=921"}],"wp:featuredmedia":[{"embeddable":true,"href":"https:\/\/www.eosart.ch\/en\/wp-json\/wp\/v2\/media\/2268120"}],"wp:attachment":[{"href":"https:\/\/www.eosart.ch\/en\/wp-json\/wp\/v2\/media?parent=921"}],"wp:term":[{"taxonomy":"product_brand","embeddable":true,"href":"https:\/\/www.eosart.ch\/en\/wp-json\/wp\/v2\/product_brand?post=921"},{"taxonomy":"product_cat","embeddable":true,"href":"https:\/\/www.eosart.ch\/en\/wp-json\/wp\/v2\/product_cat?post=921"},{"taxonomy":"product_tag","embeddable":true,"href":"https:\/\/www.eosart.ch\/en\/wp-json\/wp\/v2\/product_tag?post=921"}],"curies":[{"name":"wp","href":"https:\/\/api.w.org\/{rel}","templated":true}]}}