{"id":772282,"date":"2026-04-12T01:42:01","date_gmt":"2026-04-11T23:42:01","guid":{"rendered":"https:\/\/www.eosart.ch\/produkt\/steinbruechel-johann-jakob-1729-1796-origineller-brief-an-einen-arzt-wegen-dessen-brod-und-wasserkur-gegen-den-reissenden-stein-der-den-zunftmeister-hans-conrad-hirzel-getroffen-hat\/"},"modified":"2026-04-12T01:43:05","modified_gmt":"2026-04-11T23:43:05","slug":"steinbruechel-johann-jakob-1729-1796-origineller-brief-an-einen-arzt-wegen-dessen-brod-und-wasserkur-gegen-den-reissenden-stein-der-den-zunftmeister-hans-conrad-hirzel-getroffen-hat","status":"publish","type":"product","link":"https:\/\/www.eosart.ch\/en\/produkt\/steinbruechel-johann-jakob-1729-1796-origineller-brief-an-einen-arzt-wegen-dessen-brod-und-wasserkur-gegen-den-reissenden-stein-der-den-zunftmeister-hans-conrad-hirzel-getroffen-hat\/","title":{"rendered":"Steinbr\u00fcchel, Johann Jakob. (1729 \u2013 1796). Origineller Brief an einen Arzt wegen dessen Brod- und Wasserkur gegen den &#8220;reissenden Stein&#8221;, der den Zunftmeister Hans Conrad Hirzel getroffen hat."},"content":{"rendered":"<p> \u00a0\u00a0 Steinbr\u00fcchel, Johann Jakob. (1729 \u2013 1796). Origineller Brief an einen Arzt wegen dessen Brod- und Wasserkur gegen den &#8220;reissenden Stein&#8221;, der den Zunftmeister Hans Conrad Hirzel getroffen hat.\u00a0 Z\u00fcrich. 8. XII. 1759. Eigenh\u00e4ndiger 2-seitiger Brief. Blattgr\u00f6sse: 19 x 23.5 cm.<br \/>\nJohann Jakob Steinbr\u00fcchel war ein Z\u00fcrcher Philologe, Schriftstelle und \u00dcbersetzer (Sophokles, Euripides, etc.)<\/p>\n<p>+ Wichtig: F\u00fcr unsere Kunden in der EU erfolgt der Versand alle 14 Tage verzollt ab Deutschland \/ Postbank-Konto in Deutschland vorhanden +<\/p>\n<p><strong>Bestellnummer<\/strong>: 736DG<\/p>\n<p><span class=\"schlagwort\">Originale \/ Originals, Autograph &#8211; Handschrift \/ Autograph &#8211; Manuscript, Helvetica \u2013 Schweiz \/ Books and prints pertaining Switzerland, Medizin \/ Medicine, Zunftwesen \u2013 Z\u00fcnfte<\/span><\/p>\n","protected":false},"excerpt":{"rendered":"<p>   Steinbr\u00fcchel, Johann Jakob. (1729 \u2013 1796). Origineller Brief an einen Arzt wegen dessen Brod- und Wasserkur gegen den &#8220;reissenden Stein&#8221;, der den Zunftmeister Hans Conrad Hirzel getroffen hat.<\/p>\n","protected":false},"featured_media":3044590,"comment_status":"closed","ping_status":"open","template":"","meta":[],"product_brand":[],"product_cat":[160],"product_tag":[],"class_list":{"0":"post-772282","1":"product","2":"type-product","3":"status-publish","4":"has-post-thumbnail","6":"product_cat-originale-originals","8":"first","9":"instock","10":"purchasable","11":"product-type-simple"},"aioseo_notices":[],"_links":{"self":[{"href":"https:\/\/www.eosart.ch\/en\/wp-json\/wp\/v2\/product\/772282","targetHints":{"allow":["GET"]}}],"collection":[{"href":"https:\/\/www.eosart.ch\/en\/wp-json\/wp\/v2\/product"}],"about":[{"href":"https:\/\/www.eosart.ch\/en\/wp-json\/wp\/v2\/types\/product"}],"replies":[{"embeddable":true,"href":"https:\/\/www.eosart.ch\/en\/wp-json\/wp\/v2\/comments?post=772282"}],"wp:featuredmedia":[{"embeddable":true,"href":"https:\/\/www.eosart.ch\/en\/wp-json\/wp\/v2\/media\/3044590"}],"wp:attachment":[{"href":"https:\/\/www.eosart.ch\/en\/wp-json\/wp\/v2\/media?parent=772282"}],"wp:term":[{"taxonomy":"product_brand","embeddable":true,"href":"https:\/\/www.eosart.ch\/en\/wp-json\/wp\/v2\/product_brand?post=772282"},{"taxonomy":"product_cat","embeddable":true,"href":"https:\/\/www.eosart.ch\/en\/wp-json\/wp\/v2\/product_cat?post=772282"},{"taxonomy":"product_tag","embeddable":true,"href":"https:\/\/www.eosart.ch\/en\/wp-json\/wp\/v2\/product_tag?post=772282"}],"curies":[{"name":"wp","href":"https:\/\/api.w.org\/{rel}","templated":true}]}}