{"id":641483,"date":"2026-04-17T02:14:01","date_gmt":"2026-04-17T00:14:01","guid":{"rendered":"https:\/\/www.eosart.ch\/produkt\/murer-josef-der-uralten-wytbekannten-statt-zuerich-gestalt-und-gelaegenheit-wie-sy-zu-diser-zyt-in-waesen-ufgerissen-und-in-grund-gelegt-durch-josefen-murer-und-durch-christoffel-froschower-zu-e\/"},"modified":"2026-04-17T02:14:25","modified_gmt":"2026-04-17T00:14:25","slug":"murer-josef-der-uralten-wytbekannten-statt-zuerich-gestalt-und-gelaegenheit-wie-sy-zu-diser-zyt-in-waesen-ufgerissen-und-in-grund-gelegt-durch-josefen-murer-und-durch-christoffel-froschower-zu-e","status":"publish","type":"product","link":"https:\/\/www.eosart.ch\/en\/produkt\/murer-josef-der-uralten-wytbekannten-statt-zuerich-gestalt-und-gelaegenheit-wie-sy-zu-diser-zyt-in-waesen-ufgerissen-und-in-grund-gelegt-durch-josefen-murer-und-durch-christoffel-froschower-zu-e\/","title":{"rendered":"Murer, Josef: Der uralten wytbekannten Statt Z\u00fcrich gestalt und gel\u00e4genheit, wie sy zu diser zyt in w\u00e4sen, ufgerissen und in grund gelegt, durch Josefen Murer und durch Christoffel Froschower, zu Eeren dem Vatterland getruckt, Im M.D.LXXVI Jar"},"content":{"rendered":"<p> \u00a0\u00a0 Murer, Josef: Der uralten wytbekannten Statt Z\u00fcrich gestalt und gel\u00e4genheit, wie sy zu diser zyt in w\u00e4sen, ufgerissen und in grund gelegt, durch Josefen Murer und durch Christoffel Froschower, zu Eeren dem Vatterland getruckt, Im M.D.LXXVI Jar\u00a0 Gattikon, Verlag Dorfpresse. 1966. Lithografie auf festem Papier. Blattgr\u00f6sse: 97 x 139 cm.<br \/>\nGerollt in Grafikrolle.<\/p>\n<p>+ Wichtig: F\u00fcr unsere Kunden in der EU erfolgt der Versand alle 14 Tage verzollt ab Deutschland \/ Postbank-Konto in Deutschland vorhanden +<\/p>\n<p><strong>Bestellnummer<\/strong>: 1733AG<\/p>\n<p><span class=\"schlagwort\">Helvetica \u2013 Schweiz \/ Books and prints pertaining Switzerland, Ansichtenwerke \/ Topographic books, Topographische Ansichten \/ Topographical views &#8211; maps, Turicensia &#8211; Stadt Z\u00fcrich \/ Zurich City, Z\u00fcrich Kanton<\/span><\/p>\n","protected":false},"excerpt":{"rendered":"<p>   Murer, Josef: Der uralten wytbekannten Statt Z\u00fcrich gestalt und gel\u00e4genheit, wie sy zu diser zyt in w\u00e4sen, ufgerissen und in grund gelegt, durch Josefen Murer und durch Christoffel Froschower, zu Eeren dem Vatterland getruckt, Im M.D.LXXVI Jar<\/p>\n","protected":false},"featured_media":3049702,"comment_status":"closed","ping_status":"open","template":"","meta":[],"product_brand":[],"product_cat":[176],"product_tag":[],"class_list":{"0":"post-641483","1":"product","2":"type-product","3":"status-publish","4":"has-post-thumbnail","6":"product_cat-helvetica-schweiz-books-and-prints-pertaining-switzerland","8":"first","9":"instock","10":"purchasable","11":"product-type-simple"},"aioseo_notices":[],"_links":{"self":[{"href":"https:\/\/www.eosart.ch\/en\/wp-json\/wp\/v2\/product\/641483","targetHints":{"allow":["GET"]}}],"collection":[{"href":"https:\/\/www.eosart.ch\/en\/wp-json\/wp\/v2\/product"}],"about":[{"href":"https:\/\/www.eosart.ch\/en\/wp-json\/wp\/v2\/types\/product"}],"replies":[{"embeddable":true,"href":"https:\/\/www.eosart.ch\/en\/wp-json\/wp\/v2\/comments?post=641483"}],"wp:featuredmedia":[{"embeddable":true,"href":"https:\/\/www.eosart.ch\/en\/wp-json\/wp\/v2\/media\/3049702"}],"wp:attachment":[{"href":"https:\/\/www.eosart.ch\/en\/wp-json\/wp\/v2\/media?parent=641483"}],"wp:term":[{"taxonomy":"product_brand","embeddable":true,"href":"https:\/\/www.eosart.ch\/en\/wp-json\/wp\/v2\/product_brand?post=641483"},{"taxonomy":"product_cat","embeddable":true,"href":"https:\/\/www.eosart.ch\/en\/wp-json\/wp\/v2\/product_cat?post=641483"},{"taxonomy":"product_tag","embeddable":true,"href":"https:\/\/www.eosart.ch\/en\/wp-json\/wp\/v2\/product_tag?post=641483"}],"curies":[{"name":"wp","href":"https:\/\/api.w.org\/{rel}","templated":true}]}}