{"id":3897,"date":"2026-04-29T02:29:27","date_gmt":"2026-04-29T00:29:27","guid":{"rendered":"https:\/\/www.eosart.ch\/produkt\/sperli-johann-jakob-1794-1843-die-ehemahlige-kirche-zum-kreuz\/"},"modified":"2026-04-29T02:29:46","modified_gmt":"2026-04-29T00:29:46","slug":"sperli-johann-jakob-1794-1843-die-ehemahlige-kirche-zum-kreuz","status":"publish","type":"product","link":"https:\/\/www.eosart.ch\/en\/produkt\/sperli-johann-jakob-1794-1843-die-ehemahlige-kirche-zum-kreuz\/","title":{"rendered":"Sperli, Johann Jakob (1794-1843): Die ehemahlige Kirche zum Kreuz."},"content":{"rendered":"<p> \u00a0\u00a0 Sperli, Johann Jakob (1794-1843): Die ehemahlige Kirche zum Kreuz.\u00a0 (1838). Aquatinta, gezeichnet und gestochen von Johann Jakob Sperli d. \u00c4. Blattgr\u00f6sse: 40 x 53 cm. Plattengr\u00f6sse: 31 x 40 cm. Bildausschnitt: 23,2 x 34,5 cm.<br \/>\nDie alte Kreuzkirche am Kreuzplatz in Z\u00fcrich, die 1839 abgetragen wurde und auf der rechten Seite das erste Postb\u00fcro von Hottingen, an der damaligen Postkutschenlinie von Z\u00fcrich nach Maur. \u2013 Blatt etwas gebr\u00e4unt und fleckig. Blattrand mit kleineren Besch\u00e4digungen und Einrissen.<\/p>\n<p>+ Wichtig: F\u00fcr unsere Kunden in der EU erfolgt der Versand alle 14 Tage verzollt ab Deutschland \/ Postbank-Konto in Deutschland vorhanden +<\/p>\n<p><strong>Bestellnummer<\/strong>: 845CG<\/p>\n<p><span class=\"schlagwort\">Helvetica \u2013 Schweiz \/ Books and prints pertaining Switzerland, Aquatinta \/ Aquatint , Druckgraphik \/ Graphic reproduction, Topographische Ansichten \/ Topographical views &#8211; maps, Turicensia &#8211; Stadt Z\u00fcrich \/ Zurich City, Z\u00fcrich Kanton<\/span><\/p>\n","protected":false},"excerpt":{"rendered":"<p>   Sperli, Johann Jakob (1794-1843): Die ehemahlige Kirche zum Kreuz.<\/p>\n","protected":false},"featured_media":3061739,"comment_status":"closed","ping_status":"open","template":"","meta":[],"product_brand":[],"product_cat":[176],"product_tag":[],"class_list":{"0":"post-3897","1":"product","2":"type-product","3":"status-publish","4":"has-post-thumbnail","6":"product_cat-helvetica-schweiz-books-and-prints-pertaining-switzerland","8":"first","9":"instock","10":"purchasable","11":"product-type-simple"},"aioseo_notices":[],"_links":{"self":[{"href":"https:\/\/www.eosart.ch\/en\/wp-json\/wp\/v2\/product\/3897","targetHints":{"allow":["GET"]}}],"collection":[{"href":"https:\/\/www.eosart.ch\/en\/wp-json\/wp\/v2\/product"}],"about":[{"href":"https:\/\/www.eosart.ch\/en\/wp-json\/wp\/v2\/types\/product"}],"replies":[{"embeddable":true,"href":"https:\/\/www.eosart.ch\/en\/wp-json\/wp\/v2\/comments?post=3897"}],"wp:featuredmedia":[{"embeddable":true,"href":"https:\/\/www.eosart.ch\/en\/wp-json\/wp\/v2\/media\/3061739"}],"wp:attachment":[{"href":"https:\/\/www.eosart.ch\/en\/wp-json\/wp\/v2\/media?parent=3897"}],"wp:term":[{"taxonomy":"product_brand","embeddable":true,"href":"https:\/\/www.eosart.ch\/en\/wp-json\/wp\/v2\/product_brand?post=3897"},{"taxonomy":"product_cat","embeddable":true,"href":"https:\/\/www.eosart.ch\/en\/wp-json\/wp\/v2\/product_cat?post=3897"},{"taxonomy":"product_tag","embeddable":true,"href":"https:\/\/www.eosart.ch\/en\/wp-json\/wp\/v2\/product_tag?post=3897"}],"curies":[{"name":"wp","href":"https:\/\/api.w.org\/{rel}","templated":true}]}}