{"id":3411,"date":"2026-04-17T02:19:33","date_gmt":"2026-04-17T00:19:33","guid":{"rendered":"http:\/\/www.eosart.ch\/produkt\/vue-de-la-ville-de-lausanne-prise-pres-des-grand-rochers\/"},"modified":"2026-04-17T02:20:30","modified_gmt":"2026-04-17T00:20:30","slug":"vue-de-la-ville-de-lausanne-prise-pres-des-grand-rochers","status":"publish","type":"product","link":"https:\/\/www.eosart.ch\/en\/produkt\/vue-de-la-ville-de-lausanne-prise-pres-des-grand-rochers\/","title":{"rendered":"Vue de la ville de Lausanne, prise pr\u00e8s des grand rochers."},"content":{"rendered":"<p>  Vue de la ville de Lausanne, prise pr\u00e8s des grand rochers.\u00a0 B\u00e2le, Berne et Gen\u00e8ve, Publi\u00e9 par J. P. Lamy, um 1820. Altkolorierte Aquatinta. Bildgr\u00f6sse: 11,8 x 16 cm. Blattgr\u00f6sse: 19,8 x 27, 3 cm.<br \/>\nH\u00fcbsche Nordansicht von Lausanne in sch\u00f6nem Altkolorit. &#8211; Blatt alt montiert auf beiges Papier.<\/p>\n<p>+ Wichtig: F\u00fcr unsere Kunden in der EU erfolgt der Versand alle 14 Tage verzollt ab Deutschland \/ Postbank-Konto in Deutschland vorhanden +<\/p>\n<p><strong>Bestellnummer<\/strong>: 778CG<\/p>\n<p><span class=\"schlagwort\">Helvetica \u2013 Schweiz \/ Books and prints pertaining Switzerland, Aquatinta \/ Aquatint , Druckgraphik \/ Graphic reproduction, Lausanne, Topographische Ansichten \/ Topographical views &#8211; maps, Waadt Kanton<\/span><\/p>\n","protected":false},"excerpt":{"rendered":"<p>    Vue de la ville de Lausanne, prise pr\u00e8s des grand rochers.<\/p>\n","protected":false},"featured_media":3049772,"comment_status":"closed","ping_status":"open","template":"","meta":[],"product_brand":[],"product_cat":[176],"product_tag":[],"class_list":{"0":"post-3411","1":"product","2":"type-product","3":"status-publish","4":"has-post-thumbnail","6":"product_cat-helvetica-schweiz-books-and-prints-pertaining-switzerland","8":"first","9":"instock","10":"purchasable","11":"product-type-simple"},"aioseo_notices":[],"_links":{"self":[{"href":"https:\/\/www.eosart.ch\/en\/wp-json\/wp\/v2\/product\/3411","targetHints":{"allow":["GET"]}}],"collection":[{"href":"https:\/\/www.eosart.ch\/en\/wp-json\/wp\/v2\/product"}],"about":[{"href":"https:\/\/www.eosart.ch\/en\/wp-json\/wp\/v2\/types\/product"}],"replies":[{"embeddable":true,"href":"https:\/\/www.eosart.ch\/en\/wp-json\/wp\/v2\/comments?post=3411"}],"wp:featuredmedia":[{"embeddable":true,"href":"https:\/\/www.eosart.ch\/en\/wp-json\/wp\/v2\/media\/3049772"}],"wp:attachment":[{"href":"https:\/\/www.eosart.ch\/en\/wp-json\/wp\/v2\/media?parent=3411"}],"wp:term":[{"taxonomy":"product_brand","embeddable":true,"href":"https:\/\/www.eosart.ch\/en\/wp-json\/wp\/v2\/product_brand?post=3411"},{"taxonomy":"product_cat","embeddable":true,"href":"https:\/\/www.eosart.ch\/en\/wp-json\/wp\/v2\/product_cat?post=3411"},{"taxonomy":"product_tag","embeddable":true,"href":"https:\/\/www.eosart.ch\/en\/wp-json\/wp\/v2\/product_tag?post=3411"}],"curies":[{"name":"wp","href":"https:\/\/api.w.org\/{rel}","templated":true}]}}