{"id":2926910,"date":"2026-04-15T00:18:02","date_gmt":"2026-04-14T22:18:02","guid":{"rendered":"https:\/\/www.eosart.ch\/produkt\/poirie-helene-les-vendanges\/"},"modified":"2026-04-15T00:18:15","modified_gmt":"2026-04-14T22:18:15","slug":"poirie-helene-les-vendanges","status":"publish","type":"product","link":"https:\/\/www.eosart.ch\/en\/produkt\/poirie-helene-les-vendanges\/","title":{"rendered":"Poiri\u00e9, H\u00e9l\u00e8ne: Les vendanges."},"content":{"rendered":"<p> \u00a0\u00a0 Poiri\u00e9, H\u00e9l\u00e8ne: Les vendanges.\u00a0 Bourrelier, o.J. (um 1950). Farbiger Offsetdruck. Bildformat: 75 x 53 cm.<br \/>\nSchulwandbild. &#8211; Rand leicht angestossen, Bleistiftbeschriftungen im Bild. &#8211; Images de la vie N\u00b0 11.<\/p>\n<p>+ Wichtig: F\u00fcr unsere Kunden in der EU erfolgt der Versand alle 14 Tage verzollt ab Deutschland \/ Postbank-Konto in Deutschland vorhanden +<\/p>\n<p><strong>Bestellnummer<\/strong>: 226DG<\/p>\n<p><span class=\"schlagwort\">Schulwandbilder \/ Wall charts, Franz\u00f6sisch \/ French, Schulwandbild \/ Wall chart, Wein &#8211; Weinbau &#8211; Oenologie \/ Wine &#8211; Viniculture &#8211; Oenology<\/span><\/p>\n","protected":false},"excerpt":{"rendered":"<p>   Poiri\u00e9, H\u00e9l\u00e8ne: Les vendanges.<\/p>\n","protected":false},"featured_media":2268188,"comment_status":"closed","ping_status":"open","template":"","meta":[],"product_brand":[],"product_cat":[146],"product_tag":[],"class_list":{"0":"post-2926910","1":"product","2":"type-product","3":"status-publish","4":"has-post-thumbnail","6":"product_cat-schulwandbilder-wall-charts","8":"first","9":"instock","10":"purchasable","11":"product-type-simple"},"aioseo_notices":[],"_links":{"self":[{"href":"https:\/\/www.eosart.ch\/en\/wp-json\/wp\/v2\/product\/2926910","targetHints":{"allow":["GET"]}}],"collection":[{"href":"https:\/\/www.eosart.ch\/en\/wp-json\/wp\/v2\/product"}],"about":[{"href":"https:\/\/www.eosart.ch\/en\/wp-json\/wp\/v2\/types\/product"}],"replies":[{"embeddable":true,"href":"https:\/\/www.eosart.ch\/en\/wp-json\/wp\/v2\/comments?post=2926910"}],"wp:featuredmedia":[{"embeddable":true,"href":"https:\/\/www.eosart.ch\/en\/wp-json\/wp\/v2\/media\/2268188"}],"wp:attachment":[{"href":"https:\/\/www.eosart.ch\/en\/wp-json\/wp\/v2\/media?parent=2926910"}],"wp:term":[{"taxonomy":"product_brand","embeddable":true,"href":"https:\/\/www.eosart.ch\/en\/wp-json\/wp\/v2\/product_brand?post=2926910"},{"taxonomy":"product_cat","embeddable":true,"href":"https:\/\/www.eosart.ch\/en\/wp-json\/wp\/v2\/product_cat?post=2926910"},{"taxonomy":"product_tag","embeddable":true,"href":"https:\/\/www.eosart.ch\/en\/wp-json\/wp\/v2\/product_tag?post=2926910"}],"curies":[{"name":"wp","href":"https:\/\/api.w.org\/{rel}","templated":true}]}}