{"id":2326,"date":"2026-04-14T02:24:00","date_gmt":"2026-04-14T00:24:00","guid":{"rendered":"http:\/\/eosart.ch.w0153304.kasserver.com\/produkt\/zuercher-tante-zum-sechselaeuten-1922\/"},"modified":"2026-04-14T02:24:09","modified_gmt":"2026-04-14T00:24:09","slug":"zuercher-tante-zum-sechselaeuten-1922","status":"publish","type":"product","link":"https:\/\/www.eosart.ch\/en\/produkt\/zuercher-tante-zum-sechselaeuten-1922\/","title":{"rendered":"Z\u00fcrcher Tante. Zum Sechsel\u00e4uten 1922."},"content":{"rendered":"<p>\u00a0\u00a0 Sechsel\u00e4uten. &#8211;  Z\u00fcrcher Tante. Zum Sechsel\u00e4uten 1922.\u00a0 Z\u00fcrich, Kopp-Tanner, 1922. 4 S. (gef.) mit Illustr. Format: 35 x 25,3 cm.<br \/>\nEine von zahlreichen \u00abinoffiziellen\u00bb Publikationen zum Sechsel\u00e4uten. \u00abBis sp\u00e4t gegen Ende des 19. Jahrhunderts war das Sechsel\u00e4uten so etwas wie ein \u2039Fastnachts-Ersatz\u203a und das stets wiederkehrende Leitmotiv dieses Anlasses war: Es ist nur einmal Jux im Jahr &#8211; nur einmal Sechsel\u00e4uten. Dies erkl\u00e4rt denn auch, warum neben den offiziellen Anl\u00e4ssen, den organisierten Festz\u00fcgen der Z\u00fcnfte und Jugend-Umz\u00fcgen in jedem Jahr auch spontane Umz\u00fcge sowohl von den Z\u00fcnften aus auch von der Jugend durchgef\u00fchrt wurden und durch Programme, Einladungen und Beschreibungen der Nachwelt erhalten geblieben sind\u00bb (Honegger, S. 9). \u2013 Minim angestaubt.<\/p>\n<p>+ Wichtig: F\u00fcr unsere Kunden in der EU erfolgt der Versand alle 14 Tage verzollt ab Deutschland \/ Postbank-Konto in Deutschland vorhanden +<\/p>\n<p><strong>Bestellnummer<\/strong>: 317BG<\/p>\n<p><span class=\"schlagwort\">Helvetica \u2013 Schweiz \/ Books and prints pertaining Switzerland, Sechsel\u00e4uten, Turicensia &#8211; Stadt Z\u00fcrich \/ Zurich City, Zunftwesen \u2013 Z\u00fcnfte, Z\u00fcrich Kanton<\/span><\/p>\n","protected":false},"excerpt":{"rendered":"<p>    Z\u00fcrcher Tante. Zum Sechsel\u00e4uten 1922.<\/p>\n","protected":false},"featured_media":3046810,"comment_status":"closed","ping_status":"open","template":"","meta":[],"product_brand":[],"product_cat":[176],"product_tag":[],"class_list":{"0":"post-2326","1":"product","2":"type-product","3":"status-publish","4":"has-post-thumbnail","6":"product_cat-helvetica-schweiz-books-and-prints-pertaining-switzerland","8":"first","9":"instock","10":"purchasable","11":"product-type-simple"},"aioseo_notices":[],"_links":{"self":[{"href":"https:\/\/www.eosart.ch\/en\/wp-json\/wp\/v2\/product\/2326","targetHints":{"allow":["GET"]}}],"collection":[{"href":"https:\/\/www.eosart.ch\/en\/wp-json\/wp\/v2\/product"}],"about":[{"href":"https:\/\/www.eosart.ch\/en\/wp-json\/wp\/v2\/types\/product"}],"replies":[{"embeddable":true,"href":"https:\/\/www.eosart.ch\/en\/wp-json\/wp\/v2\/comments?post=2326"}],"wp:featuredmedia":[{"embeddable":true,"href":"https:\/\/www.eosart.ch\/en\/wp-json\/wp\/v2\/media\/3046810"}],"wp:attachment":[{"href":"https:\/\/www.eosart.ch\/en\/wp-json\/wp\/v2\/media?parent=2326"}],"wp:term":[{"taxonomy":"product_brand","embeddable":true,"href":"https:\/\/www.eosart.ch\/en\/wp-json\/wp\/v2\/product_brand?post=2326"},{"taxonomy":"product_cat","embeddable":true,"href":"https:\/\/www.eosart.ch\/en\/wp-json\/wp\/v2\/product_cat?post=2326"},{"taxonomy":"product_tag","embeddable":true,"href":"https:\/\/www.eosart.ch\/en\/wp-json\/wp\/v2\/product_tag?post=2326"}],"curies":[{"name":"wp","href":"https:\/\/api.w.org\/{rel}","templated":true}]}}