{"id":2167160,"date":"2026-04-14T02:13:23","date_gmt":"2026-04-14T00:13:23","guid":{"rendered":"https:\/\/www.eosart.ch\/produkt\/hueni-m-aussicht-auf-die-alpen-vom-albishorn-915-m-ue-meer-station-sihlwald-sihltthalbahn-aufgenommen-und-gezeichnet-von-m-hueni\/"},"modified":"2026-04-14T02:14:10","modified_gmt":"2026-04-14T00:14:10","slug":"hueni-m-aussicht-auf-die-alpen-vom-albishorn-915-m-ue-meer-station-sihlwald-sihltthalbahn-aufgenommen-und-gezeichnet-von-m-hueni","status":"publish","type":"product","link":"https:\/\/www.eosart.ch\/en\/produkt\/hueni-m-aussicht-auf-die-alpen-vom-albishorn-915-m-ue-meer-station-sihlwald-sihltthalbahn-aufgenommen-und-gezeichnet-von-m-hueni\/","title":{"rendered":"H\u00fcni, M.: Aussicht auf die Alpen vom Albishorn 915 M. \u00fc. Meer. Station Sihlwald (Sihltthalbahn). Aufgenommen und gezeichnet von M. H\u00fcni."},"content":{"rendered":"<p> \u00a0\u00a0 H\u00fcni, M.: Aussicht auf die Alpen vom Albishorn 915 M. \u00fc. Meer. Station Sihlwald (Sihltthalbahn). Aufgenommen und gezeichnet von M. H\u00fcni.\u00a0 Z\u00fcrich, 1902. gef. Panorama: 11 x 177 cm. Blattgr\u00f6sse: 17,5 x 182 cm.<br \/>\nUmschlag leicht fleckig.<\/p>\n<p>+ Wichtig: F\u00fcr unsere Kunden in der EU erfolgt der Versand alle 14 Tage verzollt ab Deutschland \/ Postbank-Konto in Deutschland vorhanden +<\/p>\n<p><strong>Bestellnummer<\/strong>: 916CG<\/p>\n<p><span class=\"schlagwort\">Helvetica \u2013 Schweiz \/ Books and prints pertaining Switzerland, Panorama, Z\u00fcrich Kanton<\/span><\/p>\n","protected":false},"excerpt":{"rendered":"<p>   H\u00fcni, M.: Aussicht auf die Alpen vom Albishorn 915 M. \u00fc. Meer. Station Sihlwald (Sihltthalbahn). Aufgenommen und gezeichnet von M. H\u00fcni.<\/p>\n","protected":false},"featured_media":3046716,"comment_status":"closed","ping_status":"open","template":"","meta":[],"product_brand":[],"product_cat":[176],"product_tag":[],"class_list":{"0":"post-2167160","1":"product","2":"type-product","3":"status-publish","4":"has-post-thumbnail","6":"product_cat-helvetica-schweiz-books-and-prints-pertaining-switzerland","8":"first","9":"instock","10":"purchasable","11":"product-type-simple"},"aioseo_notices":[],"_links":{"self":[{"href":"https:\/\/www.eosart.ch\/en\/wp-json\/wp\/v2\/product\/2167160","targetHints":{"allow":["GET"]}}],"collection":[{"href":"https:\/\/www.eosart.ch\/en\/wp-json\/wp\/v2\/product"}],"about":[{"href":"https:\/\/www.eosart.ch\/en\/wp-json\/wp\/v2\/types\/product"}],"replies":[{"embeddable":true,"href":"https:\/\/www.eosart.ch\/en\/wp-json\/wp\/v2\/comments?post=2167160"}],"wp:featuredmedia":[{"embeddable":true,"href":"https:\/\/www.eosart.ch\/en\/wp-json\/wp\/v2\/media\/3046716"}],"wp:attachment":[{"href":"https:\/\/www.eosart.ch\/en\/wp-json\/wp\/v2\/media?parent=2167160"}],"wp:term":[{"taxonomy":"product_brand","embeddable":true,"href":"https:\/\/www.eosart.ch\/en\/wp-json\/wp\/v2\/product_brand?post=2167160"},{"taxonomy":"product_cat","embeddable":true,"href":"https:\/\/www.eosart.ch\/en\/wp-json\/wp\/v2\/product_cat?post=2167160"},{"taxonomy":"product_tag","embeddable":true,"href":"https:\/\/www.eosart.ch\/en\/wp-json\/wp\/v2\/product_tag?post=2167160"}],"curies":[{"name":"wp","href":"https:\/\/api.w.org\/{rel}","templated":true}]}}