{"id":2159,"date":"2026-04-24T01:58:34","date_gmt":"2026-04-23T23:58:34","guid":{"rendered":"http:\/\/eosart.ch.w0153304.kasserver.com\/produkt\/anonym-7-singende-kinder\/"},"modified":"2026-04-24T01:59:29","modified_gmt":"2026-04-23T23:59:29","slug":"anonym-7-singende-kinder","status":"publish","type":"product","link":"https:\/\/www.eosart.ch\/en\/produkt\/anonym-7-singende-kinder\/","title":{"rendered":"Anonym: (7 singende Kinder)."},"content":{"rendered":"<p> \u00a0\u00a0 Anonym: (7 singende Kinder).\u00a0 (Leipzig, Hollerbaum &#038; Schmidt), ca. 1910. Farbige Lithographie. 70 x 28 cm.<br \/>\nAls Wandbild oder Fries f\u00fcr Kinderzimmer und Schulen gedacht. Urspr\u00fcnglich wurden diese Wandfriese mit der Darstellung von kindlichen Motiven und M\u00e4rchen von Gertrud Caspari gemacht und \u00fcber den Verlag Voigtl\u00e4nder vertrieben. Da dieses Gesch\u00e4ft erfolgreich schien, kopierte der Berliner Plakatverlag Hollerbaum &#038; Schmidt dieses Idee. &#8211; Sehr dekoratives Blatt.<\/p>\n<p>+ Wichtig: F\u00fcr unsere Kunden in der EU erfolgt der Versand alle 14 Tage verzollt ab Deutschland \/ Postbank-Konto in Deutschland vorhanden +<\/p>\n<p><strong>Bestellnummer<\/strong>: 489DG<\/p>\n<p><span class=\"schlagwort\">Kinderb\u00fccher \/ Children books, Chor \/ Choir, Kunst &#8211; Architektur \/ Art &#8211; Architecture, Lithographie \/ Lithography, Musik \/ Music<\/span><\/p>\n","protected":false},"excerpt":{"rendered":"<p>   Anonym: (7 singende Kinder).<\/p>\n","protected":false},"featured_media":3056489,"comment_status":"closed","ping_status":"open","template":"","meta":[],"product_brand":[],"product_cat":[304],"product_tag":[],"class_list":{"0":"post-2159","1":"product","2":"type-product","3":"status-publish","4":"has-post-thumbnail","6":"product_cat-kinderbuecher-children-books","8":"first","9":"instock","10":"purchasable","11":"product-type-simple"},"aioseo_notices":[],"_links":{"self":[{"href":"https:\/\/www.eosart.ch\/en\/wp-json\/wp\/v2\/product\/2159","targetHints":{"allow":["GET"]}}],"collection":[{"href":"https:\/\/www.eosart.ch\/en\/wp-json\/wp\/v2\/product"}],"about":[{"href":"https:\/\/www.eosart.ch\/en\/wp-json\/wp\/v2\/types\/product"}],"replies":[{"embeddable":true,"href":"https:\/\/www.eosart.ch\/en\/wp-json\/wp\/v2\/comments?post=2159"}],"wp:featuredmedia":[{"embeddable":true,"href":"https:\/\/www.eosart.ch\/en\/wp-json\/wp\/v2\/media\/3056489"}],"wp:attachment":[{"href":"https:\/\/www.eosart.ch\/en\/wp-json\/wp\/v2\/media?parent=2159"}],"wp:term":[{"taxonomy":"product_brand","embeddable":true,"href":"https:\/\/www.eosart.ch\/en\/wp-json\/wp\/v2\/product_brand?post=2159"},{"taxonomy":"product_cat","embeddable":true,"href":"https:\/\/www.eosart.ch\/en\/wp-json\/wp\/v2\/product_cat?post=2159"},{"taxonomy":"product_tag","embeddable":true,"href":"https:\/\/www.eosart.ch\/en\/wp-json\/wp\/v2\/product_tag?post=2159"}],"curies":[{"name":"wp","href":"https:\/\/api.w.org\/{rel}","templated":true}]}}