{"id":2138,"date":"2026-05-04T02:21:23","date_gmt":"2026-05-04T00:21:23","guid":{"rendered":"http:\/\/eosart.ch.w0153304.kasserver.com\/produkt\/zuerich-und-seine-eidsgenossen-von-1351-historischer-festzug-zur-jubelfeier-des-vor-500-jahren-erfolgten-eintritts-zuerichs-in-den-bund-mt-uri-schwyz-unterwalden-u-luzern\/"},"modified":"2026-05-04T02:21:35","modified_gmt":"2026-05-04T00:21:35","slug":"zuerich-und-seine-eidsgenossen-von-1351-historischer-festzug-zur-jubelfeier-des-vor-500-jahren-erfolgten-eintritts-zuerichs-in-den-bund-mit-uri-schwyz-unterwalden-u-luzern","status":"publish","type":"product","link":"https:\/\/www.eosart.ch\/en\/produkt\/zuerich-und-seine-eidsgenossen-von-1351-historischer-festzug-zur-jubelfeier-des-vor-500-jahren-erfolgten-eintritts-zuerichs-in-den-bund-mit-uri-schwyz-unterwalden-u-luzern\/","title":{"rendered":"Z\u00fcrich und seine Eidsgenossen von 1351. Historischer Festzug zur Jubelfeier des vor 500 Jahren erfolgten Eintritts Z\u00fcrichs in den Bund mit Uri, Schwyz, Unterwalden u. Luzern."},"content":{"rendered":"<p>\u00a0\u00a0 Sechsel\u00e4uten. \u2013  Z\u00fcrich und seine Eidsgenossen von 1351. Historischer Festzug zur Jubelfeier des vor 500 Jahren erfolgten Eintritts Z\u00fcrichs in den Bund mit Uri, Schwyz, Unterwalden u. Luzern.\u00a0 Z\u00fcrich, 1851. 6 Bl., lithogr. von A. Gimminger, R. Koller und Werdm\u00fcller. Format: 60 x 69 cm. Mit Programm, 4 S.<br \/>\nHonegger 28. \u2013 Beschreibung der 13 Festzugsgruppen, wobei es sich nicht um einen eigentlichen Sechsel\u00e4uten-Umzug, sondern um den am 1. Mai 1851 durchgef\u00fchrten grossen historischen Festzug handelt. Er wurde von H. Cramer und den Z\u00fcnften organisiert und durchgef\u00fchrt. Dieser Umzug bildete die Grundlage f\u00fcr die k\u00fcnftige Entwicklung der Sechsel\u00e4uten-Umz\u00fcge. \u2013 Ohne Titelblatt. St\u00e4rker stockfleckig u. eselsohrig.<\/p>\n<p>+ Wichtig: F\u00fcr unsere Kunden in der EU erfolgt der Versand alle 14 Tage verzollt ab Deutschland \/ Postbank-Konto in Deutschland vorhanden +<\/p>\n<p><strong>Bestellnummer<\/strong>: 309BG<\/p>\n<p><span class=\"schlagwort\">Helvetica \u2013 Schweiz \/ Books and prints pertaining Switzerland, Sechsel\u00e4uten, Turicensia &#8211; Stadt Z\u00fcrich \/ Zurich City, Zunftwesen \u2013 Z\u00fcnfte, Z\u00fcrich Kanton<\/span><\/p>\n","protected":false},"excerpt":{"rendered":"<p>    Z\u00fcrich und seine Eidsgenossen von 1351. Historischer Festzug zur Jubelfeier des vor 500 Jahren erfolgten Eintritts Z\u00fcrichs in den Bund mit Uri, Schwyz, Unterwalden u. Luzern.<\/p>\n","protected":false},"featured_media":3066682,"comment_status":"closed","ping_status":"open","template":"","meta":[],"product_brand":[],"product_cat":[176],"product_tag":[],"class_list":{"0":"post-2138","1":"product","2":"type-product","3":"status-publish","4":"has-post-thumbnail","6":"product_cat-helvetica-schweiz-books-and-prints-pertaining-switzerland","8":"first","9":"instock","10":"purchasable","11":"product-type-simple"},"aioseo_notices":[],"_links":{"self":[{"href":"https:\/\/www.eosart.ch\/en\/wp-json\/wp\/v2\/product\/2138","targetHints":{"allow":["GET"]}}],"collection":[{"href":"https:\/\/www.eosart.ch\/en\/wp-json\/wp\/v2\/product"}],"about":[{"href":"https:\/\/www.eosart.ch\/en\/wp-json\/wp\/v2\/types\/product"}],"replies":[{"embeddable":true,"href":"https:\/\/www.eosart.ch\/en\/wp-json\/wp\/v2\/comments?post=2138"}],"wp:featuredmedia":[{"embeddable":true,"href":"https:\/\/www.eosart.ch\/en\/wp-json\/wp\/v2\/media\/3066682"}],"wp:attachment":[{"href":"https:\/\/www.eosart.ch\/en\/wp-json\/wp\/v2\/media?parent=2138"}],"wp:term":[{"taxonomy":"product_brand","embeddable":true,"href":"https:\/\/www.eosart.ch\/en\/wp-json\/wp\/v2\/product_brand?post=2138"},{"taxonomy":"product_cat","embeddable":true,"href":"https:\/\/www.eosart.ch\/en\/wp-json\/wp\/v2\/product_cat?post=2138"},{"taxonomy":"product_tag","embeddable":true,"href":"https:\/\/www.eosart.ch\/en\/wp-json\/wp\/v2\/product_tag?post=2138"}],"curies":[{"name":"wp","href":"https:\/\/api.w.org\/{rel}","templated":true}]}}