{"id":2127,"date":"2026-04-28T02:24:01","date_gmt":"2026-04-28T00:24:01","guid":{"rendered":"http:\/\/eosart.ch.w0153304.kasserver.com\/produkt\/sechselaeuten-kladderadatsch-zweiter-jahrgang-herausgegeben-am-27-maerz-1865\/"},"modified":"2026-04-28T02:25:09","modified_gmt":"2026-04-28T00:25:09","slug":"sechselaeuten-kladderadatsch-zweiter-jahrgang-herausgegeben-am-27-maerz-1865","status":"publish","type":"product","link":"https:\/\/www.eosart.ch\/en\/produkt\/sechselaeuten-kladderadatsch-zweiter-jahrgang-herausgegeben-am-27-maerz-1865\/","title":{"rendered":"Sechsel\u00e4uten-Kladderadatsch. Zweiter Jahrgang. Herausgegeben am 27. M\u00e4rz 1865."},"content":{"rendered":"<p>\u00a0\u00a0 Sechsel\u00e4uten. \u2013  Sechsel\u00e4uten-Kladderadatsch. Zweiter Jahrgang. Herausgegeben am 27. M\u00e4rz 1865.\u00a0 Z\u00fcrich, 1865. 4 S. mit Illustr. Format: 47 x 30 cm.<br \/>\nEine von zahlreichen \u00abinoffiziellen\u00bb Publikationen zum Sechsel\u00e4uten. \u00abBis sp\u00e4t gegen Ende des 19. Jahrhunderts war das Sechsel\u00e4uten so etwas wie ein \u2039Fastnachts-Ersatz\u203a und das stets wiederkehrende Leitmotiv dieses Anlasses war: Es ist nur einmal Jux im Jahr \u2013 nur einmal Sechsel\u00e4uten. Dies erkl\u00e4rt denn auch, warum neben den offiziellen Anl\u00e4ssen, den organisierten Festz\u00fcgen der Z\u00fcnfte und Jugend-Umz\u00fcgen in jedem Jahr auch spontane Umz\u00fcge sowohl von den Z\u00fcnften aus auch von der Jugend durchgef\u00fchrt wurden und durch Programme, Einladungen und Beschreibungen der Nachwelt erhalten geblieben sind\u00bb (Honegger, S. 9). \u2013 Stockfleckig u. leicht gebr\u00e4unt.<\/p>\n<p>+ Wichtig: F\u00fcr unsere Kunden in der EU erfolgt der Versand alle 14 Tage verzollt ab Deutschland \/ Postbank-Konto in Deutschland vorhanden +<\/p>\n<p><strong>Bestellnummer<\/strong>: 319BG<\/p>\n<p><span class=\"schlagwort\">Helvetica \u2013 Schweiz \/ Books and prints pertaining Switzerland, Sechsel\u00e4uten, Turicensia &#8211; Stadt Z\u00fcrich \/ Zurich City, Zunftwesen \u2013 Z\u00fcnfte, Z\u00fcrich Kanton<\/span><\/p>\n","protected":false},"excerpt":{"rendered":"<p>    Sechsel\u00e4uten-Kladderadatsch. Zweiter Jahrgang. Herausgegeben am 27. M\u00e4rz 1865.<\/p>\n","protected":false},"featured_media":3060685,"comment_status":"closed","ping_status":"open","template":"","meta":[],"product_brand":[],"product_cat":[176],"product_tag":[],"class_list":{"0":"post-2127","1":"product","2":"type-product","3":"status-publish","4":"has-post-thumbnail","6":"product_cat-helvetica-schweiz-books-and-prints-pertaining-switzerland","8":"first","9":"instock","10":"purchasable","11":"product-type-simple"},"aioseo_notices":[],"_links":{"self":[{"href":"https:\/\/www.eosart.ch\/en\/wp-json\/wp\/v2\/product\/2127","targetHints":{"allow":["GET"]}}],"collection":[{"href":"https:\/\/www.eosart.ch\/en\/wp-json\/wp\/v2\/product"}],"about":[{"href":"https:\/\/www.eosart.ch\/en\/wp-json\/wp\/v2\/types\/product"}],"replies":[{"embeddable":true,"href":"https:\/\/www.eosart.ch\/en\/wp-json\/wp\/v2\/comments?post=2127"}],"wp:featuredmedia":[{"embeddable":true,"href":"https:\/\/www.eosart.ch\/en\/wp-json\/wp\/v2\/media\/3060685"}],"wp:attachment":[{"href":"https:\/\/www.eosart.ch\/en\/wp-json\/wp\/v2\/media?parent=2127"}],"wp:term":[{"taxonomy":"product_brand","embeddable":true,"href":"https:\/\/www.eosart.ch\/en\/wp-json\/wp\/v2\/product_brand?post=2127"},{"taxonomy":"product_cat","embeddable":true,"href":"https:\/\/www.eosart.ch\/en\/wp-json\/wp\/v2\/product_cat?post=2127"},{"taxonomy":"product_tag","embeddable":true,"href":"https:\/\/www.eosart.ch\/en\/wp-json\/wp\/v2\/product_tag?post=2127"}],"curies":[{"name":"wp","href":"https:\/\/api.w.org\/{rel}","templated":true}]}}