{"id":2112774,"date":"2026-04-26T00:30:02","date_gmt":"2026-04-25T22:30:02","guid":{"rendered":"https:\/\/www.eosart.ch\/produkt\/boieldieu-adrien-1775-1834-franz-komponist\/"},"modified":"2026-04-26T00:30:29","modified_gmt":"2026-04-25T22:30:29","slug":"boieldieu-adrien-1775-1834-franz-komponist","status":"publish","type":"product","link":"https:\/\/www.eosart.ch\/en\/produkt\/boieldieu-adrien-1775-1834-franz-komponist\/","title":{"rendered":"Boieldieu, Adrien  (1775-1834): Franz. Komponist."},"content":{"rendered":"<p> \u00a0\u00a0 Boieldieu, Adrien  (1775-1834): Franz. Komponist.\u00a0 Rouen, 1842. Lithographie von Nic\u00e9tas Peraux. Bildgr\u00f6sse: 35 x 24.5 cm. Blattgr\u00f6sse: 42 x 28 cm.<br \/>\nLeicht fleckig und knitterfaltig.<\/p>\n<p>+ Wichtig: F\u00fcr unsere Kunden in der EU erfolgt der Versand alle 14 Tage verzollt ab Deutschland \/ Postbank-Konto in Deutschland vorhanden +<\/p>\n<p><strong>Bestellnummer<\/strong>: 1565AG<\/p>\n<p><span class=\"schlagwort\">Musik \u2013 Theater &#8211; Schauspiel \/ Music \u2013 Theatre, Portraits \u2013 Portr\u00e4ts, Komponistin &#8211; Komponist \/ Composer, Lithographie \/ Lithography, Portraits &#8211; Portrait &#8211; Portr\u00e4ts &#8211; Portr\u00e4t<\/span><\/p>\n","protected":false},"excerpt":{"rendered":"<p>   Boieldieu, Adrien  (1775-1834): Franz. Komponist.<\/p>\n","protected":false},"featured_media":3057956,"comment_status":"closed","ping_status":"open","template":"","meta":[],"product_brand":[],"product_cat":[257,157],"product_tag":[],"class_list":{"0":"post-2112774","1":"product","2":"type-product","3":"status-publish","4":"has-post-thumbnail","6":"product_cat-musik-theater-schauspiel-music-theatre","7":"product_cat-portraits-portraets","9":"first","10":"instock","11":"purchasable","12":"product-type-simple"},"aioseo_notices":[],"_links":{"self":[{"href":"https:\/\/www.eosart.ch\/en\/wp-json\/wp\/v2\/product\/2112774","targetHints":{"allow":["GET"]}}],"collection":[{"href":"https:\/\/www.eosart.ch\/en\/wp-json\/wp\/v2\/product"}],"about":[{"href":"https:\/\/www.eosart.ch\/en\/wp-json\/wp\/v2\/types\/product"}],"replies":[{"embeddable":true,"href":"https:\/\/www.eosart.ch\/en\/wp-json\/wp\/v2\/comments?post=2112774"}],"wp:featuredmedia":[{"embeddable":true,"href":"https:\/\/www.eosart.ch\/en\/wp-json\/wp\/v2\/media\/3057956"}],"wp:attachment":[{"href":"https:\/\/www.eosart.ch\/en\/wp-json\/wp\/v2\/media?parent=2112774"}],"wp:term":[{"taxonomy":"product_brand","embeddable":true,"href":"https:\/\/www.eosart.ch\/en\/wp-json\/wp\/v2\/product_brand?post=2112774"},{"taxonomy":"product_cat","embeddable":true,"href":"https:\/\/www.eosart.ch\/en\/wp-json\/wp\/v2\/product_cat?post=2112774"},{"taxonomy":"product_tag","embeddable":true,"href":"https:\/\/www.eosart.ch\/en\/wp-json\/wp\/v2\/product_tag?post=2112774"}],"curies":[{"name":"wp","href":"https:\/\/api.w.org\/{rel}","templated":true}]}}