{"id":2112,"date":"2026-04-29T02:28:02","date_gmt":"2026-04-29T00:28:02","guid":{"rendered":"http:\/\/eosart.ch.w0153304.kasserver.com\/produkt\/sechselaeuten-1875-bilder-aus-schiller-und-goethes-dichtungen\/"},"modified":"2026-04-29T02:28:27","modified_gmt":"2026-04-29T00:28:27","slug":"sechselaeuten-1875-bilder-aus-schillers-und-goethes-dichtungen","status":"publish","type":"product","link":"https:\/\/www.eosart.ch\/en\/produkt\/sechselaeuten-1875-bilder-aus-schillers-und-goethes-dichtungen\/","title":{"rendered":"Sechsel\u00e4uten 1875. Bilder aus Schillers und G\u00f6thes Dichtungen."},"content":{"rendered":"<p>\u00a0\u00a0 Sechsel\u00e4uten. &#8211;  Sechsel\u00e4uten 1875. Bilder aus Schillers und G\u00f6thes Dichtungen.\u00a0 Z\u00fcrich, R. Fretz u. C. Kn\u00fcsli. 1875. 3 lithogr. kol. gef. Blatt + Programm (16 S.). Blattgr\u00f6sse: 48 x 59 cm.<br \/>\nHonegger 38. \u2013 Darstellung des Umzuges mit von 28 Gruppen in 9 Reihen. Das Programm von J. J. Ulrich. \u2013 Bl\u00e4tter gebr\u00e4unt und mit gr\u00f6sseren Einrissen.<\/p>\n<p>+ Wichtig: F\u00fcr unsere Kunden in der EU erfolgt der Versand alle 14 Tage verzollt ab Deutschland \/ Postbank-Konto in Deutschland vorhanden +<\/p>\n<p><strong>Bestellnummer<\/strong>: 339BG<\/p>\n<p><span class=\"schlagwort\">Helvetica \u2013 Schweiz \/ Books and prints pertaining Switzerland, Sechsel\u00e4uten, Turicensia &#8211; Stadt Z\u00fcrich \/ Zurich City, Zunftwesen \u2013 Z\u00fcnfte, Z\u00fcrich Kanton<\/span><\/p>\n","protected":false},"excerpt":{"rendered":"<p>    Sechsel\u00e4uten 1875. Bilder aus Schillers und G\u00f6thes Dichtungen.<\/p>\n","protected":false},"featured_media":3061721,"comment_status":"closed","ping_status":"open","template":"","meta":[],"product_brand":[],"product_cat":[176],"product_tag":[],"class_list":{"0":"post-2112","1":"product","2":"type-product","3":"status-publish","4":"has-post-thumbnail","6":"product_cat-helvetica-schweiz-books-and-prints-pertaining-switzerland","8":"first","9":"instock","10":"purchasable","11":"product-type-simple"},"aioseo_notices":[],"_links":{"self":[{"href":"https:\/\/www.eosart.ch\/en\/wp-json\/wp\/v2\/product\/2112","targetHints":{"allow":["GET"]}}],"collection":[{"href":"https:\/\/www.eosart.ch\/en\/wp-json\/wp\/v2\/product"}],"about":[{"href":"https:\/\/www.eosart.ch\/en\/wp-json\/wp\/v2\/types\/product"}],"replies":[{"embeddable":true,"href":"https:\/\/www.eosart.ch\/en\/wp-json\/wp\/v2\/comments?post=2112"}],"wp:featuredmedia":[{"embeddable":true,"href":"https:\/\/www.eosart.ch\/en\/wp-json\/wp\/v2\/media\/3061721"}],"wp:attachment":[{"href":"https:\/\/www.eosart.ch\/en\/wp-json\/wp\/v2\/media?parent=2112"}],"wp:term":[{"taxonomy":"product_brand","embeddable":true,"href":"https:\/\/www.eosart.ch\/en\/wp-json\/wp\/v2\/product_brand?post=2112"},{"taxonomy":"product_cat","embeddable":true,"href":"https:\/\/www.eosart.ch\/en\/wp-json\/wp\/v2\/product_cat?post=2112"},{"taxonomy":"product_tag","embeddable":true,"href":"https:\/\/www.eosart.ch\/en\/wp-json\/wp\/v2\/product_tag?post=2112"}],"curies":[{"name":"wp","href":"https:\/\/api.w.org\/{rel}","templated":true}]}}