{"id":2109,"date":"2026-05-03T02:18:02","date_gmt":"2026-05-03T00:18:02","guid":{"rendered":"http:\/\/eosart.ch.w0153304.kasserver.com\/produkt\/programm-fuer-den-festzug-der-riesenlokomotive-miracula-specula-zur-eroeffnung-der-sechselaeuten-eisenbahn-2\/"},"modified":"2026-05-03T02:18:16","modified_gmt":"2026-05-03T00:18:16","slug":"programm-fuer-den-festzug-der-riesenlokomotive-miracula-specula-zur-eroeffnung-der-sechselaeuten-eisenbahn","status":"publish","type":"product","link":"https:\/\/www.eosart.ch\/en\/produkt\/programm-fuer-den-festzug-der-riesenlokomotive-miracula-specula-zur-eroeffnung-der-sechselaeuten-eisenbahn\/","title":{"rendered":"Programm f\u00fcr den Festzug der Riesenlokomotive. Miracula Specula zur Er\u00f6ffnung der Sechsel\u00e4uten-Eisenbahn."},"content":{"rendered":"<p>\u00a0\u00a0 Sechsel\u00e4uten. \u2013  Programm f\u00fcr den Festzug der Riesenlokomotive. Miracula Specula zur Er\u00f6ffnung der Sechsel\u00e4uten-Eisenbahn.\u00a0 Z\u00fcrich, David B\u00fcrkli, 1856. 4 gef. lithogr. Blatt + Programmheft (8 S.). Blattgr\u00f6sse: 43 x 62 cm.<br \/>\nHonegger 30. \u2013 Darstellung der Gruppen in je 2 Reihen. Programm dazu mit Beschreibung des Festzuges. \u2013 Stellenweise stockfleckig. Falze etwas knitterfaltig.<\/p>\n<p>+ Wichtig: F\u00fcr unsere Kunden in der EU erfolgt der Versand alle 14 Tage verzollt ab Deutschland \/ Postbank-Konto in Deutschland vorhanden +<\/p>\n<p><strong>Bestellnummer<\/strong>: 345BG<\/p>\n<p><span class=\"schlagwort\">Helvetica \u2013 Schweiz \/ Books and prints pertaining Switzerland, Sechsel\u00e4uten, Turicensia &#8211; Stadt Z\u00fcrich \/ Zurich City, Zunftwesen \u2013 Z\u00fcnfte, Z\u00fcrich Kanton<\/span><\/p>\n","protected":false},"excerpt":{"rendered":"<p>    Programm f\u00fcr den Festzug der Riesenlokomotive. Miracula Specula zur Er\u00f6ffnung der Sechsel\u00e4uten-Eisenbahn.<\/p>\n","protected":false},"featured_media":3065686,"comment_status":"closed","ping_status":"open","template":"","meta":[],"product_brand":[],"product_cat":[176],"product_tag":[],"class_list":{"0":"post-2109","1":"product","2":"type-product","3":"status-publish","4":"has-post-thumbnail","6":"product_cat-helvetica-schweiz-books-and-prints-pertaining-switzerland","8":"first","9":"instock","10":"purchasable","11":"product-type-simple"},"aioseo_notices":[],"_links":{"self":[{"href":"https:\/\/www.eosart.ch\/en\/wp-json\/wp\/v2\/product\/2109","targetHints":{"allow":["GET"]}}],"collection":[{"href":"https:\/\/www.eosart.ch\/en\/wp-json\/wp\/v2\/product"}],"about":[{"href":"https:\/\/www.eosart.ch\/en\/wp-json\/wp\/v2\/types\/product"}],"replies":[{"embeddable":true,"href":"https:\/\/www.eosart.ch\/en\/wp-json\/wp\/v2\/comments?post=2109"}],"wp:featuredmedia":[{"embeddable":true,"href":"https:\/\/www.eosart.ch\/en\/wp-json\/wp\/v2\/media\/3065686"}],"wp:attachment":[{"href":"https:\/\/www.eosart.ch\/en\/wp-json\/wp\/v2\/media?parent=2109"}],"wp:term":[{"taxonomy":"product_brand","embeddable":true,"href":"https:\/\/www.eosart.ch\/en\/wp-json\/wp\/v2\/product_brand?post=2109"},{"taxonomy":"product_cat","embeddable":true,"href":"https:\/\/www.eosart.ch\/en\/wp-json\/wp\/v2\/product_cat?post=2109"},{"taxonomy":"product_tag","embeddable":true,"href":"https:\/\/www.eosart.ch\/en\/wp-json\/wp\/v2\/product_tag?post=2109"}],"curies":[{"name":"wp","href":"https:\/\/api.w.org\/{rel}","templated":true}]}}