{"id":2100,"date":"2026-04-25T02:20:01","date_gmt":"2026-04-25T00:20:01","guid":{"rendered":"http:\/\/eosart.ch.w0153304.kasserver.com\/produkt\/lebende-bilder-aus-der-chronik-der-mode-dritte-lieferung-volksfeste\/"},"modified":"2026-04-25T02:21:24","modified_gmt":"2026-04-25T00:21:24","slug":"lebende-bilder-aus-der-chronik-der-mode-dritte-lieferung-volksfeste","status":"publish","type":"product","link":"https:\/\/www.eosart.ch\/en\/produkt\/lebende-bilder-aus-der-chronik-der-mode-dritte-lieferung-volksfeste\/","title":{"rendered":"Lebende Bilder aus der Chronik der Mode. Dritte Lieferung \u00abVolksfeste\u00bb."},"content":{"rendered":"<p>\u00a0\u00a0 Sechsel\u00e4uten. \u2013  Lebende Bilder aus der Chronik der Mode. Dritte Lieferung \u00abVolksfeste\u00bb.\u00a0 Z\u00fcrich, B\u00fcrkli&#8217;sche Buchdruckerei, 1863. 3 kolorierte, lithogr., gef. Blatt + Programmheft (2 S.). Blattgr\u00f6sse: 55 x 66 cm.<br \/>\nHonegger 33. \u2013 Darstellung von 75 Gruppen in 13 Reihen. Dazu das Programm des Festzuges der 13 Z\u00fcnfte Z\u00fcrichs zur Illustration des Sechsel\u00e4utens mit der Marschroute. \u2013 Die Bl\u00e4tter mit Einrissen und Fehlstellen.<\/p>\n<p>+ Wichtig: F\u00fcr unsere Kunden in der EU erfolgt der Versand alle 14 Tage verzollt ab Deutschland \/ Postbank-Konto in Deutschland vorhanden +<\/p>\n<p><strong>Bestellnummer<\/strong>: 305BG<\/p>\n<p><span class=\"schlagwort\">Helvetica \u2013 Schweiz \/ Books and prints pertaining Switzerland, Sechsel\u00e4uten, Turicensia &#8211; Stadt Z\u00fcrich \/ Zurich City, Zunftwesen \u2013 Z\u00fcnfte, Z\u00fcrich Kanton<\/span><\/p>\n","protected":false},"excerpt":{"rendered":"<p>    Lebende Bilder aus der Chronik der Mode. Dritte Lieferung \u00abVolksfeste\u00bb.<\/p>\n","protected":false},"featured_media":3057656,"comment_status":"closed","ping_status":"open","template":"","meta":[],"product_brand":[],"product_cat":[176],"product_tag":[],"class_list":{"0":"post-2100","1":"product","2":"type-product","3":"status-publish","4":"has-post-thumbnail","6":"product_cat-helvetica-schweiz-books-and-prints-pertaining-switzerland","8":"first","9":"instock","10":"purchasable","11":"product-type-simple"},"aioseo_notices":[],"_links":{"self":[{"href":"https:\/\/www.eosart.ch\/en\/wp-json\/wp\/v2\/product\/2100","targetHints":{"allow":["GET"]}}],"collection":[{"href":"https:\/\/www.eosart.ch\/en\/wp-json\/wp\/v2\/product"}],"about":[{"href":"https:\/\/www.eosart.ch\/en\/wp-json\/wp\/v2\/types\/product"}],"replies":[{"embeddable":true,"href":"https:\/\/www.eosart.ch\/en\/wp-json\/wp\/v2\/comments?post=2100"}],"wp:featuredmedia":[{"embeddable":true,"href":"https:\/\/www.eosart.ch\/en\/wp-json\/wp\/v2\/media\/3057656"}],"wp:attachment":[{"href":"https:\/\/www.eosart.ch\/en\/wp-json\/wp\/v2\/media?parent=2100"}],"wp:term":[{"taxonomy":"product_brand","embeddable":true,"href":"https:\/\/www.eosart.ch\/en\/wp-json\/wp\/v2\/product_brand?post=2100"},{"taxonomy":"product_cat","embeddable":true,"href":"https:\/\/www.eosart.ch\/en\/wp-json\/wp\/v2\/product_cat?post=2100"},{"taxonomy":"product_tag","embeddable":true,"href":"https:\/\/www.eosart.ch\/en\/wp-json\/wp\/v2\/product_tag?post=2100"}],"curies":[{"name":"wp","href":"https:\/\/api.w.org\/{rel}","templated":true}]}}