{"id":2062,"date":"2026-04-27T02:17:31","date_gmt":"2026-04-27T00:17:31","guid":{"rendered":"http:\/\/eosart.ch.w0153304.kasserver.com\/produkt\/imfeld-xaver-gebirgspanorama-vom-belvedere-auf-dem-zuerichberg-erweiterte-ausgabe-des-zuerichbergpanoramas-oberhalb-der-karolinenburg-von-albert-heim\/"},"modified":"2026-04-27T02:18:11","modified_gmt":"2026-04-27T00:18:11","slug":"imfeld-xaver-gebirgspanorama-vom-belvedere-auf-dem-zuerichberg-erweiterte-ausgabe-des-zuerichbergpanoramas-oberhalb-der-karolinenburg-von-albert-heim","status":"publish","type":"product","link":"https:\/\/www.eosart.ch\/en\/produkt\/imfeld-xaver-gebirgspanorama-vom-belvedere-auf-dem-zuerichberg-erweiterte-ausgabe-des-zuerichbergpanoramas-oberhalb-der-karolinenburg-von-albert-heim\/","title":{"rendered":"Imfeld, X(aver): Gebirgspanorama vom Belved\u00e8re auf dem Z\u00fcrichberg. Erweiterte Ausgabe des Z\u00fcrichbergpanorama&#8217;s oberhalb der Karolinenburg von Alb(ert) Heim."},"content":{"rendered":"<p>\u00a0\u00a0 Panorama.- \u00a0\u00a0 Imfeld, X(aver): Gebirgspanorama vom Belved\u00e8re auf dem Z\u00fcrichberg. Erweiterte Ausgabe des Z\u00fcrichbergpanorama&#8217;s oberhalb der Karolinenburg von Alb(ert) Heim.\u00a0 Z\u00fcrich, Caesar Schmidt, o.J. (1877). Gef. Federlithographie (Leporello) in Halbleinenumschlag (8\u00b0).  Bildformat: 16,8 x 167 cm.  Blattformat: 19,1 x 168 cm.  (Einbanddeckel st\u00e4rker berieben und bestossen).<br \/>\nLeicht gebr\u00e4unt und minim stockfleckig. An den Faltstellen etwas st\u00e4rker gebr\u00e4unt und teilw. eingerissen.<\/p>\n<p>+ Wichtig: F\u00fcr unsere Kunden in der EU erfolgt der Versand alle 14 Tage verzollt ab Deutschland \/ Postbank-Konto in Deutschland vorhanden +<\/p>\n<p><strong>Bestellnummer<\/strong>: 1544AG<\/p>\n<p><span class=\"schlagwort\">Helvetica \u2013 Schweiz \/ Books and prints pertaining Switzerland, Chromolithographie \/ Chromlithography, Panorama, Topographische Ansichten \/ Topographical views &#8211; maps, Z\u00fcrich Kanton<\/span><\/p>\n","protected":false},"excerpt":{"rendered":"<p>   Imfeld, X(aver): Gebirgspanorama vom Belved\u00e8re auf dem Z\u00fcrichberg. Erweiterte Ausgabe des Z\u00fcrichbergpanorama&#8217;s oberhalb der Karolinenburg von Alb(ert) Heim.<\/p>\n","protected":false},"featured_media":3059626,"comment_status":"closed","ping_status":"open","template":"","meta":[],"product_brand":[],"product_cat":[176],"product_tag":[],"class_list":{"0":"post-2062","1":"product","2":"type-product","3":"status-publish","4":"has-post-thumbnail","6":"product_cat-helvetica-schweiz-books-and-prints-pertaining-switzerland","8":"first","9":"instock","10":"purchasable","11":"product-type-simple"},"aioseo_notices":[],"_links":{"self":[{"href":"https:\/\/www.eosart.ch\/en\/wp-json\/wp\/v2\/product\/2062","targetHints":{"allow":["GET"]}}],"collection":[{"href":"https:\/\/www.eosart.ch\/en\/wp-json\/wp\/v2\/product"}],"about":[{"href":"https:\/\/www.eosart.ch\/en\/wp-json\/wp\/v2\/types\/product"}],"replies":[{"embeddable":true,"href":"https:\/\/www.eosart.ch\/en\/wp-json\/wp\/v2\/comments?post=2062"}],"wp:featuredmedia":[{"embeddable":true,"href":"https:\/\/www.eosart.ch\/en\/wp-json\/wp\/v2\/media\/3059626"}],"wp:attachment":[{"href":"https:\/\/www.eosart.ch\/en\/wp-json\/wp\/v2\/media?parent=2062"}],"wp:term":[{"taxonomy":"product_brand","embeddable":true,"href":"https:\/\/www.eosart.ch\/en\/wp-json\/wp\/v2\/product_brand?post=2062"},{"taxonomy":"product_cat","embeddable":true,"href":"https:\/\/www.eosart.ch\/en\/wp-json\/wp\/v2\/product_cat?post=2062"},{"taxonomy":"product_tag","embeddable":true,"href":"https:\/\/www.eosart.ch\/en\/wp-json\/wp\/v2\/product_tag?post=2062"}],"curies":[{"name":"wp","href":"https:\/\/api.w.org\/{rel}","templated":true}]}}