{"id":2059670,"date":"2026-04-16T01:49:18","date_gmt":"2026-04-15T23:49:18","guid":{"rendered":"https:\/\/www.eosart.ch\/produkt\/lips-robert-1912-1975-glob-springt-in-die-hoehe\/"},"modified":"2026-04-16T01:50:40","modified_gmt":"2026-04-15T23:50:40","slug":"lips-robert-1912-1975-glob-springt-in-die-hoehe","status":"publish","type":"product","link":"https:\/\/www.eosart.ch\/en\/produkt\/lips-robert-1912-1975-glob-springt-in-die-hoehe\/","title":{"rendered":"Lips, Robert (1912\u20131975): Glob springt in die H\u00f6he."},"content":{"rendered":"<p>\u00a0\u00a0 Globi. \u2013 \u00a0\u00a0 Lips, Robert (1912\u20131975): Glob springt in die H\u00f6he.\u00a0 Z\u00fcrich, ca. 1950. Montiertes Aquarell. Bildgr\u00f6sse: 40 x 44 cm. Blattgr\u00f6sse: 68 x 48 cm.<br \/>\nOriginalskizze f\u00fcr ein Werbeplakat.<\/p>\n<p>+ Wichtig: F\u00fcr unsere Kunden in der EU erfolgt der Versand alle 14 Tage verzollt ab Deutschland \/ Postbank-Konto in Deutschland vorhanden +<\/p>\n<p><strong>Bestellnummer<\/strong>: 1001DG<\/p>\n<p><span class=\"schlagwort\">Originale \/ Originals, Aquarell  \/ Watercolour, Globi, Kinder- + Jugendb\u00fccher \/ Children&#8217;s and juvenile books, Lithographie \/ Lithography, Werbung &#8211; Werbegrafik \/ Advertising<\/span><\/p>\n","protected":false},"excerpt":{"rendered":"<p>   Lips, Robert (1912\u20131975): Glob springt in die H\u00f6he.<\/p>\n","protected":false},"featured_media":3048493,"comment_status":"closed","ping_status":"open","template":"","meta":[],"product_brand":[],"product_cat":[160],"product_tag":[],"class_list":{"0":"post-2059670","1":"product","2":"type-product","3":"status-publish","4":"has-post-thumbnail","6":"product_cat-originale-originals","8":"first","9":"instock","10":"purchasable","11":"product-type-simple"},"aioseo_notices":[],"_links":{"self":[{"href":"https:\/\/www.eosart.ch\/en\/wp-json\/wp\/v2\/product\/2059670","targetHints":{"allow":["GET"]}}],"collection":[{"href":"https:\/\/www.eosart.ch\/en\/wp-json\/wp\/v2\/product"}],"about":[{"href":"https:\/\/www.eosart.ch\/en\/wp-json\/wp\/v2\/types\/product"}],"replies":[{"embeddable":true,"href":"https:\/\/www.eosart.ch\/en\/wp-json\/wp\/v2\/comments?post=2059670"}],"wp:featuredmedia":[{"embeddable":true,"href":"https:\/\/www.eosart.ch\/en\/wp-json\/wp\/v2\/media\/3048493"}],"wp:attachment":[{"href":"https:\/\/www.eosart.ch\/en\/wp-json\/wp\/v2\/media?parent=2059670"}],"wp:term":[{"taxonomy":"product_brand","embeddable":true,"href":"https:\/\/www.eosart.ch\/en\/wp-json\/wp\/v2\/product_brand?post=2059670"},{"taxonomy":"product_cat","embeddable":true,"href":"https:\/\/www.eosart.ch\/en\/wp-json\/wp\/v2\/product_cat?post=2059670"},{"taxonomy":"product_tag","embeddable":true,"href":"https:\/\/www.eosart.ch\/en\/wp-json\/wp\/v2\/product_tag?post=2059670"}],"curies":[{"name":"wp","href":"https:\/\/api.w.org\/{rel}","templated":true}]}}