{"id":2058530,"date":"2026-05-04T01:52:02","date_gmt":"2026-05-03T23:52:02","guid":{"rendered":"https:\/\/www.eosart.ch\/produkt\/kaeser-fritz-seidenbild-zuericherische-seidenwebschule-1881\/"},"modified":"2026-05-04T01:53:00","modified_gmt":"2026-05-03T23:53:00","slug":"kaeser-fritz-seidenbild-zuericherische-seidenwebschule-1881","status":"publish","type":"product","link":"https:\/\/www.eosart.ch\/en\/produkt\/kaeser-fritz-seidenbild-zuericherische-seidenwebschule-1881\/","title":{"rendered":"Kaeser, Fritz.- Seidenbild &#8211; Z\u00fcricherische Seidenwebschule 1881."},"content":{"rendered":"<p> \u00a0\u00a0 Kaeser, Fritz.- Seidenbild &#8211; Z\u00fcricherische Seidenwebschule 1881.\u00a0 1881. Gewobenenes Seidenbild von Fritz Kaeser. Bildformat: 15.5 x 24 cm.<br \/>\nDie Seidenwebschule Z\u00fcrich wurde im Jahr 1881 in Z\u00fcrich-Letten gegr\u00fcndet und diente als Ausbildungszentrum f\u00fcr die aufstrebende Seidenindustrie in Z\u00fcrich. Im Jahr 1944 wurde sie in die Textilfachschule Z\u00fcrich integriert.<\/p>\n<p>+ Wichtig: F\u00fcr unsere Kunden in der EU erfolgt der Versand alle 14 Tage verzollt ab Deutschland \/ Postbank-Konto in Deutschland vorhanden +<\/p>\n<p><strong>Bestellnummer<\/strong>: 997DG<\/p>\n<p><span class=\"schlagwort\">Originale \/ Originals, Helvetica \u2013 Schweiz \/ Books and prints pertaining Switzerland, Seidenbild gewoben \/ Silk picture (woven), Trachten \/ Costumes, Werbung &#8211; Werbegrafik \/ Advertising<\/span><\/p>\n","protected":false},"excerpt":{"rendered":"<p>   Kaeser, Fritz.- Seidenbild &#8211; Z\u00fcricherische Seidenwebschule 1881.<\/p>\n","protected":false},"featured_media":0,"comment_status":"closed","ping_status":"open","template":"","meta":[],"product_brand":[],"product_cat":[160],"product_tag":[],"class_list":{"0":"post-2058530","1":"product","2":"type-product","3":"status-publish","5":"product_cat-originale-originals","7":"first","8":"instock","9":"purchasable","10":"product-type-simple"},"aioseo_notices":[],"_links":{"self":[{"href":"https:\/\/www.eosart.ch\/en\/wp-json\/wp\/v2\/product\/2058530","targetHints":{"allow":["GET"]}}],"collection":[{"href":"https:\/\/www.eosart.ch\/en\/wp-json\/wp\/v2\/product"}],"about":[{"href":"https:\/\/www.eosart.ch\/en\/wp-json\/wp\/v2\/types\/product"}],"replies":[{"embeddable":true,"href":"https:\/\/www.eosart.ch\/en\/wp-json\/wp\/v2\/comments?post=2058530"}],"wp:attachment":[{"href":"https:\/\/www.eosart.ch\/en\/wp-json\/wp\/v2\/media?parent=2058530"}],"wp:term":[{"taxonomy":"product_brand","embeddable":true,"href":"https:\/\/www.eosart.ch\/en\/wp-json\/wp\/v2\/product_brand?post=2058530"},{"taxonomy":"product_cat","embeddable":true,"href":"https:\/\/www.eosart.ch\/en\/wp-json\/wp\/v2\/product_cat?post=2058530"},{"taxonomy":"product_tag","embeddable":true,"href":"https:\/\/www.eosart.ch\/en\/wp-json\/wp\/v2\/product_tag?post=2058530"}],"curies":[{"name":"wp","href":"https:\/\/api.w.org\/{rel}","templated":true}]}}