{"id":2049,"date":"2026-04-21T02:07:47","date_gmt":"2026-04-21T00:07:47","guid":{"rendered":"http:\/\/eosart.ch.w0153304.kasserver.com\/produkt\/oesterreicher-johann-heinrich-1805-1843-pulsadern-des-knies-arteriae-articulares\/"},"modified":"2026-04-21T02:08:38","modified_gmt":"2026-04-21T00:08:38","slug":"oesterreicher-johann-heinrich-1805-1843-pulsadern-des-knies-arteriae-articulares","status":"publish","type":"product","link":"https:\/\/www.eosart.ch\/en\/produkt\/oesterreicher-johann-heinrich-1805-1843-pulsadern-des-knies-arteriae-articulares\/","title":{"rendered":"Oesterreicher, Johann Heinrich (1805-1843): Pulsadern des Knie&#8217;s &#8211; Arteriae articulares."},"content":{"rendered":"<p> \u00a0\u00a0 Oesterreicher, Johann Heinrich (1805-1843): Pulsadern des Knie&#8217;s &#8211; Arteriae articulares.\u00a0 M\u00fcnchen, (um 1829). 2 Steingravuren mit je 4 Abb. nach (Marc Antonio) Caldani (dv. 1 in Umrissen). Bildgr\u00f6sse: 40 x 31 cm. (picture size). Blattgr\u00f6sse: 54 x 40 cm. (leaf size).<br \/>\nAnatomische Darstellung der Kniearterien (Arteria articularis). Heft XVI, Tafel 3 u. 4 aus &#8220;Oesterreicher&#8217;s anatomische Steinstiche. 5. Abtheilung: Gef\u00e4sse des menschlichen K\u00f6rpers&#8221;. &#8211; Leicht stockfleckig. &#8211; R\u00e9sum\u00e9: Part XVI, plate 3 and 4 of &#8220;Oesterreicher&#8217;s anatomische Steinstiche&#8230;&#8221;. 2 lithographic engravings, each with 4 illustr. after Caldani showing the knee arteries (thereof 1 in outlines).  &#8211; Slightly foxed.<\/p>\n<p>+ Wichtig: F\u00fcr unsere Kunden in der EU erfolgt der Versand alle 14 Tage verzollt ab Deutschland \/ Postbank-Konto in Deutschland vorhanden +<\/p>\n<p><strong>Bestellnummer<\/strong>: 1514AG<\/p>\n<p><span class=\"schlagwort\">Medizin \u2013 Psychologie \/ Medicine \u2013 Psychology, Anatomie \/ Anatomy, Lithographie \/ Lithography<\/span><\/p>\n","protected":false},"excerpt":{"rendered":"<p>   Oesterreicher, Johann Heinrich (1805-1843): Pulsadern des Knie&#8217;s &#8211; Arteriae articulares.<\/p>\n","protected":false},"featured_media":3053545,"comment_status":"closed","ping_status":"open","template":"","meta":[],"product_brand":[],"product_cat":[153],"product_tag":[],"class_list":{"0":"post-2049","1":"product","2":"type-product","3":"status-publish","4":"has-post-thumbnail","6":"product_cat-medizin-psychologie-medicine-psychology","8":"first","9":"instock","10":"purchasable","11":"product-type-simple"},"aioseo_notices":[],"_links":{"self":[{"href":"https:\/\/www.eosart.ch\/en\/wp-json\/wp\/v2\/product\/2049","targetHints":{"allow":["GET"]}}],"collection":[{"href":"https:\/\/www.eosart.ch\/en\/wp-json\/wp\/v2\/product"}],"about":[{"href":"https:\/\/www.eosart.ch\/en\/wp-json\/wp\/v2\/types\/product"}],"replies":[{"embeddable":true,"href":"https:\/\/www.eosart.ch\/en\/wp-json\/wp\/v2\/comments?post=2049"}],"wp:featuredmedia":[{"embeddable":true,"href":"https:\/\/www.eosart.ch\/en\/wp-json\/wp\/v2\/media\/3053545"}],"wp:attachment":[{"href":"https:\/\/www.eosart.ch\/en\/wp-json\/wp\/v2\/media?parent=2049"}],"wp:term":[{"taxonomy":"product_brand","embeddable":true,"href":"https:\/\/www.eosart.ch\/en\/wp-json\/wp\/v2\/product_brand?post=2049"},{"taxonomy":"product_cat","embeddable":true,"href":"https:\/\/www.eosart.ch\/en\/wp-json\/wp\/v2\/product_cat?post=2049"},{"taxonomy":"product_tag","embeddable":true,"href":"https:\/\/www.eosart.ch\/en\/wp-json\/wp\/v2\/product_tag?post=2049"}],"curies":[{"name":"wp","href":"https:\/\/api.w.org\/{rel}","templated":true}]}}