{"id":2025,"date":"2026-04-19T02:06:02","date_gmt":"2026-04-19T00:06:02","guid":{"rendered":"http:\/\/eosart.ch.w0153304.kasserver.com\/produkt\/oesterreicher-johann-heinrich-1805-1843-lunge\/"},"modified":"2026-04-19T02:06:40","modified_gmt":"2026-04-19T00:06:40","slug":"oesterreicher-johann-heinrich-1805-1843-lunge","status":"publish","type":"product","link":"https:\/\/www.eosart.ch\/en\/produkt\/oesterreicher-johann-heinrich-1805-1843-lunge\/","title":{"rendered":"Oesterreicher, Johann Heinrich (1805-1843): Lunge."},"content":{"rendered":"<p> \u00a0\u00a0 Oesterreicher, Johann Heinrich (1805-1843): Lunge.\u00a0 M\u00fcnchen, 1829. Lithographie mit 3 Abb. nach (Jules-Germain) Cloquet (in Umrissen). Bildgr\u00f6sse: 40 x 28 cm. (picture size). Blattgr\u00f6sse: 54 x 40 cm. (leaf size).<br \/>\nAnatomischer Thorax-Querschnitt und 2 Abb. der Lungengef\u00e4sse. Heft XIX, Tafel 3 aus &#8220;Oesterreicher&#8217;s anatomische Steinstiche. 4. Abtheilung: Eingeweide des menschlichen K\u00f6rpers&#8221;. &#8211; Leicht stockfleckig. &#8211; R\u00e9sum\u00e9: Part XIX, plate 3 of &#8220;Oesterreicher&#8217;s anatomische Steinstiche&#8230;&#8221;. Lithographic engraving with 3 illustr. after Cloquet showing thorax anatomy (transverse section) and 2 fig. with the loung vessels. &#8211; Slightly foxed.<\/p>\n<p>+ Wichtig: F\u00fcr unsere Kunden in der EU erfolgt der Versand alle 14 Tage verzollt ab Deutschland \/ Postbank-Konto in Deutschland vorhanden +<\/p>\n<p><strong>Bestellnummer<\/strong>: 1452AG<\/p>\n<p><span class=\"schlagwort\">Medizin \u2013 Psychologie \/ Medicine \u2013 Psychology, Anatomie \/ Anatomy, Lithographie \/ Lithography<\/span><\/p>\n","protected":false},"excerpt":{"rendered":"<p>   Oesterreicher, Johann Heinrich (1805-1843): Lunge.<\/p>\n","protected":false},"featured_media":3051578,"comment_status":"closed","ping_status":"open","template":"","meta":[],"product_brand":[],"product_cat":[153],"product_tag":[],"class_list":{"0":"post-2025","1":"product","2":"type-product","3":"status-publish","4":"has-post-thumbnail","6":"product_cat-medizin-psychologie-medicine-psychology","8":"first","9":"instock","10":"purchasable","11":"product-type-simple"},"aioseo_notices":[],"_links":{"self":[{"href":"https:\/\/www.eosart.ch\/en\/wp-json\/wp\/v2\/product\/2025","targetHints":{"allow":["GET"]}}],"collection":[{"href":"https:\/\/www.eosart.ch\/en\/wp-json\/wp\/v2\/product"}],"about":[{"href":"https:\/\/www.eosart.ch\/en\/wp-json\/wp\/v2\/types\/product"}],"replies":[{"embeddable":true,"href":"https:\/\/www.eosart.ch\/en\/wp-json\/wp\/v2\/comments?post=2025"}],"wp:featuredmedia":[{"embeddable":true,"href":"https:\/\/www.eosart.ch\/en\/wp-json\/wp\/v2\/media\/3051578"}],"wp:attachment":[{"href":"https:\/\/www.eosart.ch\/en\/wp-json\/wp\/v2\/media?parent=2025"}],"wp:term":[{"taxonomy":"product_brand","embeddable":true,"href":"https:\/\/www.eosart.ch\/en\/wp-json\/wp\/v2\/product_brand?post=2025"},{"taxonomy":"product_cat","embeddable":true,"href":"https:\/\/www.eosart.ch\/en\/wp-json\/wp\/v2\/product_cat?post=2025"},{"taxonomy":"product_tag","embeddable":true,"href":"https:\/\/www.eosart.ch\/en\/wp-json\/wp\/v2\/product_tag?post=2025"}],"curies":[{"name":"wp","href":"https:\/\/api.w.org\/{rel}","templated":true}]}}