{"id":2018,"date":"2026-05-02T02:08:01","date_gmt":"2026-05-02T00:08:01","guid":{"rendered":"http:\/\/eosart.ch.w0153304.kasserver.com\/produkt\/oesterreicher-johann-heinrich-1805-1843-halsnerven-2\/"},"modified":"2026-05-02T02:08:26","modified_gmt":"2026-05-02T00:08:26","slug":"oesterreicher-johann-heinrich-1805-1843-halsnerven","status":"publish","type":"product","link":"https:\/\/www.eosart.ch\/en\/produkt\/oesterreicher-johann-heinrich-1805-1843-halsnerven\/","title":{"rendered":"Oesterreicher, Johann Heinrich (1805-1843): Halsnerven."},"content":{"rendered":"<p> \u00a0\u00a0 Oesterreicher, Johann Heinrich (1805-1843): Halsnerven.\u00a0 M\u00fcnchen, (um 1829). 2 Lithographien mit je 2 Abb. nach  (Georg Thomas) Asch (dv. 1 in Umrissen). Bildgr\u00f6sse: 37 x 17 cm. (picture size). Blattgr\u00f6sse: 54 x 40 cm. (leaf size).<br \/>\nAnatomische Darstellung der Halsnerven. Heft XII, Tafel 19 u. 20 aus &#8220;Oesterreicher&#8217;s anatomische Steinstiche. 6. Abtheilung: Nerven des menschlichen K\u00f6rpers&#8221;. &#8211; Stockfleckig. &#8211; R\u00e9sum\u00e9: Part XII, plate 19 and 20 of &#8220;Oesterreicher&#8217;s anatomische Steinstiche&#8230;&#8221;. 2 lithographic engravings, each with 2 illustr. after Asch showing the anatomy of the cervical nerves (thereof 1 in outlines). &#8211; Foxed.<\/p>\n<p>+ Wichtig: F\u00fcr unsere Kunden in der EU erfolgt der Versand alle 14 Tage verzollt ab Deutschland \/ Postbank-Konto in Deutschland vorhanden +<\/p>\n<p><strong>Bestellnummer<\/strong>: 1501AG<\/p>\n<p><span class=\"schlagwort\">Medizin \u2013 Psychologie \/ Medicine \u2013 Psychology, Anatomie \/ Anatomy, Lithographie \/ Lithography<\/span><\/p>\n","protected":false},"excerpt":{"rendered":"<p>   Oesterreicher, Johann Heinrich (1805-1843): Halsnerven.<\/p>\n","protected":false},"featured_media":3064597,"comment_status":"closed","ping_status":"open","template":"","meta":[],"product_brand":[],"product_cat":[153],"product_tag":[],"class_list":{"0":"post-2018","1":"product","2":"type-product","3":"status-publish","4":"has-post-thumbnail","6":"product_cat-medizin-psychologie-medicine-psychology","8":"first","9":"instock","10":"purchasable","11":"product-type-simple"},"aioseo_notices":[],"_links":{"self":[{"href":"https:\/\/www.eosart.ch\/en\/wp-json\/wp\/v2\/product\/2018","targetHints":{"allow":["GET"]}}],"collection":[{"href":"https:\/\/www.eosart.ch\/en\/wp-json\/wp\/v2\/product"}],"about":[{"href":"https:\/\/www.eosart.ch\/en\/wp-json\/wp\/v2\/types\/product"}],"replies":[{"embeddable":true,"href":"https:\/\/www.eosart.ch\/en\/wp-json\/wp\/v2\/comments?post=2018"}],"wp:featuredmedia":[{"embeddable":true,"href":"https:\/\/www.eosart.ch\/en\/wp-json\/wp\/v2\/media\/3064597"}],"wp:attachment":[{"href":"https:\/\/www.eosart.ch\/en\/wp-json\/wp\/v2\/media?parent=2018"}],"wp:term":[{"taxonomy":"product_brand","embeddable":true,"href":"https:\/\/www.eosart.ch\/en\/wp-json\/wp\/v2\/product_brand?post=2018"},{"taxonomy":"product_cat","embeddable":true,"href":"https:\/\/www.eosart.ch\/en\/wp-json\/wp\/v2\/product_cat?post=2018"},{"taxonomy":"product_tag","embeddable":true,"href":"https:\/\/www.eosart.ch\/en\/wp-json\/wp\/v2\/product_tag?post=2018"}],"curies":[{"name":"wp","href":"https:\/\/api.w.org\/{rel}","templated":true}]}}