{"id":2011325,"date":"2026-04-29T02:29:27","date_gmt":"2026-04-29T00:29:27","guid":{"rendered":"https:\/\/www.eosart.ch\/produkt\/uetliberg-bahn-1895\/"},"modified":"2026-04-29T02:30:28","modified_gmt":"2026-04-29T00:30:28","slug":"uetliberg-bahn-1895","status":"publish","type":"product","link":"https:\/\/www.eosart.ch\/en\/produkt\/uetliberg-bahn-1895\/","title":{"rendered":"Uetliberg-Bahn 1895."},"content":{"rendered":"<p>  Uetliberg-Bahn 1895.\u00a0 Z\u00fcrich,  Orell F\u00fcssli,  1895 Farb. Lithographie von 1895.  Bildgr\u00f6sse: 95 x 63 cm.  Blattgr\u00f6sse: 100 x 68 cm.<br \/>\nOhne den jeweils eingedruckten Fahrplan. &#8211; Sehr guter Zustand.<\/p>\n<p>+ Wichtig: F\u00fcr unsere Kunden in der EU erfolgt der Versand alle 14 Tage verzollt ab Deutschland \/ Postbank-Konto in Deutschland vorhanden +<\/p>\n<p><strong>Bestellnummer<\/strong>: 991DG<\/p>\n<p><span class=\"schlagwort\">Helvetica \u2013 Schweiz \/ Books and prints pertaining Switzerland, Eisenbahn \/ Railway, Turicensia &#8211; Stadt Z\u00fcrich \/ Zurich City, Uetliberg, Verkehr \/ Traffic<\/span><\/p>\n","protected":false},"excerpt":{"rendered":"<p>    Uetliberg-Bahn 1895.<\/p>\n","protected":false},"featured_media":3061746,"comment_status":"closed","ping_status":"open","template":"","meta":[],"product_brand":[],"product_cat":[176],"product_tag":[],"class_list":{"0":"post-2011325","1":"product","2":"type-product","3":"status-publish","4":"has-post-thumbnail","6":"product_cat-helvetica-schweiz-books-and-prints-pertaining-switzerland","8":"first","9":"instock","10":"purchasable","11":"product-type-simple"},"aioseo_notices":[],"_links":{"self":[{"href":"https:\/\/www.eosart.ch\/en\/wp-json\/wp\/v2\/product\/2011325","targetHints":{"allow":["GET"]}}],"collection":[{"href":"https:\/\/www.eosart.ch\/en\/wp-json\/wp\/v2\/product"}],"about":[{"href":"https:\/\/www.eosart.ch\/en\/wp-json\/wp\/v2\/types\/product"}],"replies":[{"embeddable":true,"href":"https:\/\/www.eosart.ch\/en\/wp-json\/wp\/v2\/comments?post=2011325"}],"wp:featuredmedia":[{"embeddable":true,"href":"https:\/\/www.eosart.ch\/en\/wp-json\/wp\/v2\/media\/3061746"}],"wp:attachment":[{"href":"https:\/\/www.eosart.ch\/en\/wp-json\/wp\/v2\/media?parent=2011325"}],"wp:term":[{"taxonomy":"product_brand","embeddable":true,"href":"https:\/\/www.eosart.ch\/en\/wp-json\/wp\/v2\/product_brand?post=2011325"},{"taxonomy":"product_cat","embeddable":true,"href":"https:\/\/www.eosart.ch\/en\/wp-json\/wp\/v2\/product_cat?post=2011325"},{"taxonomy":"product_tag","embeddable":true,"href":"https:\/\/www.eosart.ch\/en\/wp-json\/wp\/v2\/product_tag?post=2011325"}],"curies":[{"name":"wp","href":"https:\/\/api.w.org\/{rel}","templated":true}]}}