{"id":2009,"date":"2026-04-26T02:05:22","date_gmt":"2026-04-26T00:05:22","guid":{"rendered":"http:\/\/eosart.ch.w0153304.kasserver.com\/produkt\/oesterreicher-johann-heinrich-1805-1843-das-ohr\/"},"modified":"2026-04-26T02:06:33","modified_gmt":"2026-04-26T00:06:33","slug":"oesterreicher-johann-heinrich-1805-1843-das-ohr","status":"publish","type":"product","link":"https:\/\/www.eosart.ch\/en\/produkt\/oesterreicher-johann-heinrich-1805-1843-das-ohr\/","title":{"rendered":"Oesterreicher, Johann Heinrich (1805-1843): Das Ohr."},"content":{"rendered":"<p> \u00a0\u00a0 Oesterreicher, Johann Heinrich (1805-1843): Das Ohr.\u00a0 M\u00fcnchen, 1829. 2 Lithographien mit je 10 Abb. nach (Samuel Thomas) Soemmerring und (John Cunningham) Saunders (dv. 1 in Umrissen). Bildgr\u00f6sse: 40 x 30 cm. (picture size). Blattgr\u00f6sse: 54 x 40 cm. (leaf size).<br \/>\nAnatomische Darstellung des Ohrs. Heft XIV, Tafel 1 u. 2 aus &#8220;Oesterreicher&#8217;s anatomische Steinstiche. 4. Abtheilung: Eingeweide des menschlichen K\u00f6rpers&#8221;. &#8211; Stockfleckig. &#8211; R\u00e9sum\u00e9: Part XIV, plate 1 and 2 of &#8220;Oesterreicher&#8217;s anatomische Steinstiche&#8230;&#8221;. 2 lithographic engravings after Soemmerring and Saunders, each with 10 illustr. showing the anatomy of the ear (thereof 1 in outlines). &#8211; Foxed.<\/p>\n<p>+ Wichtig: F\u00fcr unsere Kunden in der EU erfolgt der Versand alle 14 Tage verzollt ab Deutschland \/ Postbank-Konto in Deutschland vorhanden +<\/p>\n<p><strong>Bestellnummer<\/strong>: 1458AG<\/p>\n<p><span class=\"schlagwort\">Medizin \u2013 Psychologie \/ Medicine \u2013 Psychology, Anatomie \/ Anatomy, Lithographie \/ Lithography<\/span><\/p>\n","protected":false},"excerpt":{"rendered":"<p>   Oesterreicher, Johann Heinrich (1805-1843): Das Ohr.<\/p>\n","protected":false},"featured_media":3058528,"comment_status":"closed","ping_status":"open","template":"","meta":[],"product_brand":[],"product_cat":[153],"product_tag":[],"class_list":{"0":"post-2009","1":"product","2":"type-product","3":"status-publish","4":"has-post-thumbnail","6":"product_cat-medizin-psychologie-medicine-psychology","8":"first","9":"instock","10":"purchasable","11":"product-type-simple"},"aioseo_notices":[],"_links":{"self":[{"href":"https:\/\/www.eosart.ch\/en\/wp-json\/wp\/v2\/product\/2009","targetHints":{"allow":["GET"]}}],"collection":[{"href":"https:\/\/www.eosart.ch\/en\/wp-json\/wp\/v2\/product"}],"about":[{"href":"https:\/\/www.eosart.ch\/en\/wp-json\/wp\/v2\/types\/product"}],"replies":[{"embeddable":true,"href":"https:\/\/www.eosart.ch\/en\/wp-json\/wp\/v2\/comments?post=2009"}],"wp:featuredmedia":[{"embeddable":true,"href":"https:\/\/www.eosart.ch\/en\/wp-json\/wp\/v2\/media\/3058528"}],"wp:attachment":[{"href":"https:\/\/www.eosart.ch\/en\/wp-json\/wp\/v2\/media?parent=2009"}],"wp:term":[{"taxonomy":"product_brand","embeddable":true,"href":"https:\/\/www.eosart.ch\/en\/wp-json\/wp\/v2\/product_brand?post=2009"},{"taxonomy":"product_cat","embeddable":true,"href":"https:\/\/www.eosart.ch\/en\/wp-json\/wp\/v2\/product_cat?post=2009"},{"taxonomy":"product_tag","embeddable":true,"href":"https:\/\/www.eosart.ch\/en\/wp-json\/wp\/v2\/product_tag?post=2009"}],"curies":[{"name":"wp","href":"https:\/\/api.w.org\/{rel}","templated":true}]}}