{"id":1987,"date":"2026-05-09T02:12:02","date_gmt":"2026-05-09T00:12:02","guid":{"rendered":"http:\/\/eosart.ch.w0153304.kasserver.com\/produkt\/moore-thomas-1870-1944-engl-lyriker-kritiker-u-dramatiker\/"},"modified":"2026-05-09T02:12:02","modified_gmt":"2026-05-09T00:12:02","slug":"moore-thomas-1870-1944-engl-lyriker-kritiker-u-dramatiker","status":"publish","type":"product","link":"https:\/\/www.eosart.ch\/en\/produkt\/moore-thomas-1870-1944-engl-lyriker-kritiker-u-dramatiker\/","title":{"rendered":"Moore, Thomas  (1870-1944): Engl. Lyriker, Kritiker u. Dramatiker."},"content":{"rendered":"<p> \u00a0\u00a0 Moore, Thomas  (1870-1944): Engl. Lyriker, Kritiker u. Dramatiker.\u00a0 O.J. (um 1840). Stahlstich (Brustst\u00fcck). Bildgr\u00f6sse: 10 x 8 cm. Blattgr\u00f6sse: 28,5 x 22 cm.<br \/>\nEtwas stockfleckig.<\/p>\n<p>+ Wichtig: F\u00fcr unsere Kunden in der EU erfolgt der Versand alle 14 Tage verzollt ab Deutschland \/ Postbank-Konto in Deutschland vorhanden +<\/p>\n<p><strong>Bestellnummer<\/strong>: 38CG<\/p>\n<p><span class=\"schlagwort\">Portraits \u2013 Portr\u00e4ts, Englische Literatur \/ English literature, Literatur \/ Literature, Schriftstellerin &#8211; Schriftsteller \/ Author , Stahlstich \/ Steel engraving<\/span><\/p>\n","protected":false},"excerpt":{"rendered":"<p>   Moore, Thomas  (1870-1944): Engl. Lyriker, Kritiker u. Dramatiker.<\/p>\n","protected":false},"featured_media":0,"comment_status":"closed","ping_status":"open","template":"","meta":[],"product_brand":[],"product_cat":[157],"product_tag":[],"class_list":{"0":"post-1987","1":"product","2":"type-product","3":"status-publish","5":"product_cat-portraits-portraets","7":"first","8":"instock","9":"purchasable","10":"product-type-simple"},"aioseo_notices":[],"_links":{"self":[{"href":"https:\/\/www.eosart.ch\/en\/wp-json\/wp\/v2\/product\/1987","targetHints":{"allow":["GET"]}}],"collection":[{"href":"https:\/\/www.eosart.ch\/en\/wp-json\/wp\/v2\/product"}],"about":[{"href":"https:\/\/www.eosart.ch\/en\/wp-json\/wp\/v2\/types\/product"}],"replies":[{"embeddable":true,"href":"https:\/\/www.eosart.ch\/en\/wp-json\/wp\/v2\/comments?post=1987"}],"wp:attachment":[{"href":"https:\/\/www.eosart.ch\/en\/wp-json\/wp\/v2\/media?parent=1987"}],"wp:term":[{"taxonomy":"product_brand","embeddable":true,"href":"https:\/\/www.eosart.ch\/en\/wp-json\/wp\/v2\/product_brand?post=1987"},{"taxonomy":"product_cat","embeddable":true,"href":"https:\/\/www.eosart.ch\/en\/wp-json\/wp\/v2\/product_cat?post=1987"},{"taxonomy":"product_tag","embeddable":true,"href":"https:\/\/www.eosart.ch\/en\/wp-json\/wp\/v2\/product_tag?post=1987"}],"curies":[{"name":"wp","href":"https:\/\/api.w.org\/{rel}","templated":true}]}}