{"id":1968,"date":"2026-04-27T02:16:02","date_gmt":"2026-04-27T00:16:02","guid":{"rendered":"http:\/\/eosart.ch.w0153304.kasserver.com\/produkt\/keller-heinrich-1778-1862-panorama-der-katze-gebirgs-kette-von-zuerich-aus-ii-darstellung-der-von-zuerich-aus-sichtbaren-gebirge-vue-des-alpes-prise-depuis-la-ville-de-zuerich-iii\/"},"modified":"2026-04-27T02:17:10","modified_gmt":"2026-04-27T00:17:10","slug":"keller-heinrich-1778-1862-panorama-der-katze-gebirgs-kette-von-zuerich-aus-ii-darstellung-der-von-zuerich-aus-sichtbaren-gebirge-vue-des-alpes-prise-depuis-la-ville-de-zuerich-iii","status":"publish","type":"product","link":"https:\/\/www.eosart.ch\/en\/produkt\/keller-heinrich-1778-1862-panorama-der-katze-gebirgs-kette-von-zuerich-aus-ii-darstellung-der-von-zuerich-aus-sichtbaren-gebirge-vue-des-alpes-prise-depuis-la-ville-de-zuerich-iii\/","title":{"rendered":"Keller, Heinrich (1778-1862): Panorama der Katze &#8211; Gebirgs-Kette von Z\u00fcrich aus. &#8211; (II:) Darstellung der von Z\u00fcrich aus sichtbaren Gebirge \/ Vue des Alpes prise depuis la ville de Z\u00fcrich. &#8211; (III:) H\u00f6hen-Vergleichung der von Z\u00fcrich aus sichtbaren Gebirge."},"content":{"rendered":"<p> \u00a0\u00a0 Keller, Heinrich (1778-1862): Panorama der Katze &#8211; Gebirgs-Kette von Z\u00fcrich aus. &#8211; (II:) Darstellung der von Z\u00fcrich aus sichtbaren Gebirge \/ Vue des Alpes prise depuis la ville de Z\u00fcrich. &#8211; (III:) H\u00f6hen-Vergleichung der von Z\u00fcrich aus sichtbaren Gebirge.\u00a0 (Z\u00fcrich, F\u00fcssli Komm., 1813). 3 Umrissradierungen. I: 150 x 17 cm. &#8211; II: 62 x 17 cm. &#8211; III: 37 x 12,5 cm.<br \/>\nIn kartoniertem Umschlag mit gedrucktem und handschr. Deckeltitel. &#8211; Papier stockfleckig. Umschlag berieben. R\u00fcckenbezug fehlt.<\/p>\n<p>+ Wichtig: F\u00fcr unsere Kunden in der EU erfolgt der Versand alle 14 Tage verzollt ab Deutschland \/ Postbank-Konto in Deutschland vorhanden +<\/p>\n<p><strong>Bestellnummer<\/strong>: 715CG<\/p>\n<p><span class=\"schlagwort\">Helvetica \u2013 Schweiz \/ Books and prints pertaining Switzerland, Panorama, Radierung \/ Etching, Topographische Ansichten \/ Topographical views &#8211; maps<\/span><\/p>\n","protected":false},"excerpt":{"rendered":"<p>   Keller, Heinrich (1778-1862): Panorama der Katze &#8211; Gebirgs-Kette von Z\u00fcrich aus. &#8211; (II:) Darstellung der von Z\u00fcrich aus sichtbaren Gebirge \/ Vue des Alpes prise depuis la ville de Z\u00fcrich. &#8211; (III:) H\u00f6hen-Vergleichung der von Z\u00fcrich aus sichtbaren Gebirge.<\/p>\n","protected":false},"featured_media":0,"comment_status":"closed","ping_status":"open","template":"","meta":[],"product_brand":[],"product_cat":[176],"product_tag":[],"class_list":{"0":"post-1968","1":"product","2":"type-product","3":"status-publish","5":"product_cat-helvetica-schweiz-books-and-prints-pertaining-switzerland","7":"first","8":"instock","9":"purchasable","10":"product-type-simple"},"aioseo_notices":[],"_links":{"self":[{"href":"https:\/\/www.eosart.ch\/en\/wp-json\/wp\/v2\/product\/1968","targetHints":{"allow":["GET"]}}],"collection":[{"href":"https:\/\/www.eosart.ch\/en\/wp-json\/wp\/v2\/product"}],"about":[{"href":"https:\/\/www.eosart.ch\/en\/wp-json\/wp\/v2\/types\/product"}],"replies":[{"embeddable":true,"href":"https:\/\/www.eosart.ch\/en\/wp-json\/wp\/v2\/comments?post=1968"}],"wp:attachment":[{"href":"https:\/\/www.eosart.ch\/en\/wp-json\/wp\/v2\/media?parent=1968"}],"wp:term":[{"taxonomy":"product_brand","embeddable":true,"href":"https:\/\/www.eosart.ch\/en\/wp-json\/wp\/v2\/product_brand?post=1968"},{"taxonomy":"product_cat","embeddable":true,"href":"https:\/\/www.eosart.ch\/en\/wp-json\/wp\/v2\/product_cat?post=1968"},{"taxonomy":"product_tag","embeddable":true,"href":"https:\/\/www.eosart.ch\/en\/wp-json\/wp\/v2\/product_tag?post=1968"}],"curies":[{"name":"wp","href":"https:\/\/api.w.org\/{rel}","templated":true}]}}