{"id":1944,"date":"2026-04-29T02:10:02","date_gmt":"2026-04-29T00:10:02","guid":{"rendered":"http:\/\/eosart.ch.w0153304.kasserver.com\/produkt\/erdl-michael-pius-1815-1848-knochenlehre-4\/"},"modified":"2026-04-29T02:11:09","modified_gmt":"2026-04-29T00:11:09","slug":"erdl-michael-pius-1815-1848-knochenlehre-3","status":"publish","type":"product","link":"https:\/\/www.eosart.ch\/en\/produkt\/erdl-michael-pius-1815-1848-knochenlehre-3\/","title":{"rendered":"Erdl, M(ichael) P(ius) (1815-1848): Knochenlehre."},"content":{"rendered":"<p> \u00a0\u00a0 Erdl, M(ichael) P(ius) (1815-1848): Knochenlehre.\u00a0 M\u00fcnchen, J. Palm, 1846. Steingravur mit 16 Abb. Bildgr\u00f6sse: 43,5 x 32 cm. (picture size). Blattgr\u00f6sse: 54 x 40 (leaf size).<br \/>\nAnatomische Darstellung der Handknochen. Tafel 7 aus &#8220;H. Oesterreicher&#8217;s anatomische Steinstiche oder bildliche Darstellung des menschlichen K\u00f6rpers&#8221;. &#8211; Minim lichtrandig. &#8211; R\u00e9sum\u00e9: Plate 7 of &#8220;H. Oesterreicher&#8217;s anatomische Steinstiche&#8230;&#8221;. Lithographic engraving with 16 illustr. showing the hand bones anatomy. &#8211; Margins slightly browned.<\/p>\n<p>+ Wichtig: F\u00fcr unsere Kunden in der EU erfolgt der Versand alle 14 Tage verzollt ab Deutschland \/ Postbank-Konto in Deutschland vorhanden +<\/p>\n<p><strong>Bestellnummer<\/strong>: 1445AG<\/p>\n<p><span class=\"schlagwort\">Medizin \u2013 Psychologie \/ Medicine \u2013 Psychology, Anatomie \/ Anatomy, Lithographie \/ Lithography<\/span><\/p>\n","protected":false},"excerpt":{"rendered":"<p>   Erdl, M(ichael) P(ius) (1815-1848): Knochenlehre.<\/p>\n","protected":false},"featured_media":3061545,"comment_status":"closed","ping_status":"open","template":"","meta":[],"product_brand":[],"product_cat":[153],"product_tag":[],"class_list":{"0":"post-1944","1":"product","2":"type-product","3":"status-publish","4":"has-post-thumbnail","6":"product_cat-medizin-psychologie-medicine-psychology","8":"first","9":"instock","10":"purchasable","11":"product-type-simple"},"aioseo_notices":[],"_links":{"self":[{"href":"https:\/\/www.eosart.ch\/en\/wp-json\/wp\/v2\/product\/1944","targetHints":{"allow":["GET"]}}],"collection":[{"href":"https:\/\/www.eosart.ch\/en\/wp-json\/wp\/v2\/product"}],"about":[{"href":"https:\/\/www.eosart.ch\/en\/wp-json\/wp\/v2\/types\/product"}],"replies":[{"embeddable":true,"href":"https:\/\/www.eosart.ch\/en\/wp-json\/wp\/v2\/comments?post=1944"}],"wp:featuredmedia":[{"embeddable":true,"href":"https:\/\/www.eosart.ch\/en\/wp-json\/wp\/v2\/media\/3061545"}],"wp:attachment":[{"href":"https:\/\/www.eosart.ch\/en\/wp-json\/wp\/v2\/media?parent=1944"}],"wp:term":[{"taxonomy":"product_brand","embeddable":true,"href":"https:\/\/www.eosart.ch\/en\/wp-json\/wp\/v2\/product_brand?post=1944"},{"taxonomy":"product_cat","embeddable":true,"href":"https:\/\/www.eosart.ch\/en\/wp-json\/wp\/v2\/product_cat?post=1944"},{"taxonomy":"product_tag","embeddable":true,"href":"https:\/\/www.eosart.ch\/en\/wp-json\/wp\/v2\/product_tag?post=1944"}],"curies":[{"name":"wp","href":"https:\/\/api.w.org\/{rel}","templated":true}]}}