{"id":1937,"date":"2026-04-15T02:06:02","date_gmt":"2026-04-15T00:06:02","guid":{"rendered":"http:\/\/eosart.ch.w0153304.kasserver.com\/produkt\/erdl-michael-pius-1815-1848-gefaesslehre-7\/"},"modified":"2026-04-15T02:06:44","modified_gmt":"2026-04-15T00:06:44","slug":"erdl-michael-pius-1815-1848-gefaesslehre-7","status":"publish","type":"product","link":"https:\/\/www.eosart.ch\/en\/produkt\/erdl-michael-pius-1815-1848-gefaesslehre-7\/","title":{"rendered":"Erdl, M(ichael) P(ius) (1815-1848): Gef\u00e4sslehre."},"content":{"rendered":"<p> \u00a0\u00a0 Erdl, M(ichael) P(ius) (1815-1848): Gef\u00e4sslehre.\u00a0 M\u00fcnchen, J. Palm, 1846. 2 Steingravuren mit je 4 Abb. (dv. 1 in Umrissen). Bildgr\u00f6sse: 43,5 x 33 cm. (picture size). Blattgr\u00f6sse: 54 x 40 cm. (leaf size).<br \/>\nAntatomische Darstellung von Arm und Schulter mit den oberfl\u00e4chlichen Gef\u00e4ssen. Tafel 18 u. 19 aus &#8220;H. Oesterreicher&#8217;s anatomische Steinstiche oder bildliche Darstellung des menschlichen K\u00f6rpers&#8221;. &#8211; Leicht gebr\u00e4unt. &#8211; R\u00e9sum\u00e9: Plate 18 and 19 of &#8220;H. Oesterreicher&#8217;s anatomische Steinstiche&#8230;&#8221;. 2 lithographic engravings, each with 4 illustr. showing the shoulder and arm anatomy with vessels (thereof 1 in outlines). Slightly browned.<\/p>\n<p>+ Wichtig: F\u00fcr unsere Kunden in der EU erfolgt der Versand alle 14 Tage verzollt ab Deutschland \/ Postbank-Konto in Deutschland vorhanden +<\/p>\n<p><strong>Bestellnummer<\/strong>: 1436AG<\/p>\n<p><span class=\"schlagwort\">Medizin \u2013 Psychologie \/ Medicine \u2013 Psychology, Anatomie \/ Anatomy, Lithographie \/ Lithography<\/span><\/p>\n","protected":false},"excerpt":{"rendered":"<p>   Erdl, M(ichael) P(ius) (1815-1848): Gef\u00e4sslehre.<\/p>\n","protected":false},"featured_media":3047632,"comment_status":"closed","ping_status":"open","template":"","meta":[],"product_brand":[],"product_cat":[153],"product_tag":[],"class_list":{"0":"post-1937","1":"product","2":"type-product","3":"status-publish","4":"has-post-thumbnail","6":"product_cat-medizin-psychologie-medicine-psychology","8":"first","9":"instock","10":"purchasable","11":"product-type-simple"},"aioseo_notices":[],"_links":{"self":[{"href":"https:\/\/www.eosart.ch\/en\/wp-json\/wp\/v2\/product\/1937","targetHints":{"allow":["GET"]}}],"collection":[{"href":"https:\/\/www.eosart.ch\/en\/wp-json\/wp\/v2\/product"}],"about":[{"href":"https:\/\/www.eosart.ch\/en\/wp-json\/wp\/v2\/types\/product"}],"replies":[{"embeddable":true,"href":"https:\/\/www.eosart.ch\/en\/wp-json\/wp\/v2\/comments?post=1937"}],"wp:featuredmedia":[{"embeddable":true,"href":"https:\/\/www.eosart.ch\/en\/wp-json\/wp\/v2\/media\/3047632"}],"wp:attachment":[{"href":"https:\/\/www.eosart.ch\/en\/wp-json\/wp\/v2\/media?parent=1937"}],"wp:term":[{"taxonomy":"product_brand","embeddable":true,"href":"https:\/\/www.eosart.ch\/en\/wp-json\/wp\/v2\/product_brand?post=1937"},{"taxonomy":"product_cat","embeddable":true,"href":"https:\/\/www.eosart.ch\/en\/wp-json\/wp\/v2\/product_cat?post=1937"},{"taxonomy":"product_tag","embeddable":true,"href":"https:\/\/www.eosart.ch\/en\/wp-json\/wp\/v2\/product_tag?post=1937"}],"curies":[{"name":"wp","href":"https:\/\/api.w.org\/{rel}","templated":true}]}}