{"id":1935,"date":"2026-05-06T02:07:24","date_gmt":"2026-05-06T00:07:24","guid":{"rendered":"http:\/\/eosart.ch.w0153304.kasserver.com\/produkt\/erdl-michael-pius-1815-1848-gefaesslehre-5\/"},"modified":"2026-05-06T02:07:58","modified_gmt":"2026-05-06T00:07:58","slug":"erdl-michael-pius-1815-1848-gefaesslehre-5","status":"publish","type":"product","link":"https:\/\/www.eosart.ch\/en\/produkt\/erdl-michael-pius-1815-1848-gefaesslehre-5\/","title":{"rendered":"Erdl, M(ichael) P(ius) (1815-1848): Gef\u00e4sslehre."},"content":{"rendered":"<p> \u00a0\u00a0 Erdl, M(ichael) P(ius) (1815-1848): Gef\u00e4sslehre.\u00a0 M\u00fcnchen, J. Palm, 1846. 2 Steingravuren (dv. 1 in Umrissen). Bildgr\u00f6sse: 44 x 38 cm. (picture size). Blattgr\u00f6sse: 54 x 40 cm. (leaf size).<br \/>\nAnatomische Darstellung der Extremit\u00e4ten mit Lymphgef\u00e4ssen. Tafel 34 u. 35 aus &#8220;H. Oesterreicher&#8217;s anatomische Steinstiche oder bildliche Darstellung des menschlichen K\u00f6rpers&#8221;. &#8211; Leicht gebr\u00e4unt. &#8211; R\u00e9sum\u00e9: Plate 34 and 35 of &#8220;H. Oesterreicher&#8217;s anatomische Steinstiche&#8230;&#8221;. 2 lithographic engravings showing the extremities anatomy with lymphatic vessels  (thereof 1 in outlines). &#8211; Slightly browned.<\/p>\n<p>+ Wichtig: F\u00fcr unsere Kunden in der EU erfolgt der Versand alle 14 Tage verzollt ab Deutschland \/ Postbank-Konto in Deutschland vorhanden +<\/p>\n<p><strong>Bestellnummer<\/strong>: 1428AG<\/p>\n<p><span class=\"schlagwort\">Medizin \u2013 Psychologie \/ Medicine \u2013 Psychology, Anatomie \/ Anatomy, Lithographie \/ Lithography<\/span><\/p>\n","protected":false},"excerpt":{"rendered":"<p>   Erdl, M(ichael) P(ius) (1815-1848): Gef\u00e4sslehre.<\/p>\n","protected":false},"featured_media":3068507,"comment_status":"closed","ping_status":"open","template":"","meta":[],"product_brand":[],"product_cat":[153],"product_tag":[],"class_list":{"0":"post-1935","1":"product","2":"type-product","3":"status-publish","4":"has-post-thumbnail","6":"product_cat-medizin-psychologie-medicine-psychology","8":"first","9":"instock","10":"purchasable","11":"product-type-simple"},"aioseo_notices":[],"_links":{"self":[{"href":"https:\/\/www.eosart.ch\/en\/wp-json\/wp\/v2\/product\/1935","targetHints":{"allow":["GET"]}}],"collection":[{"href":"https:\/\/www.eosart.ch\/en\/wp-json\/wp\/v2\/product"}],"about":[{"href":"https:\/\/www.eosart.ch\/en\/wp-json\/wp\/v2\/types\/product"}],"replies":[{"embeddable":true,"href":"https:\/\/www.eosart.ch\/en\/wp-json\/wp\/v2\/comments?post=1935"}],"wp:featuredmedia":[{"embeddable":true,"href":"https:\/\/www.eosart.ch\/en\/wp-json\/wp\/v2\/media\/3068507"}],"wp:attachment":[{"href":"https:\/\/www.eosart.ch\/en\/wp-json\/wp\/v2\/media?parent=1935"}],"wp:term":[{"taxonomy":"product_brand","embeddable":true,"href":"https:\/\/www.eosart.ch\/en\/wp-json\/wp\/v2\/product_brand?post=1935"},{"taxonomy":"product_cat","embeddable":true,"href":"https:\/\/www.eosart.ch\/en\/wp-json\/wp\/v2\/product_cat?post=1935"},{"taxonomy":"product_tag","embeddable":true,"href":"https:\/\/www.eosart.ch\/en\/wp-json\/wp\/v2\/product_tag?post=1935"}],"curies":[{"name":"wp","href":"https:\/\/api.w.org\/{rel}","templated":true}]}}