{"id":1933,"date":"2026-04-28T02:08:01","date_gmt":"2026-04-28T00:08:01","guid":{"rendered":"http:\/\/eosart.ch.w0153304.kasserver.com\/produkt\/erdl-michael-pius-1815-1848-gefaesslehre-3\/"},"modified":"2026-04-28T02:08:42","modified_gmt":"2026-04-28T00:08:42","slug":"erdl-michael-pius-1815-1848-gefaesslehre-3","status":"publish","type":"product","link":"https:\/\/www.eosart.ch\/en\/produkt\/erdl-michael-pius-1815-1848-gefaesslehre-3\/","title":{"rendered":"Erdl, M(ichael) P(ius) (1815-1848): Gef\u00e4sslehre."},"content":{"rendered":"<p> \u00a0\u00a0 Erdl, M(ichael) P(ius) (1815-1848): Gef\u00e4sslehre.\u00a0 M\u00fcnchen, J. Palm, 1846. 2 Steingravuren zur Angiologie der Nieren, Leber, Milz und Blase  (dv. 1 in Umrissen). Bildgr\u00f6sse: 50 x 28 cm. (picture size). Blattgr\u00f6sse: 54 x 40 cm. (leaf size).<br \/>\nAnatomische Darstellung der Lymphgef\u00e4sse mit Leber, Nieren, Blase und Leisten.Tafel 38 u. 39 aus &#8220;H. Oesterreicher&#8217;s anatomische Steinstiche oder bildliche Darstellung des menschlichen K\u00f6rpers&#8221;. &#8211; Leicht gebr\u00e4unt. &#8211; R\u00e9sum\u00e9: Plate 38 and 39 of &#8220;H. Oesterreicher&#8217;s anatomische Steinstiche&#8230;&#8221;. 2 lithographic engravings showing the lymphatic vessels with kidneys, liver, milt and bladder (thereof 1 in outlines). Slightly browned.<\/p>\n<p>+ Wichtig: F\u00fcr unsere Kunden in der EU erfolgt der Versand alle 14 Tage verzollt ab Deutschland \/ Postbank-Konto in Deutschland vorhanden +<\/p>\n<p><strong>Bestellnummer<\/strong>: 1426AG<\/p>\n<p><span class=\"schlagwort\">Medizin \u2013 Psychologie \/ Medicine \u2013 Psychology, Anatomie \/ Anatomy, Lithographie \/ Lithography<\/span><\/p>\n","protected":false},"excerpt":{"rendered":"<p>   Erdl, M(ichael) P(ius) (1815-1848): Gef\u00e4sslehre.<\/p>\n","protected":false},"featured_media":3060516,"comment_status":"closed","ping_status":"open","template":"","meta":[],"product_brand":[],"product_cat":[153],"product_tag":[],"class_list":{"0":"post-1933","1":"product","2":"type-product","3":"status-publish","4":"has-post-thumbnail","6":"product_cat-medizin-psychologie-medicine-psychology","8":"first","9":"instock","10":"purchasable","11":"product-type-simple"},"aioseo_notices":[],"_links":{"self":[{"href":"https:\/\/www.eosart.ch\/en\/wp-json\/wp\/v2\/product\/1933","targetHints":{"allow":["GET"]}}],"collection":[{"href":"https:\/\/www.eosart.ch\/en\/wp-json\/wp\/v2\/product"}],"about":[{"href":"https:\/\/www.eosart.ch\/en\/wp-json\/wp\/v2\/types\/product"}],"replies":[{"embeddable":true,"href":"https:\/\/www.eosart.ch\/en\/wp-json\/wp\/v2\/comments?post=1933"}],"wp:featuredmedia":[{"embeddable":true,"href":"https:\/\/www.eosart.ch\/en\/wp-json\/wp\/v2\/media\/3060516"}],"wp:attachment":[{"href":"https:\/\/www.eosart.ch\/en\/wp-json\/wp\/v2\/media?parent=1933"}],"wp:term":[{"taxonomy":"product_brand","embeddable":true,"href":"https:\/\/www.eosart.ch\/en\/wp-json\/wp\/v2\/product_brand?post=1933"},{"taxonomy":"product_cat","embeddable":true,"href":"https:\/\/www.eosart.ch\/en\/wp-json\/wp\/v2\/product_cat?post=1933"},{"taxonomy":"product_tag","embeddable":true,"href":"https:\/\/www.eosart.ch\/en\/wp-json\/wp\/v2\/product_tag?post=1933"}],"curies":[{"name":"wp","href":"https:\/\/api.w.org\/{rel}","templated":true}]}}