{"id":1926,"date":"2026-04-12T01:47:24","date_gmt":"2026-04-11T23:47:24","guid":{"rendered":"http:\/\/eosart.ch.w0153304.kasserver.com\/produkt\/erdl-michael-pius-1815-1848-eingeweidelehre\/"},"modified":"2026-04-12T01:48:43","modified_gmt":"2026-04-11T23:48:43","slug":"erdl-michael-pius-1815-1848-eingeweidelehre","status":"publish","type":"product","link":"https:\/\/www.eosart.ch\/en\/produkt\/erdl-michael-pius-1815-1848-eingeweidelehre\/","title":{"rendered":"Erdl, M(ichael) P(ius) (1815-1848): Eingeweidelehre."},"content":{"rendered":"<p> \u00a0\u00a0 Erdl, M(ichael) P(ius) (1815-1848): Eingeweidelehre.\u00a0 M\u00fcnchen, J. Palm, 1846. Steingravur mit 7 Abb. Bildgr\u00f6sse: 47 x 34,5 cm. (picture size). Blattgr\u00f6sse: 54 x 40 (leaf size).<br \/>\nDarstellung der m\u00e4nnlichen Urogenitalanatomie. Tafel 12 aus &#8220;H. Oesterreicher&#8217;s anatomische Steinstiche oder bildliche Darstellung des menschlichen K\u00f6rpers&#8221;. &#8211; Leicht lichtrandig. &#8211; R\u00e9sum\u00e9: Plate 12 of &#8220;H. Oesterreicher&#8217;s anatomische Steinstiche&#8230;&#8221;. Lithographic engraving with 7 illustr. showing the male urogenital anatomy. Margins slightly browned.<\/p>\n<p>+ Wichtig: F\u00fcr unsere Kunden in der EU erfolgt der Versand alle 14 Tage verzollt ab Deutschland \/ Postbank-Konto in Deutschland vorhanden +<\/p>\n<p><strong>Bestellnummer<\/strong>: 1440AG<\/p>\n<p><span class=\"schlagwort\">Medizin \u2013 Psychologie \/ Medicine \u2013 Psychology, Anatomie \/ Anatomy, Lithographie \/ Lithography<\/span><\/p>\n","protected":false},"excerpt":{"rendered":"<p>   Erdl, M(ichael) P(ius) (1815-1848): Eingeweidelehre.<\/p>\n","protected":false},"featured_media":3044649,"comment_status":"closed","ping_status":"open","template":"","meta":[],"product_brand":[],"product_cat":[153],"product_tag":[],"class_list":{"0":"post-1926","1":"product","2":"type-product","3":"status-publish","4":"has-post-thumbnail","6":"product_cat-medizin-psychologie-medicine-psychology","8":"first","9":"instock","10":"purchasable","11":"product-type-simple"},"aioseo_notices":[],"_links":{"self":[{"href":"https:\/\/www.eosart.ch\/en\/wp-json\/wp\/v2\/product\/1926","targetHints":{"allow":["GET"]}}],"collection":[{"href":"https:\/\/www.eosart.ch\/en\/wp-json\/wp\/v2\/product"}],"about":[{"href":"https:\/\/www.eosart.ch\/en\/wp-json\/wp\/v2\/types\/product"}],"replies":[{"embeddable":true,"href":"https:\/\/www.eosart.ch\/en\/wp-json\/wp\/v2\/comments?post=1926"}],"wp:featuredmedia":[{"embeddable":true,"href":"https:\/\/www.eosart.ch\/en\/wp-json\/wp\/v2\/media\/3044649"}],"wp:attachment":[{"href":"https:\/\/www.eosart.ch\/en\/wp-json\/wp\/v2\/media?parent=1926"}],"wp:term":[{"taxonomy":"product_brand","embeddable":true,"href":"https:\/\/www.eosart.ch\/en\/wp-json\/wp\/v2\/product_brand?post=1926"},{"taxonomy":"product_cat","embeddable":true,"href":"https:\/\/www.eosart.ch\/en\/wp-json\/wp\/v2\/product_cat?post=1926"},{"taxonomy":"product_tag","embeddable":true,"href":"https:\/\/www.eosart.ch\/en\/wp-json\/wp\/v2\/product_tag?post=1926"}],"curies":[{"name":"wp","href":"https:\/\/api.w.org\/{rel}","templated":true}]}}