{"id":1899,"date":"2026-04-26T02:12:01","date_gmt":"2026-04-26T00:12:01","guid":{"rendered":"http:\/\/eosart.ch.w0153304.kasserver.com\/produkt\/alpen-ansicht-vom-gstueck-illnau-578-m-ueber-meer\/"},"modified":"2026-04-26T02:12:13","modified_gmt":"2026-04-26T00:12:13","slug":"alpen-ansicht-vom-gstueck-illnau-578-m-ueber-meer","status":"publish","type":"product","link":"https:\/\/www.eosart.ch\/en\/produkt\/alpen-ansicht-vom-gstueck-illnau-578-m-ueber-meer\/","title":{"rendered":"Alpen-Ansicht vom &#8220;G&#8217;st\u00fcck&#8221; &#8211; Illnau. 578 m \u00fcber Meer."},"content":{"rendered":"<p>  Alpen-Ansicht vom &#8220;G&#8217;st\u00fcck&#8221; &#8211; Illnau. 578 m \u00fcber Meer.\u00a0 Z\u00fcrich,  Hofer &#038; Burger o.J. (um 1890). Lithographie gez. von H. Schmid. Blattformat: 17,5 x 189 cm.<br \/>\nGefaltetes Panorama in illustriertem kartoniertem Umschlag. Mit alt hinterlegten Einrissen. Falz gebrochen.<\/p>\n<p>+ Wichtig: F\u00fcr unsere Kunden in der EU erfolgt der Versand alle 14 Tage verzollt ab Deutschland \/ Postbank-Konto in Deutschland vorhanden +<\/p>\n<p><strong>Bestellnummer<\/strong>: 628CG<\/p>\n<p><span class=\"schlagwort\">Helvetica \u2013 Schweiz \/ Books and prints pertaining Switzerland, Panorama, Topographische Ansichten \/ Topographical views &#8211; maps, Z\u00fcrich Kanton<\/span><\/p>\n","protected":false},"excerpt":{"rendered":"<p>    Alpen-Ansicht vom &#8220;G&#8217;st\u00fcck&#8221; &#8211; Illnau. 578 m \u00fcber Meer.<\/p>\n","protected":false},"featured_media":0,"comment_status":"closed","ping_status":"open","template":"","meta":[],"product_brand":[],"product_cat":[176],"product_tag":[],"class_list":{"0":"post-1899","1":"product","2":"type-product","3":"status-publish","5":"product_cat-helvetica-schweiz-books-and-prints-pertaining-switzerland","7":"first","8":"instock","9":"purchasable","10":"product-type-simple"},"aioseo_notices":[],"_links":{"self":[{"href":"https:\/\/www.eosart.ch\/en\/wp-json\/wp\/v2\/product\/1899","targetHints":{"allow":["GET"]}}],"collection":[{"href":"https:\/\/www.eosart.ch\/en\/wp-json\/wp\/v2\/product"}],"about":[{"href":"https:\/\/www.eosart.ch\/en\/wp-json\/wp\/v2\/types\/product"}],"replies":[{"embeddable":true,"href":"https:\/\/www.eosart.ch\/en\/wp-json\/wp\/v2\/comments?post=1899"}],"wp:attachment":[{"href":"https:\/\/www.eosart.ch\/en\/wp-json\/wp\/v2\/media?parent=1899"}],"wp:term":[{"taxonomy":"product_brand","embeddable":true,"href":"https:\/\/www.eosart.ch\/en\/wp-json\/wp\/v2\/product_brand?post=1899"},{"taxonomy":"product_cat","embeddable":true,"href":"https:\/\/www.eosart.ch\/en\/wp-json\/wp\/v2\/product_cat?post=1899"},{"taxonomy":"product_tag","embeddable":true,"href":"https:\/\/www.eosart.ch\/en\/wp-json\/wp\/v2\/product_tag?post=1899"}],"curies":[{"name":"wp","href":"https:\/\/api.w.org\/{rel}","templated":true}]}}