{"id":1884,"date":"2026-04-12T01:42:01","date_gmt":"2026-04-11T23:42:01","guid":{"rendered":"http:\/\/eosart.ch.w0153304.kasserver.com\/produkt\/schmid-karl-1916-blumenstillleben\/"},"modified":"2026-04-12T01:42:39","modified_gmt":"2026-04-11T23:42:39","slug":"schmid-karl-1916-blumenstillleben","status":"publish","type":"product","link":"https:\/\/www.eosart.ch\/en\/produkt\/schmid-karl-1916-blumenstillleben\/","title":{"rendered":"Schmid, Karl (1916). Blumenstillleben."},"content":{"rendered":"<p> \u00a0\u00a0 Schmid, Karl (1916). Blumenstillleben.\u00a0 Z\u00fcrich, o.J. (um 1950). \u00d6lgem\u00e4lde. Bildformat: 56.5 x 43 cm.<br \/>\n\u00d6lgem\u00e4lde. &#8211; Gerahmt.<\/p>\n<p>+ Wichtig: F\u00fcr unsere Kunden in der EU erfolgt der Versand alle 14 Tage verzollt ab Deutschland \/ Postbank-Konto in Deutschland vorhanden +<\/p>\n<p><strong>Bestellnummer<\/strong>: 1566AG<\/p>\n<p><span class=\"schlagwort\">Originale \/ Originals, Blumen \/ Flowers, \u00d6lgem\u00e4lde \/ Oil, Stillleben \/ Still live<\/span><\/p>\n","protected":false},"excerpt":{"rendered":"<p>   Schmid, Karl (1916). Blumenstillleben.<\/p>\n","protected":false},"featured_media":3044585,"comment_status":"closed","ping_status":"open","template":"","meta":[],"product_brand":[],"product_cat":[160],"product_tag":[],"class_list":{"0":"post-1884","1":"product","2":"type-product","3":"status-publish","4":"has-post-thumbnail","6":"product_cat-originale-originals","8":"first","9":"instock","10":"purchasable","11":"product-type-simple"},"aioseo_notices":[],"_links":{"self":[{"href":"https:\/\/www.eosart.ch\/en\/wp-json\/wp\/v2\/product\/1884","targetHints":{"allow":["GET"]}}],"collection":[{"href":"https:\/\/www.eosart.ch\/en\/wp-json\/wp\/v2\/product"}],"about":[{"href":"https:\/\/www.eosart.ch\/en\/wp-json\/wp\/v2\/types\/product"}],"replies":[{"embeddable":true,"href":"https:\/\/www.eosart.ch\/en\/wp-json\/wp\/v2\/comments?post=1884"}],"wp:featuredmedia":[{"embeddable":true,"href":"https:\/\/www.eosart.ch\/en\/wp-json\/wp\/v2\/media\/3044585"}],"wp:attachment":[{"href":"https:\/\/www.eosart.ch\/en\/wp-json\/wp\/v2\/media?parent=1884"}],"wp:term":[{"taxonomy":"product_brand","embeddable":true,"href":"https:\/\/www.eosart.ch\/en\/wp-json\/wp\/v2\/product_brand?post=1884"},{"taxonomy":"product_cat","embeddable":true,"href":"https:\/\/www.eosart.ch\/en\/wp-json\/wp\/v2\/product_cat?post=1884"},{"taxonomy":"product_tag","embeddable":true,"href":"https:\/\/www.eosart.ch\/en\/wp-json\/wp\/v2\/product_tag?post=1884"}],"curies":[{"name":"wp","href":"https:\/\/api.w.org\/{rel}","templated":true}]}}