{"id":1869,"date":"2026-04-26T01:24:02","date_gmt":"2026-04-25T23:24:02","guid":{"rendered":"http:\/\/eosart.ch.w0153304.kasserver.com\/produkt\/wuellner-ludwig-1858-1938-deutscher-schauspieler-saenger-bariton-u-dirigent\/"},"modified":"2026-04-26T01:24:56","modified_gmt":"2026-04-25T23:24:56","slug":"wuellner-ludwig-1858-1938-deutscher-schauspieler-saenger-bariton-u-dirigent","status":"publish","type":"product","link":"https:\/\/www.eosart.ch\/en\/produkt\/wuellner-ludwig-1858-1938-deutscher-schauspieler-saenger-bariton-u-dirigent\/","title":{"rendered":"W\u00fcllner, Ludwig (1858-1938): Deutscher Schauspieler, S\u00e4nger (Bariton) u. Dirigent."},"content":{"rendered":"<p> \u00a0\u00a0 W\u00fcllner, Ludwig (1858-1938): Deutscher Schauspieler, S\u00e4nger (Bariton) u. Dirigent.\u00a0 Berlin, Herm. Leiser, (um 1920). Photographie (Brustbild). Format: Postkarte.<br \/>\nW\u00fcllner (Sohn des Wagner-Dirigenten Franz W\u00fcllner) studierte zun\u00e4chst Germanistik, dann Musik am K\u00f6lner Konservatorium. Er war 1889-95 Schauspieler am Hoftheater Meiningen. Danach ging er als Lieders\u00e4nger auf Konzertreisen.<\/p>\n<p>+ Wichtig: F\u00fcr unsere Kunden in der EU erfolgt der Versand alle 14 Tage verzollt ab Deutschland \/ Postbank-Konto in Deutschland vorhanden +<\/p>\n<p><strong>Bestellnummer<\/strong>: 414CG<\/p>\n<p><span class=\"schlagwort\">Portraits \u2013 Portr\u00e4ts, Dirigent \/ Conductor, Fotografie &#8211; Photographie \/ Photography, S\u00e4ngerin &#8211; S\u00e4nger \/ Singer &#8211; Vocalist, Schauspielerin &#8211; Schauspieler \/ Actress &#8211; Actor, Theater &#8211; Schauspiel \/ Theatre<\/span><\/p>\n","protected":false},"excerpt":{"rendered":"<p>   W\u00fcllner, Ludwig (1858-1938): Deutscher Schauspieler, S\u00e4nger (Bariton) u. Dirigent.<\/p>\n","protected":false},"featured_media":0,"comment_status":"closed","ping_status":"open","template":"","meta":[],"product_brand":[],"product_cat":[157],"product_tag":[],"class_list":{"0":"post-1869","1":"product","2":"type-product","3":"status-publish","5":"product_cat-portraits-portraets","7":"first","8":"instock","9":"purchasable","10":"product-type-simple"},"aioseo_notices":[],"_links":{"self":[{"href":"https:\/\/www.eosart.ch\/en\/wp-json\/wp\/v2\/product\/1869","targetHints":{"allow":["GET"]}}],"collection":[{"href":"https:\/\/www.eosart.ch\/en\/wp-json\/wp\/v2\/product"}],"about":[{"href":"https:\/\/www.eosart.ch\/en\/wp-json\/wp\/v2\/types\/product"}],"replies":[{"embeddable":true,"href":"https:\/\/www.eosart.ch\/en\/wp-json\/wp\/v2\/comments?post=1869"}],"wp:attachment":[{"href":"https:\/\/www.eosart.ch\/en\/wp-json\/wp\/v2\/media?parent=1869"}],"wp:term":[{"taxonomy":"product_brand","embeddable":true,"href":"https:\/\/www.eosart.ch\/en\/wp-json\/wp\/v2\/product_brand?post=1869"},{"taxonomy":"product_cat","embeddable":true,"href":"https:\/\/www.eosart.ch\/en\/wp-json\/wp\/v2\/product_cat?post=1869"},{"taxonomy":"product_tag","embeddable":true,"href":"https:\/\/www.eosart.ch\/en\/wp-json\/wp\/v2\/product_tag?post=1869"}],"curies":[{"name":"wp","href":"https:\/\/api.w.org\/{rel}","templated":true}]}}