{"id":1857,"date":"2026-05-06T01:24:02","date_gmt":"2026-05-05T23:24:02","guid":{"rendered":"http:\/\/eosart.ch.w0153304.kasserver.com\/produkt\/weyden-rogie-van-der-1399-od-1400-1464-belgischer-kuenstler-stadtmaler-von-bruessel\/"},"modified":"2026-05-06T01:24:02","modified_gmt":"2026-05-05T23:24:02","slug":"weyden-rogie-van-der-1399-od-1400-1464-belgischer-kuenstler-stadtmaler-von-bruessel","status":"publish","type":"product","link":"https:\/\/www.eosart.ch\/en\/produkt\/weyden-rogie-van-der-1399-od-1400-1464-belgischer-kuenstler-stadtmaler-von-bruessel\/","title":{"rendered":"Weyden, Rogie van der  (1399 od. 1400-1464): Belgischer K\u00fcnstler (Stadtmaler von Br\u00fcssel)."},"content":{"rendered":"<p> \u00a0\u00a0 Weyden, Rogie van der  (1399 od. 1400-1464): Belgischer K\u00fcnstler (Stadtmaler von Br\u00fcssel).\u00a0 O.J. (um 1680). Kupferstich. Bildgr\u00f6sse: 15,2 x 12 cm. Blattgr\u00f6sse: 32 x 23 cm.<br \/>\nBis zum Bildrand beschnitten, auf Papier montiert, Papier mit alten handschriftlichen Angaben zum K\u00fcnstler.<\/p>\n<p>+ Wichtig: F\u00fcr unsere Kunden in der EU erfolgt der Versand alle 14 Tage verzollt ab Deutschland \/ Postbank-Konto in Deutschland vorhanden +<\/p>\n<p><strong>Bestellnummer<\/strong>: 1049AG<\/p>\n<p><span class=\"schlagwort\">Portraits \u2013 Portr\u00e4ts, K\u00fcnstlerin &#8211; K\u00fcnstler \/ Artist, Kupferstich \/ Copper engraving<\/span><\/p>\n","protected":false},"excerpt":{"rendered":"<p>   Weyden, Rogie van der  (1399 od. 1400-1464): Belgischer K\u00fcnstler (Stadtmaler von Br\u00fcssel).<\/p>\n","protected":false},"featured_media":0,"comment_status":"closed","ping_status":"open","template":"","meta":[],"product_brand":[],"product_cat":[157],"product_tag":[],"class_list":{"0":"post-1857","1":"product","2":"type-product","3":"status-publish","5":"product_cat-portraits-portraets","7":"first","8":"instock","9":"purchasable","10":"product-type-simple"},"aioseo_notices":[],"_links":{"self":[{"href":"https:\/\/www.eosart.ch\/en\/wp-json\/wp\/v2\/product\/1857","targetHints":{"allow":["GET"]}}],"collection":[{"href":"https:\/\/www.eosart.ch\/en\/wp-json\/wp\/v2\/product"}],"about":[{"href":"https:\/\/www.eosart.ch\/en\/wp-json\/wp\/v2\/types\/product"}],"replies":[{"embeddable":true,"href":"https:\/\/www.eosart.ch\/en\/wp-json\/wp\/v2\/comments?post=1857"}],"wp:attachment":[{"href":"https:\/\/www.eosart.ch\/en\/wp-json\/wp\/v2\/media?parent=1857"}],"wp:term":[{"taxonomy":"product_brand","embeddable":true,"href":"https:\/\/www.eosart.ch\/en\/wp-json\/wp\/v2\/product_brand?post=1857"},{"taxonomy":"product_cat","embeddable":true,"href":"https:\/\/www.eosart.ch\/en\/wp-json\/wp\/v2\/product_cat?post=1857"},{"taxonomy":"product_tag","embeddable":true,"href":"https:\/\/www.eosart.ch\/en\/wp-json\/wp\/v2\/product_tag?post=1857"}],"curies":[{"name":"wp","href":"https:\/\/api.w.org\/{rel}","templated":true}]}}