{"id":1853,"date":"2026-04-27T01:21:30","date_gmt":"2026-04-26T23:21:30","guid":{"rendered":"http:\/\/eosart.ch.w0153304.kasserver.com\/produkt\/weber-paul-dt-theologe\/"},"modified":"2026-04-27T01:22:33","modified_gmt":"2026-04-26T23:22:33","slug":"weber-paul-dt-theologe","status":"publish","type":"product","link":"https:\/\/www.eosart.ch\/en\/produkt\/weber-paul-dt-theologe\/","title":{"rendered":"Weber, Paul Dt. Theologe."},"content":{"rendered":"<p> \u00a0\u00a0 Weber, Paul Dt. Theologe.\u00a0 O.J. (um 1700). Kupferstich von Joachim von Sandrart (d.J.) nach J.L. Kramer. Bildgr\u00f6sse: 25.9 x 21 cm. Blattgr\u00f6sse: 33.8 x 25.5. cm.<br \/>\nWar im 17. Jh. Pfarrer in N\u00fcrnberg.- Kramer, Johann (Hans) Leonhard: Historien- und Bildnismaler, t\u00e4tig in N\u00fcrnberg 1680-1720.- Sandrart d.J., Joachim von (1606-1691): Dt. Kupferstecher und Zeichner. &#8211; Knapp beschnitten und anger\u00e4ndert.<\/p>\n<p>+ Wichtig: F\u00fcr unsere Kunden in der EU erfolgt der Versand alle 14 Tage verzollt ab Deutschland \/ Postbank-Konto in Deutschland vorhanden +<\/p>\n<p><strong>Bestellnummer<\/strong>: 1108AG<\/p>\n<p><span class=\"schlagwort\">Portraits \u2013 Portr\u00e4ts, Kupferstich \/ Copper engraving, Theologie + andere Religionen \/ Theology and other religions, Theologin &#8211; Theologe \/ Theologian<\/span><\/p>\n","protected":false},"excerpt":{"rendered":"<p>   Weber, Paul Dt. Theologe.<\/p>\n","protected":false},"featured_media":3059118,"comment_status":"closed","ping_status":"open","template":"","meta":[],"product_brand":[],"product_cat":[157],"product_tag":[],"class_list":{"0":"post-1853","1":"product","2":"type-product","3":"status-publish","4":"has-post-thumbnail","6":"product_cat-portraits-portraets","8":"first","9":"instock","10":"purchasable","11":"product-type-simple"},"aioseo_notices":[],"_links":{"self":[{"href":"https:\/\/www.eosart.ch\/en\/wp-json\/wp\/v2\/product\/1853","targetHints":{"allow":["GET"]}}],"collection":[{"href":"https:\/\/www.eosart.ch\/en\/wp-json\/wp\/v2\/product"}],"about":[{"href":"https:\/\/www.eosart.ch\/en\/wp-json\/wp\/v2\/types\/product"}],"replies":[{"embeddable":true,"href":"https:\/\/www.eosart.ch\/en\/wp-json\/wp\/v2\/comments?post=1853"}],"wp:featuredmedia":[{"embeddable":true,"href":"https:\/\/www.eosart.ch\/en\/wp-json\/wp\/v2\/media\/3059118"}],"wp:attachment":[{"href":"https:\/\/www.eosart.ch\/en\/wp-json\/wp\/v2\/media?parent=1853"}],"wp:term":[{"taxonomy":"product_brand","embeddable":true,"href":"https:\/\/www.eosart.ch\/en\/wp-json\/wp\/v2\/product_brand?post=1853"},{"taxonomy":"product_cat","embeddable":true,"href":"https:\/\/www.eosart.ch\/en\/wp-json\/wp\/v2\/product_cat?post=1853"},{"taxonomy":"product_tag","embeddable":true,"href":"https:\/\/www.eosart.ch\/en\/wp-json\/wp\/v2\/product_tag?post=1853"}],"curies":[{"name":"wp","href":"https:\/\/api.w.org\/{rel}","templated":true}]}}