{"id":1845,"date":"2026-04-21T01:19:18","date_gmt":"2026-04-20T23:19:18","guid":{"rendered":"http:\/\/eosart.ch.w0153304.kasserver.com\/produkt\/voltaire-eig-francois-marie-arouet-1694-1778-franz-schriftsteller\/"},"modified":"2026-04-21T01:20:02","modified_gmt":"2026-04-20T23:20:02","slug":"voltaire-eig-francois-marie-arouet-1694-1778-franz-schriftsteller","status":"publish","type":"product","link":"https:\/\/www.eosart.ch\/en\/produkt\/voltaire-eig-francois-marie-arouet-1694-1778-franz-schriftsteller\/","title":{"rendered":"Voltaire, (eig. Fran\u00e7ois-Marie Arouet)  (1694-1778): Franz. Schriftsteller."},"content":{"rendered":"<p> \u00a0\u00a0 Voltaire, (eig. Fran\u00e7ois-Marie Arouet)  (1694-1778): Franz. Schriftsteller.\u00a0 Paris, 1775 (gez.) 1775 Kupferstich (Voltaire im Bett liegend von Personen umgeben) von Ne\u00e9 und Masquelier nach Non. Bildgr\u00f6sse: 14,5 x 18 cm. Blattgr\u00f6sse: 19,5 x 23 cm.<br \/>\nLeicht fleckig.<\/p>\n<p>+ Wichtig: F\u00fcr unsere Kunden in der EU erfolgt der Versand alle 14 Tage verzollt ab Deutschland \/ Postbank-Konto in Deutschland vorhanden +<\/p>\n<p><strong>Bestellnummer<\/strong>: 600AG<\/p>\n<p><span class=\"schlagwort\">Portraits \u2013 Portr\u00e4ts, Franz\u00f6sische Literatur \/ French literature, Kupferstich \/ Copper engraving, Literatur \/ Literature, Schriftstellerin &#8211; Schriftsteller \/ Author<\/span><\/p>\n","protected":false},"excerpt":{"rendered":"<p>   Voltaire, (eig. Fran\u00e7ois-Marie Arouet)  (1694-1778): Franz. Schriftsteller.<\/p>\n","protected":false},"featured_media":0,"comment_status":"closed","ping_status":"open","template":"","meta":[],"product_brand":[],"product_cat":[157],"product_tag":[],"class_list":{"0":"post-1845","1":"product","2":"type-product","3":"status-publish","5":"product_cat-portraits-portraets","7":"first","8":"instock","9":"purchasable","10":"product-type-simple"},"aioseo_notices":[],"_links":{"self":[{"href":"https:\/\/www.eosart.ch\/en\/wp-json\/wp\/v2\/product\/1845","targetHints":{"allow":["GET"]}}],"collection":[{"href":"https:\/\/www.eosart.ch\/en\/wp-json\/wp\/v2\/product"}],"about":[{"href":"https:\/\/www.eosart.ch\/en\/wp-json\/wp\/v2\/types\/product"}],"replies":[{"embeddable":true,"href":"https:\/\/www.eosart.ch\/en\/wp-json\/wp\/v2\/comments?post=1845"}],"wp:attachment":[{"href":"https:\/\/www.eosart.ch\/en\/wp-json\/wp\/v2\/media?parent=1845"}],"wp:term":[{"taxonomy":"product_brand","embeddable":true,"href":"https:\/\/www.eosart.ch\/en\/wp-json\/wp\/v2\/product_brand?post=1845"},{"taxonomy":"product_cat","embeddable":true,"href":"https:\/\/www.eosart.ch\/en\/wp-json\/wp\/v2\/product_cat?post=1845"},{"taxonomy":"product_tag","embeddable":true,"href":"https:\/\/www.eosart.ch\/en\/wp-json\/wp\/v2\/product_tag?post=1845"}],"curies":[{"name":"wp","href":"https:\/\/api.w.org\/{rel}","templated":true}]}}