{"id":1829,"date":"2026-04-28T01:22:02","date_gmt":"2026-04-27T23:22:02","guid":{"rendered":"http:\/\/eosart.ch.w0153304.kasserver.com\/produkt\/veit-d-ae-hirschvogel-1461-1505-deutscher-glasmaler\/"},"modified":"2026-04-28T01:23:06","modified_gmt":"2026-04-27T23:23:06","slug":"veit-d-ae-hirschvogel-1461-1505-deutscher-glasmaler","status":"publish","type":"product","link":"https:\/\/www.eosart.ch\/en\/produkt\/veit-d-ae-hirschvogel-1461-1505-deutscher-glasmaler\/","title":{"rendered":"Veit d.\u00c4., Hirschvogel (1461-1505): Deutscher Glasmaler."},"content":{"rendered":"<p> \u00a0\u00a0 Veit d.\u00c4., Hirschvogel (1461-1505): Deutscher Glasmaler.\u00a0 O.J. (um 1580). Kupferstich (Brustbild in runder Umrahmung). Bildgr\u00f6sse: 9,8 x 6 cm. Blattgr\u00f6sse: 10,3 x 6,7 cm.<br \/>\nAnger\u00e4ndert.<\/p>\n<p>+ Wichtig: F\u00fcr unsere Kunden in der EU erfolgt der Versand alle 14 Tage verzollt ab Deutschland \/ Postbank-Konto in Deutschland vorhanden +<\/p>\n<p><strong>Bestellnummer<\/strong>: 1245AG<\/p>\n<p><span class=\"schlagwort\">Portraits \u2013 Portr\u00e4ts, K\u00fcnstlerin &#8211; K\u00fcnstler \/ Artist, Kupferstich \/ Copper engraving<\/span><\/p>\n","protected":false},"excerpt":{"rendered":"<p>   Veit d.\u00c4., Hirschvogel (1461-1505): Deutscher Glasmaler.<\/p>\n","protected":false},"featured_media":0,"comment_status":"closed","ping_status":"open","template":"","meta":[],"product_brand":[],"product_cat":[157],"product_tag":[],"class_list":{"0":"post-1829","1":"product","2":"type-product","3":"status-publish","5":"product_cat-portraits-portraets","7":"first","8":"instock","9":"purchasable","10":"product-type-simple"},"aioseo_notices":[],"_links":{"self":[{"href":"https:\/\/www.eosart.ch\/en\/wp-json\/wp\/v2\/product\/1829","targetHints":{"allow":["GET"]}}],"collection":[{"href":"https:\/\/www.eosart.ch\/en\/wp-json\/wp\/v2\/product"}],"about":[{"href":"https:\/\/www.eosart.ch\/en\/wp-json\/wp\/v2\/types\/product"}],"replies":[{"embeddable":true,"href":"https:\/\/www.eosart.ch\/en\/wp-json\/wp\/v2\/comments?post=1829"}],"wp:attachment":[{"href":"https:\/\/www.eosart.ch\/en\/wp-json\/wp\/v2\/media?parent=1829"}],"wp:term":[{"taxonomy":"product_brand","embeddable":true,"href":"https:\/\/www.eosart.ch\/en\/wp-json\/wp\/v2\/product_brand?post=1829"},{"taxonomy":"product_cat","embeddable":true,"href":"https:\/\/www.eosart.ch\/en\/wp-json\/wp\/v2\/product_cat?post=1829"},{"taxonomy":"product_tag","embeddable":true,"href":"https:\/\/www.eosart.ch\/en\/wp-json\/wp\/v2\/product_tag?post=1829"}],"curies":[{"name":"wp","href":"https:\/\/api.w.org\/{rel}","templated":true}]}}