{"id":1818,"date":"2026-04-28T01:22:02","date_gmt":"2026-04-27T23:22:02","guid":{"rendered":"http:\/\/eosart.ch.w0153304.kasserver.com\/produkt\/turner-j-m-william-1775-1851-brit-maler\/"},"modified":"2026-04-28T01:22:44","modified_gmt":"2026-04-27T23:22:44","slug":"turner-j-m-william-1775-1851-brit-maler","status":"publish","type":"product","link":"https:\/\/www.eosart.ch\/en\/produkt\/turner-j-m-william-1775-1851-brit-maler\/","title":{"rendered":"Turner, J.M. William  (1775-1851): Brit. Maler."},"content":{"rendered":"<p> \u00a0\u00a0 Turner, J.M. William  (1775-1851): Brit. Maler.\u00a0 London, W. Smith, 1827. Lithographie nach Geo Dance II. Bildgr\u00f6sse: 21 x 15 cm. Blattgr\u00f6sse: 29 x 21,5 cm.<br \/>\nDance, Georg II (1741-1825): Engl. Architekt und Portraitzeichner. Das Portrait entstand 1800.<\/p>\n<p>+ Wichtig: F\u00fcr unsere Kunden in der EU erfolgt der Versand alle 14 Tage verzollt ab Deutschland \/ Postbank-Konto in Deutschland vorhanden +<\/p>\n<p><strong>Bestellnummer<\/strong>: 149CG<\/p>\n<p><span class=\"schlagwort\">Portraits \u2013 Portr\u00e4ts, K\u00fcnstlerin &#8211; K\u00fcnstler \/ Artist, Radierung \/ Etching<\/span><\/p>\n","protected":false},"excerpt":{"rendered":"<p>   Turner, J.M. William  (1775-1851): Brit. Maler.<\/p>\n","protected":false},"featured_media":0,"comment_status":"closed","ping_status":"open","template":"","meta":[],"product_brand":[],"product_cat":[157],"product_tag":[],"class_list":{"0":"post-1818","1":"product","2":"type-product","3":"status-publish","5":"product_cat-portraits-portraets","7":"first","8":"instock","9":"purchasable","10":"product-type-simple"},"aioseo_notices":[],"_links":{"self":[{"href":"https:\/\/www.eosart.ch\/en\/wp-json\/wp\/v2\/product\/1818","targetHints":{"allow":["GET"]}}],"collection":[{"href":"https:\/\/www.eosart.ch\/en\/wp-json\/wp\/v2\/product"}],"about":[{"href":"https:\/\/www.eosart.ch\/en\/wp-json\/wp\/v2\/types\/product"}],"replies":[{"embeddable":true,"href":"https:\/\/www.eosart.ch\/en\/wp-json\/wp\/v2\/comments?post=1818"}],"wp:attachment":[{"href":"https:\/\/www.eosart.ch\/en\/wp-json\/wp\/v2\/media?parent=1818"}],"wp:term":[{"taxonomy":"product_brand","embeddable":true,"href":"https:\/\/www.eosart.ch\/en\/wp-json\/wp\/v2\/product_brand?post=1818"},{"taxonomy":"product_cat","embeddable":true,"href":"https:\/\/www.eosart.ch\/en\/wp-json\/wp\/v2\/product_cat?post=1818"},{"taxonomy":"product_tag","embeddable":true,"href":"https:\/\/www.eosart.ch\/en\/wp-json\/wp\/v2\/product_tag?post=1818"}],"curies":[{"name":"wp","href":"https:\/\/api.w.org\/{rel}","templated":true}]}}