{"id":1782,"date":"2026-05-03T01:15:32","date_gmt":"2026-05-02T23:15:32","guid":{"rendered":"http:\/\/eosart.ch.w0153304.kasserver.com\/produkt\/solie-franzoesischer-komponist-und-artiste-societaire-du-theatre-feydeau\/"},"modified":"2026-05-03T01:15:32","modified_gmt":"2026-05-02T23:15:32","slug":"solie-franzoesischer-komponist-und-artiste-societaire-du-theatre-feydeau","status":"publish","type":"product","link":"https:\/\/www.eosart.ch\/en\/produkt\/solie-franzoesischer-komponist-und-artiste-societaire-du-theatre-feydeau\/","title":{"rendered":"Soli\u00e9 (Franz\u00f6sischer) Komponist und &#8220;Artiste Soci\u00e9taire du Th\u00e9atre Feydeau&#8221;."},"content":{"rendered":"<p> \u00a0\u00a0 Soli\u00e9 (Franz\u00f6sischer) Komponist und &#8220;Artiste Soci\u00e9taire du Th\u00e9atre Feydeau&#8221;.\u00a0 O.J. (um 1780). Kupferstich von Cardon nach Riesener. Bildgr\u00f6sse: 16 x 12,5 cm. Plattengr\u00f6sse: 25,6 x 18,3 cm. Blattgr\u00f6sse: 29 x 21,8 cm.<br \/>\nStockfleckig.<\/p>\n<p>+ Wichtig: F\u00fcr unsere Kunden in der EU erfolgt der Versand alle 14 Tage verzollt ab Deutschland \/ Postbank-Konto in Deutschland vorhanden +<\/p>\n<p><strong>Bestellnummer<\/strong>: 987AG<\/p>\n<p><span class=\"schlagwort\">Portraits \u2013 Portr\u00e4ts, Komponistin &#8211; Komponist \/ Composer, Kupferstich \/ Copper engraving, Musik \/ Music<\/span><\/p>\n","protected":false},"excerpt":{"rendered":"<p>   Soli\u00e9 (Franz\u00f6sischer) Komponist und &#8220;Artiste Soci\u00e9taire du Th\u00e9atre Feydeau&#8221;.<\/p>\n","protected":false},"featured_media":0,"comment_status":"closed","ping_status":"open","template":"","meta":[],"product_brand":[],"product_cat":[157],"product_tag":[],"class_list":{"0":"post-1782","1":"product","2":"type-product","3":"status-publish","5":"product_cat-portraits-portraets","7":"first","8":"instock","9":"purchasable","10":"product-type-simple"},"aioseo_notices":[],"_links":{"self":[{"href":"https:\/\/www.eosart.ch\/en\/wp-json\/wp\/v2\/product\/1782","targetHints":{"allow":["GET"]}}],"collection":[{"href":"https:\/\/www.eosart.ch\/en\/wp-json\/wp\/v2\/product"}],"about":[{"href":"https:\/\/www.eosart.ch\/en\/wp-json\/wp\/v2\/types\/product"}],"replies":[{"embeddable":true,"href":"https:\/\/www.eosart.ch\/en\/wp-json\/wp\/v2\/comments?post=1782"}],"wp:attachment":[{"href":"https:\/\/www.eosart.ch\/en\/wp-json\/wp\/v2\/media?parent=1782"}],"wp:term":[{"taxonomy":"product_brand","embeddable":true,"href":"https:\/\/www.eosart.ch\/en\/wp-json\/wp\/v2\/product_brand?post=1782"},{"taxonomy":"product_cat","embeddable":true,"href":"https:\/\/www.eosart.ch\/en\/wp-json\/wp\/v2\/product_cat?post=1782"},{"taxonomy":"product_tag","embeddable":true,"href":"https:\/\/www.eosart.ch\/en\/wp-json\/wp\/v2\/product_tag?post=1782"}],"curies":[{"name":"wp","href":"https:\/\/api.w.org\/{rel}","templated":true}]}}