{"id":1741,"date":"2026-04-17T01:11:25","date_gmt":"2026-04-16T23:11:25","guid":{"rendered":"http:\/\/eosart.ch.w0153304.kasserver.com\/produkt\/sardou-victorien-1831-1908-franzoesischer-dramatiker\/"},"modified":"2026-04-17T01:11:37","modified_gmt":"2026-04-16T23:11:37","slug":"sardou-victorien-1831-1908-franzoesischer-dramatiker","status":"publish","type":"product","link":"https:\/\/www.eosart.ch\/en\/produkt\/sardou-victorien-1831-1908-franzoesischer-dramatiker\/","title":{"rendered":"Sardou, Victorien (1831-1908): Franz\u00f6sischer Dramatiker."},"content":{"rendered":"<p> \u00a0\u00a0 Sardou, Victorien (1831-1908): Franz\u00f6sischer Dramatiker.\u00a0 Paris, Lemercier, um 1875. Reproduktion einer Photographie (Brustbild in ovaler Umrahmung). Bildgr\u00f6sse: 12,4 x 8,6 cm. Blattgr\u00f6sse: 39 x 27,5 cm.<br \/>\nAus: &#8220;Paris-Th\u00e9\u00e2tre&#8221;, Journal hebdomadaire paraissant le jeudi du 25 Novembre au 1 D\u00e9cembre 1875.<\/p>\n<p>+ Wichtig: F\u00fcr unsere Kunden in der EU erfolgt der Versand alle 14 Tage verzollt ab Deutschland \/ Postbank-Konto in Deutschland vorhanden +<\/p>\n<p><strong>Bestellnummer<\/strong>: 1173AG<\/p>\n<p><span class=\"schlagwort\">Portraits \u2013 Portr\u00e4ts, Fotografie &#8211; Photographie \/ Photography, Literatur \/ Literature, Schriftstellerin &#8211; Schriftsteller \/ Author<\/span><\/p>\n","protected":false},"excerpt":{"rendered":"<p>   Sardou, Victorien (1831-1908): Franz\u00f6sischer Dramatiker.<\/p>\n","protected":false},"featured_media":0,"comment_status":"closed","ping_status":"open","template":"","meta":[],"product_brand":[],"product_cat":[157],"product_tag":[],"class_list":{"0":"post-1741","1":"product","2":"type-product","3":"status-publish","5":"product_cat-portraits-portraets","7":"first","8":"instock","9":"purchasable","10":"product-type-simple"},"aioseo_notices":[],"_links":{"self":[{"href":"https:\/\/www.eosart.ch\/en\/wp-json\/wp\/v2\/product\/1741","targetHints":{"allow":["GET"]}}],"collection":[{"href":"https:\/\/www.eosart.ch\/en\/wp-json\/wp\/v2\/product"}],"about":[{"href":"https:\/\/www.eosart.ch\/en\/wp-json\/wp\/v2\/types\/product"}],"replies":[{"embeddable":true,"href":"https:\/\/www.eosart.ch\/en\/wp-json\/wp\/v2\/comments?post=1741"}],"wp:attachment":[{"href":"https:\/\/www.eosart.ch\/en\/wp-json\/wp\/v2\/media?parent=1741"}],"wp:term":[{"taxonomy":"product_brand","embeddable":true,"href":"https:\/\/www.eosart.ch\/en\/wp-json\/wp\/v2\/product_brand?post=1741"},{"taxonomy":"product_cat","embeddable":true,"href":"https:\/\/www.eosart.ch\/en\/wp-json\/wp\/v2\/product_cat?post=1741"},{"taxonomy":"product_tag","embeddable":true,"href":"https:\/\/www.eosart.ch\/en\/wp-json\/wp\/v2\/product_tag?post=1741"}],"curies":[{"name":"wp","href":"https:\/\/api.w.org\/{rel}","templated":true}]}}