{"id":1697,"date":"2026-04-15T01:09:17","date_gmt":"2026-04-14T23:09:17","guid":{"rendered":"http:\/\/eosart.ch.w0153304.kasserver.com\/produkt\/piorry-pierre-adolphe-1794-1879-franz-mediziner\/"},"modified":"2026-04-15T01:09:24","modified_gmt":"2026-04-14T23:09:24","slug":"piorry-pierre-adolphe-1794-1879-franz-mediziner","status":"publish","type":"product","link":"https:\/\/www.eosart.ch\/en\/produkt\/piorry-pierre-adolphe-1794-1879-franz-mediziner\/","title":{"rendered":"Piorry, Pierre-Adolphe (1794-1879): Franz. Mediziner."},"content":{"rendered":"<p> \u00a0\u00a0 Piorry, Pierre-Adolphe (1794-1879): Franz. Mediziner.\u00a0 Rosselin,  o.J. (um 1860). Lithorgraphie (Brustbild) von Nicolas Eustach Maurin u. Gr\u00e9goire et D\u00e9neux. Bildgr\u00f6sse: 25 x 20 cm.  Blattgr\u00f6sse: 37 x 27,5 cm.<br \/>\nPiorry modifizierte als Nachfolger Laennecs dessen Stethoscope. &#8211; Im Rand stockfleckig.<\/p>\n<p>+ Wichtig: F\u00fcr unsere Kunden in der EU erfolgt der Versand alle 14 Tage verzollt ab Deutschland \/ Postbank-Konto in Deutschland vorhanden +<\/p>\n<p><strong>Bestellnummer<\/strong>: 1352AG<\/p>\n<p><span class=\"schlagwort\">Portraits \u2013 Portr\u00e4ts, \u00c4rztin &#8211; Arzt &#8211; Mediziner \/ Physician, Lithographie \/ Lithography, Medizin \/ Medicine<\/span><\/p>\n","protected":false},"excerpt":{"rendered":"<p>   Piorry, Pierre-Adolphe (1794-1879): Franz. Mediziner.<\/p>\n","protected":false},"featured_media":3047208,"comment_status":"closed","ping_status":"open","template":"","meta":[],"product_brand":[],"product_cat":[157],"product_tag":[],"class_list":{"0":"post-1697","1":"product","2":"type-product","3":"status-publish","4":"has-post-thumbnail","6":"product_cat-portraits-portraets","8":"first","9":"instock","10":"purchasable","11":"product-type-simple"},"aioseo_notices":[],"_links":{"self":[{"href":"https:\/\/www.eosart.ch\/en\/wp-json\/wp\/v2\/product\/1697","targetHints":{"allow":["GET"]}}],"collection":[{"href":"https:\/\/www.eosart.ch\/en\/wp-json\/wp\/v2\/product"}],"about":[{"href":"https:\/\/www.eosart.ch\/en\/wp-json\/wp\/v2\/types\/product"}],"replies":[{"embeddable":true,"href":"https:\/\/www.eosart.ch\/en\/wp-json\/wp\/v2\/comments?post=1697"}],"wp:featuredmedia":[{"embeddable":true,"href":"https:\/\/www.eosart.ch\/en\/wp-json\/wp\/v2\/media\/3047208"}],"wp:attachment":[{"href":"https:\/\/www.eosart.ch\/en\/wp-json\/wp\/v2\/media?parent=1697"}],"wp:term":[{"taxonomy":"product_brand","embeddable":true,"href":"https:\/\/www.eosart.ch\/en\/wp-json\/wp\/v2\/product_brand?post=1697"},{"taxonomy":"product_cat","embeddable":true,"href":"https:\/\/www.eosart.ch\/en\/wp-json\/wp\/v2\/product_cat?post=1697"},{"taxonomy":"product_tag","embeddable":true,"href":"https:\/\/www.eosart.ch\/en\/wp-json\/wp\/v2\/product_tag?post=1697"}],"curies":[{"name":"wp","href":"https:\/\/api.w.org\/{rel}","templated":true}]}}