{"id":1684,"date":"2026-04-30T01:07:55","date_gmt":"2026-04-29T23:07:55","guid":{"rendered":"http:\/\/eosart.ch.w0153304.kasserver.com\/produkt\/patenier-joachim-zw-1475-1480-geb-1524-niederl-landschaftsmaler\/"},"modified":"2026-04-30T01:08:33","modified_gmt":"2026-04-29T23:08:33","slug":"patenier-joachim-zw-1475-1480-geb-1524-niederl-landschaftsmaler","status":"publish","type":"product","link":"https:\/\/www.eosart.ch\/en\/produkt\/patenier-joachim-zw-1475-1480-geb-1524-niederl-landschaftsmaler\/","title":{"rendered":"Patenier, Joachim  (zw. 1475-1480 geb.-1524). Niederl. Landschaftsmaler."},"content":{"rendered":"<p> \u00a0\u00a0 Patenier, Joachim  (zw. 1475-1480 geb.-1524). Niederl. Landschaftsmaler.\u00a0 O.J. (um 1700). Kupferstich. Bildgr\u00f6sse: 18 x 14 cm. Blattgr\u00f6sse: 32 x 21 cm.<br \/>\nR\u00e4nder gebr\u00e4unt.<\/p>\n<p>+ Wichtig: F\u00fcr unsere Kunden in der EU erfolgt der Versand alle 14 Tage verzollt ab Deutschland \/ Postbank-Konto in Deutschland vorhanden +<\/p>\n<p><strong>Bestellnummer<\/strong>: 1060AG<\/p>\n<p><span class=\"schlagwort\">Portraits \u2013 Portr\u00e4ts, K\u00fcnstlerin &#8211; K\u00fcnstler \/ Artist, Kupferstich \/ Copper engraving, Niederlande &#8211; Holland \/ The Netherlands<\/span><\/p>\n","protected":false},"excerpt":{"rendered":"<p>   Patenier, Joachim  (zw. 1475-1480 geb.-1524). Niederl. Landschaftsmaler.<\/p>\n","protected":false},"featured_media":0,"comment_status":"closed","ping_status":"open","template":"","meta":[],"product_brand":[],"product_cat":[157],"product_tag":[],"class_list":{"0":"post-1684","1":"product","2":"type-product","3":"status-publish","5":"product_cat-portraits-portraets","7":"first","8":"instock","9":"purchasable","10":"product-type-simple"},"aioseo_notices":[],"_links":{"self":[{"href":"https:\/\/www.eosart.ch\/en\/wp-json\/wp\/v2\/product\/1684","targetHints":{"allow":["GET"]}}],"collection":[{"href":"https:\/\/www.eosart.ch\/en\/wp-json\/wp\/v2\/product"}],"about":[{"href":"https:\/\/www.eosart.ch\/en\/wp-json\/wp\/v2\/types\/product"}],"replies":[{"embeddable":true,"href":"https:\/\/www.eosart.ch\/en\/wp-json\/wp\/v2\/comments?post=1684"}],"wp:attachment":[{"href":"https:\/\/www.eosart.ch\/en\/wp-json\/wp\/v2\/media?parent=1684"}],"wp:term":[{"taxonomy":"product_brand","embeddable":true,"href":"https:\/\/www.eosart.ch\/en\/wp-json\/wp\/v2\/product_brand?post=1684"},{"taxonomy":"product_cat","embeddable":true,"href":"https:\/\/www.eosart.ch\/en\/wp-json\/wp\/v2\/product_cat?post=1684"},{"taxonomy":"product_tag","embeddable":true,"href":"https:\/\/www.eosart.ch\/en\/wp-json\/wp\/v2\/product_tag?post=1684"}],"curies":[{"name":"wp","href":"https:\/\/api.w.org\/{rel}","templated":true}]}}