{"id":1682064,"date":"2026-04-16T01:52:01","date_gmt":"2026-04-15T23:52:01","guid":{"rendered":"https:\/\/www.eosart.ch\/produkt\/hauth-dora-1874-1957-an-der-grenze-miterlebt-von-dora-hauth-1914\/"},"modified":"2026-04-16T01:52:13","modified_gmt":"2026-04-15T23:52:13","slug":"hauth-dora-1874-1957-an-der-grenze-miterlebt-von-dora-hauth-1914","status":"publish","type":"product","link":"https:\/\/www.eosart.ch\/en\/produkt\/hauth-dora-1874-1957-an-der-grenze-miterlebt-von-dora-hauth-1914\/","title":{"rendered":"Hauth, Dora (1874\u20131957): An der Grenze miterlebt von Dora Hauth 1914."},"content":{"rendered":"<p> \u00a0\u00a0 Hauth, Dora (1874\u20131957): An der Grenze miterlebt von Dora Hauth 1914.\u00a0 Z\u00fcrich, Orell F\u00fcssli, 1914. 8 Lithografien. Bildformat: 33,5 x 41 cm. Illustrierte Mappe mit losen Bl\u00e4tter in beschrifteter Kartonschutzh\u00fclle.<br \/>\n+ Wichtig: F\u00fcr unsere Kunden in der EU erfolgt der Versand alle 14 Tage verzollt ab Deutschland \/ Postbank-Konto in Deutschland vorhanden +<\/p>\n<p><strong>Bestellnummer<\/strong>: 803CG<\/p>\n<p><span class=\"schlagwort\">Originale \/ Originals, Helvetica \u2013 Schweiz \/ Books and prints pertaining Switzerland, Lithographie \/ Lithography, Militaria \/ Military \/ Soldiery, Originale \/ Originals, Zeichnung \/ Drawing<\/span><\/p>\n","protected":false},"excerpt":{"rendered":"<p>   Hauth, Dora (1874\u20131957): An der Grenze miterlebt von Dora Hauth 1914.<\/p>\n","protected":false},"featured_media":3048499,"comment_status":"closed","ping_status":"open","template":"","meta":[],"product_brand":[],"product_cat":[160],"product_tag":[],"class_list":{"0":"post-1682064","1":"product","2":"type-product","3":"status-publish","4":"has-post-thumbnail","6":"product_cat-originale-originals","8":"first","9":"instock","10":"purchasable","11":"product-type-simple"},"aioseo_notices":[],"_links":{"self":[{"href":"https:\/\/www.eosart.ch\/en\/wp-json\/wp\/v2\/product\/1682064","targetHints":{"allow":["GET"]}}],"collection":[{"href":"https:\/\/www.eosart.ch\/en\/wp-json\/wp\/v2\/product"}],"about":[{"href":"https:\/\/www.eosart.ch\/en\/wp-json\/wp\/v2\/types\/product"}],"replies":[{"embeddable":true,"href":"https:\/\/www.eosart.ch\/en\/wp-json\/wp\/v2\/comments?post=1682064"}],"wp:featuredmedia":[{"embeddable":true,"href":"https:\/\/www.eosart.ch\/en\/wp-json\/wp\/v2\/media\/3048499"}],"wp:attachment":[{"href":"https:\/\/www.eosart.ch\/en\/wp-json\/wp\/v2\/media?parent=1682064"}],"wp:term":[{"taxonomy":"product_brand","embeddable":true,"href":"https:\/\/www.eosart.ch\/en\/wp-json\/wp\/v2\/product_brand?post=1682064"},{"taxonomy":"product_cat","embeddable":true,"href":"https:\/\/www.eosart.ch\/en\/wp-json\/wp\/v2\/product_cat?post=1682064"},{"taxonomy":"product_tag","embeddable":true,"href":"https:\/\/www.eosart.ch\/en\/wp-json\/wp\/v2\/product_tag?post=1682064"}],"curies":[{"name":"wp","href":"https:\/\/api.w.org\/{rel}","templated":true}]}}