{"id":1672,"date":"2026-04-10T01:06:01","date_gmt":"2026-04-09T23:06:01","guid":{"rendered":"http:\/\/eosart.ch.w0153304.kasserver.com\/produkt\/oehlenschlaeger-adam-gottlob-1779-1850-daenischer-dichter\/"},"modified":"2026-04-10T01:06:01","modified_gmt":"2026-04-09T23:06:01","slug":"oehlenschlaeger-adam-gottlob-1779-1850-daenischer-dichter","status":"publish","type":"product","link":"https:\/\/www.eosart.ch\/en\/produkt\/oehlenschlaeger-adam-gottlob-1779-1850-daenischer-dichter\/","title":{"rendered":"Oehlenschl\u00e4ger, Adam Gottlob  (1779-1850): D\u00e4nischer Dichter."},"content":{"rendered":"<p> \u00a0\u00a0 Oehlenschl\u00e4ger, Adam Gottlob  (1779-1850): D\u00e4nischer Dichter.\u00a0 Z\u00fcrich, o.J. (um 1840). Stahlstich von R. Rahn nach A. Hirnschrot. Bildgr\u00f6sse: 9 x 7 cm. Blattgr\u00f6sse: 26,5 x 21 cm.<br \/>\n+ Wichtig: F\u00fcr unsere Kunden in der EU erfolgt der Versand alle 14 Tage verzollt ab Deutschland \/ Postbank-Konto in Deutschland vorhanden +<\/p>\n<p><strong>Bestellnummer<\/strong>: 432CG<\/p>\n<p><span class=\"schlagwort\">Portraits \u2013 Portr\u00e4ts, D\u00e4nische Literatur \/ Danish literature, Literatur \/ Literature, Schriftstellerin &#8211; Schriftsteller \/ Author , Stahlstich \/ Steel engraving<\/span><\/p>\n","protected":false},"excerpt":{"rendered":"<p>   Oehlenschl\u00e4ger, Adam Gottlob  (1779-1850): D\u00e4nischer Dichter.<\/p>\n","protected":false},"featured_media":0,"comment_status":"closed","ping_status":"open","template":"","meta":[],"product_brand":[],"product_cat":[157],"product_tag":[],"class_list":{"0":"post-1672","1":"product","2":"type-product","3":"status-publish","5":"product_cat-portraits-portraets","7":"first","8":"instock","9":"purchasable","10":"product-type-simple"},"aioseo_notices":[],"_links":{"self":[{"href":"https:\/\/www.eosart.ch\/en\/wp-json\/wp\/v2\/product\/1672","targetHints":{"allow":["GET"]}}],"collection":[{"href":"https:\/\/www.eosart.ch\/en\/wp-json\/wp\/v2\/product"}],"about":[{"href":"https:\/\/www.eosart.ch\/en\/wp-json\/wp\/v2\/types\/product"}],"replies":[{"embeddable":true,"href":"https:\/\/www.eosart.ch\/en\/wp-json\/wp\/v2\/comments?post=1672"}],"wp:attachment":[{"href":"https:\/\/www.eosart.ch\/en\/wp-json\/wp\/v2\/media?parent=1672"}],"wp:term":[{"taxonomy":"product_brand","embeddable":true,"href":"https:\/\/www.eosart.ch\/en\/wp-json\/wp\/v2\/product_brand?post=1672"},{"taxonomy":"product_cat","embeddable":true,"href":"https:\/\/www.eosart.ch\/en\/wp-json\/wp\/v2\/product_cat?post=1672"},{"taxonomy":"product_tag","embeddable":true,"href":"https:\/\/www.eosart.ch\/en\/wp-json\/wp\/v2\/product_tag?post=1672"}],"curies":[{"name":"wp","href":"https:\/\/api.w.org\/{rel}","templated":true}]}}