{"id":1652,"date":"2026-04-13T01:03:27","date_gmt":"2026-04-12T23:03:27","guid":{"rendered":"http:\/\/eosart.ch.w0153304.kasserver.com\/produkt\/montemezzi-italo-1875-1952-italienischer-komponist\/"},"modified":"2026-04-13T01:03:39","modified_gmt":"2026-04-12T23:03:39","slug":"montemezzi-italo-1875-1952-italienischer-komponist","status":"publish","type":"product","link":"https:\/\/www.eosart.ch\/en\/produkt\/montemezzi-italo-1875-1952-italienischer-komponist\/","title":{"rendered":"Montemezzi, Italo (1875-1952): Italienischer Komponist."},"content":{"rendered":"<p> \u00a0\u00a0 Montemezzi, Italo (1875-1952): Italienischer Komponist.\u00a0 Milano, Badodi, (1919). Photograpie (Profilaufnahme). Format: 19,1 x 15,1 cm.<br \/>\nMontemezzi entschied sich zun\u00e4chst f\u00fcr den Ingenieurberuf, wurde dann aber Sch\u00fcler des Mail\u00e4nder Konservatoriums. 1939 emigrierte er f\u00fcr 10 Jahre in die USA. Sein kompositorisches Schaffen umfasst ein Chorwerk, Opern, Symphonische Dichtungen u.a.<\/p>\n<p>+ Wichtig: F\u00fcr unsere Kunden in der EU erfolgt der Versand alle 14 Tage verzollt ab Deutschland \/ Postbank-Konto in Deutschland vorhanden +<\/p>\n<p><strong>Bestellnummer<\/strong>: 245AG<\/p>\n<p><span class=\"schlagwort\">Portraits \u2013 Portr\u00e4ts, Fotografie &#8211; Photographie \/ Photography, Komponistin &#8211; Komponist \/ Composer, Musik \/ Music<\/span><\/p>\n","protected":false},"excerpt":{"rendered":"<p>   Montemezzi, Italo (1875-1952): Italienischer Komponist.<\/p>\n","protected":false},"featured_media":3045209,"comment_status":"closed","ping_status":"open","template":"","meta":[],"product_brand":[],"product_cat":[157],"product_tag":[],"class_list":{"0":"post-1652","1":"product","2":"type-product","3":"status-publish","4":"has-post-thumbnail","6":"product_cat-portraits-portraets","8":"first","9":"instock","10":"purchasable","11":"product-type-simple"},"aioseo_notices":[],"_links":{"self":[{"href":"https:\/\/www.eosart.ch\/en\/wp-json\/wp\/v2\/product\/1652","targetHints":{"allow":["GET"]}}],"collection":[{"href":"https:\/\/www.eosart.ch\/en\/wp-json\/wp\/v2\/product"}],"about":[{"href":"https:\/\/www.eosart.ch\/en\/wp-json\/wp\/v2\/types\/product"}],"replies":[{"embeddable":true,"href":"https:\/\/www.eosart.ch\/en\/wp-json\/wp\/v2\/comments?post=1652"}],"wp:featuredmedia":[{"embeddable":true,"href":"https:\/\/www.eosart.ch\/en\/wp-json\/wp\/v2\/media\/3045209"}],"wp:attachment":[{"href":"https:\/\/www.eosart.ch\/en\/wp-json\/wp\/v2\/media?parent=1652"}],"wp:term":[{"taxonomy":"product_brand","embeddable":true,"href":"https:\/\/www.eosart.ch\/en\/wp-json\/wp\/v2\/product_brand?post=1652"},{"taxonomy":"product_cat","embeddable":true,"href":"https:\/\/www.eosart.ch\/en\/wp-json\/wp\/v2\/product_cat?post=1652"},{"taxonomy":"product_tag","embeddable":true,"href":"https:\/\/www.eosart.ch\/en\/wp-json\/wp\/v2\/product_tag?post=1652"}],"curies":[{"name":"wp","href":"https:\/\/api.w.org\/{rel}","templated":true}]}}