{"id":1639,"date":"2026-04-16T01:04:02","date_gmt":"2026-04-15T23:04:02","guid":{"rendered":"http:\/\/eosart.ch.w0153304.kasserver.com\/produkt\/messager-andre-charles-prosper-1853-1929-franzoesischer-komponist\/"},"modified":"2026-04-16T01:04:24","modified_gmt":"2026-04-15T23:04:24","slug":"messager-andre-charles-prosper-1853-1929-franzoesischer-komponist","status":"publish","type":"product","link":"https:\/\/www.eosart.ch\/en\/produkt\/messager-andre-charles-prosper-1853-1929-franzoesischer-komponist\/","title":{"rendered":"Messager, Andr\u00e9 Charles Prosper (1853-1929): Franz\u00f6sischer Komponist."},"content":{"rendered":"<p> \u00a0\u00a0 Messager, Andr\u00e9 Charles Prosper (1853-1929): Franz\u00f6sischer Komponist.\u00a0 Paris, Henri Manuel, (um 1890). Photographie (Portrait). Format: Kabinettkarte.<br \/>\nMessager war an der Niedermeyerschen Kirchenmusikschule in Paris. Er studierte auch einige Zeit bei Saint-Sa\u00ebns. Nachdem er als Chororganist an Saint-Sulpice in Paris und als Kapellmeister am Eden-Theater in Br\u00fcssel gearbeitet hatte, war er an verschiedenen Kirchen in Paris t\u00e4tig. Als Directeur g\u00e9n\u00e9ral der Op\u00e9ra Comique dirigierte er 1902 die Urauff\u00fchrung von Debussys &#8220;Peleas et M\u00e9lisande&#8221;. Sein kompositorisches Schaffen umfasst zahlreiche B\u00fchnenst\u00fccke aber auch Romanzen, Chansons, Violinst\u00fccke u.a.<\/p>\n<p>+ Wichtig: F\u00fcr unsere Kunden in der EU erfolgt der Versand alle 14 Tage verzollt ab Deutschland \/ Postbank-Konto in Deutschland vorhanden +<\/p>\n<p><strong>Bestellnummer<\/strong>: 247AG<\/p>\n<p><span class=\"schlagwort\">Portraits \u2013 Portr\u00e4ts, Fotografie &#8211; Photographie \/ Photography, Komponistin &#8211; Komponist \/ Composer, Musik \/ Music<\/span><\/p>\n","protected":false},"excerpt":{"rendered":"<p>   Messager, Andr\u00e9 Charles Prosper (1853-1929): Franz\u00f6sischer Komponist.<\/p>\n","protected":false},"featured_media":0,"comment_status":"closed","ping_status":"open","template":"","meta":[],"product_brand":[],"product_cat":[157],"product_tag":[],"class_list":{"0":"post-1639","1":"product","2":"type-product","3":"status-publish","5":"product_cat-portraits-portraets","7":"first","8":"instock","9":"purchasable","10":"product-type-simple"},"aioseo_notices":[],"_links":{"self":[{"href":"https:\/\/www.eosart.ch\/en\/wp-json\/wp\/v2\/product\/1639","targetHints":{"allow":["GET"]}}],"collection":[{"href":"https:\/\/www.eosart.ch\/en\/wp-json\/wp\/v2\/product"}],"about":[{"href":"https:\/\/www.eosart.ch\/en\/wp-json\/wp\/v2\/types\/product"}],"replies":[{"embeddable":true,"href":"https:\/\/www.eosart.ch\/en\/wp-json\/wp\/v2\/comments?post=1639"}],"wp:attachment":[{"href":"https:\/\/www.eosart.ch\/en\/wp-json\/wp\/v2\/media?parent=1639"}],"wp:term":[{"taxonomy":"product_brand","embeddable":true,"href":"https:\/\/www.eosart.ch\/en\/wp-json\/wp\/v2\/product_brand?post=1639"},{"taxonomy":"product_cat","embeddable":true,"href":"https:\/\/www.eosart.ch\/en\/wp-json\/wp\/v2\/product_cat?post=1639"},{"taxonomy":"product_tag","embeddable":true,"href":"https:\/\/www.eosart.ch\/en\/wp-json\/wp\/v2\/product_tag?post=1639"}],"curies":[{"name":"wp","href":"https:\/\/api.w.org\/{rel}","templated":true}]}}