{"id":1628,"date":"2026-05-03T00:59:23","date_gmt":"2026-05-02T22:59:23","guid":{"rendered":"http:\/\/eosart.ch.w0153304.kasserver.com\/produkt\/massys-quentin-1466-1530-niederlaendischer-maler\/"},"modified":"2026-05-03T01:00:29","modified_gmt":"2026-05-02T23:00:29","slug":"massys-quentin-1466-1530-niederlaendischer-maler","status":"publish","type":"product","link":"https:\/\/www.eosart.ch\/en\/produkt\/massys-quentin-1466-1530-niederlaendischer-maler\/","title":{"rendered":"Massys, Quentin  (1466-1530): Niederl\u00e4ndischer Maler."},"content":{"rendered":"<p> \u00a0\u00a0 Massys, Quentin  (1466-1530): Niederl\u00e4ndischer Maler.\u00a0 O.J. (um 1700). Kupferstich. Bildgr\u00f6sse: 15,8 x 13,4 cm. Blattgr\u00f6sse: 32,5 x 18,8 cm.<br \/>\nBis zum Bildrand beschnitten, auf Papier montiert, Papier mit alten handschriftlichen Angaben zum K\u00fcnstler.<\/p>\n<p>+ Wichtig: F\u00fcr unsere Kunden in der EU erfolgt der Versand alle 14 Tage verzollt ab Deutschland \/ Postbank-Konto in Deutschland vorhanden +<\/p>\n<p><strong>Bestellnummer<\/strong>: 1051AG<\/p>\n<p><span class=\"schlagwort\">Portraits \u2013 Portr\u00e4ts, K\u00fcnstlerin &#8211; K\u00fcnstler \/ Artist, Kupferstich \/ Copper engraving<\/span><\/p>\n","protected":false},"excerpt":{"rendered":"<p>   Massys, Quentin  (1466-1530): Niederl\u00e4ndischer Maler.<\/p>\n","protected":false},"featured_media":0,"comment_status":"closed","ping_status":"open","template":"","meta":[],"product_brand":[],"product_cat":[157],"product_tag":[],"class_list":{"0":"post-1628","1":"product","2":"type-product","3":"status-publish","5":"product_cat-portraits-portraets","7":"first","8":"instock","9":"purchasable","10":"product-type-simple"},"aioseo_notices":[],"_links":{"self":[{"href":"https:\/\/www.eosart.ch\/en\/wp-json\/wp\/v2\/product\/1628","targetHints":{"allow":["GET"]}}],"collection":[{"href":"https:\/\/www.eosart.ch\/en\/wp-json\/wp\/v2\/product"}],"about":[{"href":"https:\/\/www.eosart.ch\/en\/wp-json\/wp\/v2\/types\/product"}],"replies":[{"embeddable":true,"href":"https:\/\/www.eosart.ch\/en\/wp-json\/wp\/v2\/comments?post=1628"}],"wp:attachment":[{"href":"https:\/\/www.eosart.ch\/en\/wp-json\/wp\/v2\/media?parent=1628"}],"wp:term":[{"taxonomy":"product_brand","embeddable":true,"href":"https:\/\/www.eosart.ch\/en\/wp-json\/wp\/v2\/product_brand?post=1628"},{"taxonomy":"product_cat","embeddable":true,"href":"https:\/\/www.eosart.ch\/en\/wp-json\/wp\/v2\/product_cat?post=1628"},{"taxonomy":"product_tag","embeddable":true,"href":"https:\/\/www.eosart.ch\/en\/wp-json\/wp\/v2\/product_tag?post=1628"}],"curies":[{"name":"wp","href":"https:\/\/api.w.org\/{rel}","templated":true}]}}