{"id":1627,"date":"2026-05-03T00:59:23","date_gmt":"2026-05-02T22:59:23","guid":{"rendered":"http:\/\/eosart.ch.w0153304.kasserver.com\/produkt\/massenet-jules-emile-frederic-1842-1912-franzoesischer-komponist-3\/"},"modified":"2026-05-03T01:00:25","modified_gmt":"2026-05-02T23:00:25","slug":"massenet-jules-emile-frederic-1842-1912-franzoesischer-komponist-2","status":"publish","type":"product","link":"https:\/\/www.eosart.ch\/en\/produkt\/massenet-jules-emile-frederic-1842-1912-franzoesischer-komponist-2\/","title":{"rendered":"Massenet, Jules Emile Fr\u00e9d\u00e9ric  (1842-1912): Franz\u00f6sischer Komponist."},"content":{"rendered":"<p> \u00a0\u00a0 Massenet, Jules Emile Fr\u00e9d\u00e9ric  (1842-1912): Franz\u00f6sischer Komponist.\u00a0 O.J. (um 1900). Farb. Zeitungsillustr. Blattgr\u00f6sse: 37 x 25 cm.<br \/>\n+ Wichtig: F\u00fcr unsere Kunden in der EU erfolgt der Versand alle 14 Tage verzollt ab Deutschland \/ Postbank-Konto in Deutschland vorhanden +<\/p>\n<p><strong>Bestellnummer<\/strong>: 228CG<\/p>\n<p><span class=\"schlagwort\">Portraits \u2013 Portr\u00e4ts, Komponistin &#8211; Komponist \/ Composer, Musik \/ Music<\/span><\/p>\n","protected":false},"excerpt":{"rendered":"<p>   Massenet, Jules Emile Fr\u00e9d\u00e9ric  (1842-1912): Franz\u00f6sischer Komponist.<\/p>\n","protected":false},"featured_media":3065106,"comment_status":"closed","ping_status":"open","template":"","meta":[],"product_brand":[],"product_cat":[157],"product_tag":[],"class_list":{"0":"post-1627","1":"product","2":"type-product","3":"status-publish","4":"has-post-thumbnail","6":"product_cat-portraits-portraets","8":"first","9":"instock","10":"purchasable","11":"product-type-simple"},"aioseo_notices":[],"_links":{"self":[{"href":"https:\/\/www.eosart.ch\/en\/wp-json\/wp\/v2\/product\/1627","targetHints":{"allow":["GET"]}}],"collection":[{"href":"https:\/\/www.eosart.ch\/en\/wp-json\/wp\/v2\/product"}],"about":[{"href":"https:\/\/www.eosart.ch\/en\/wp-json\/wp\/v2\/types\/product"}],"replies":[{"embeddable":true,"href":"https:\/\/www.eosart.ch\/en\/wp-json\/wp\/v2\/comments?post=1627"}],"wp:featuredmedia":[{"embeddable":true,"href":"https:\/\/www.eosart.ch\/en\/wp-json\/wp\/v2\/media\/3065106"}],"wp:attachment":[{"href":"https:\/\/www.eosart.ch\/en\/wp-json\/wp\/v2\/media?parent=1627"}],"wp:term":[{"taxonomy":"product_brand","embeddable":true,"href":"https:\/\/www.eosart.ch\/en\/wp-json\/wp\/v2\/product_brand?post=1627"},{"taxonomy":"product_cat","embeddable":true,"href":"https:\/\/www.eosart.ch\/en\/wp-json\/wp\/v2\/product_cat?post=1627"},{"taxonomy":"product_tag","embeddable":true,"href":"https:\/\/www.eosart.ch\/en\/wp-json\/wp\/v2\/product_tag?post=1627"}],"curies":[{"name":"wp","href":"https:\/\/api.w.org\/{rel}","templated":true}]}}